{"id":27464,"date":"2025-11-26T17:52:28","date_gmt":"2025-11-26T22:52:28","guid":{"rendered":"https:\/\/perfectmass.net\/uncategorized\/embudo-macroblends\/"},"modified":"2026-04-23T13:16:57","modified_gmt":"2026-04-23T18:16:57","slug":"embudo-macroblends","status":"publish","type":"product","link":"https:\/\/perfectmass.net\/latam\/uncategorized\/embudo-macroblends\/","title":{"rendered":"Embudo Macroblends"},"content":{"rendered":"<h2>Embudo Macroblends<\/h2>\n<p>Accesorio deportivo de calidad dise\u00f1ado para complementar tu entrenamiento y facilitar el consumo de suplementos.<\/p>\n<div id=\"attachment_14959\" style=\"width: 310px\" class=\"wp-caption alignnone\"><img fetchpriority=\"high\" decoding=\"async\" aria-describedby=\"caption-attachment-14959\" class=\"size-medium wp-image-14959\" src=\"https:\/\/perfectmass.net\/wp-content\/uploads\/2025\/11\/Embudo-Blanco-macroblends-300x300.webp\" alt=\"Embudo Macroblends - Accesorios Macroblends\" width=\"300\" height=\"300\" title=\"\" srcset=\"https:\/\/perfectmass.net\/wp-content\/uploads\/2025\/11\/Embudo-Blanco-macroblends-300x300.webp 300w, https:\/\/perfectmass.net\/wp-content\/uploads\/2025\/11\/Embudo-Blanco-macroblends-150x150.webp 150w, https:\/\/perfectmass.net\/wp-content\/uploads\/2025\/11\/Embudo-Blanco-macroblends-768x768.webp 768w, https:\/\/perfectmass.net\/wp-content\/uploads\/2025\/11\/Embudo-Blanco-macroblends-445x445.webp 445w, https:\/\/perfectmass.net\/wp-content\/uploads\/2025\/11\/Embudo-Blanco-macroblends-100x100.webp 100w, https:\/\/perfectmass.net\/wp-content\/uploads\/2025\/11\/Embudo-Blanco-macroblends-1x1.webp 1w, https:\/\/perfectmass.net\/wp-content\/uploads\/2025\/11\/Embudo-Blanco-macroblends-10x10.webp 10w, https:\/\/perfectmass.net\/wp-content\/uploads\/2025\/11\/Embudo-Blanco-macroblends.webp 1000w\" sizes=\"(max-width: 300px) 100vw, 300px\" \/><p id=\"caption-attachment-14959\" class=\"wp-caption-text\">Embudo <a href=\"https:\/\/macroblends.com\/\" target=\"_blank\" rel=\"noopener\">Macroblends<\/a> &#8211; Accesorios Macroblends<\/p><\/div>\n<p>&nbsp;<\/p>\n<p>Visitar <a href=\"http:\/\/perfectmass.net\/latam\/\">PerfectMass.net<\/a><\/p>\n","protected":false},"excerpt":{"rendered":"<p>Accesorio para suplementos<\/p>\n","protected":false},"featured_media":27465,"comment_status":"open","ping_status":"closed","template":"","meta":[],"etheme_brands":[{"term_id":2590,"name":"Macroblends","slug":"macroblends","term_group":0,"term_taxonomy_id":2590,"taxonomy":"brand","description":"<strong data-start=\"235\" data-end=\"260\">MacroBlends:<\/strong> es una marca reconocida por su compromiso con la calidad, la innovaci\u00f3n y el rendimiento dentro del mundo de la nutrici\u00f3n deportiva. Sus productos est\u00e1n desarrollados para ayudar a deportistas y personas activas a mejorar su recuperaci\u00f3n, aumentar su energ\u00eda y alcanzar sus objetivos de forma segura y efectiva. En PerfectMassNutrition\u00ae seleccionamos lo mejor de MacroBlends para ofrecerte suplementos confiables, con excelentes ingredientes y resultados comprobados, disponibles para toda Colombia y Latinoam\u00e9rica.","parent":0,"count":8,"filter":"raw"}],"product_brand":[2773],"product_cat":[],"product_tag":[1606],"class_list":{"0":"post-27464","1":"product","2":"type-product","3":"status-publish","4":"has-post-thumbnail","6":"brand-macroblends","7":"product_brand-macroblends","8":"product_tag-suplemento","10":"first","11":"instock","12":"sale","13":"taxable","14":"shipping-taxable","15":"purchasable","16":"product-type-variable","17":"has-default-attributes"},"_links":{"self":[{"href":"https:\/\/perfectmass.net\/latam\/wp-json\/wp\/v2\/product\/27464","targetHints":{"allow":["GET"]}}],"collection":[{"href":"https:\/\/perfectmass.net\/latam\/wp-json\/wp\/v2\/product"}],"about":[{"href":"https:\/\/perfectmass.net\/latam\/wp-json\/wp\/v2\/types\/product"}],"replies":[{"embeddable":true,"href":"https:\/\/perfectmass.net\/latam\/wp-json\/wp\/v2\/comments?post=27464"}],"version-history":[{"count":1,"href":"https:\/\/perfectmass.net\/latam\/wp-json\/wp\/v2\/product\/27464\/revisions"}],"predecessor-version":[{"id":31063,"href":"https:\/\/perfectmass.net\/latam\/wp-json\/wp\/v2\/product\/27464\/revisions\/31063"}],"wp:featuredmedia":[{"embeddable":true,"href":"https:\/\/perfectmass.net\/latam\/wp-json\/wp\/v2\/media\/27465"}],"wp:attachment":[{"href":"https:\/\/perfectmass.net\/latam\/wp-json\/wp\/v2\/media?parent=27464"}],"wp:term":[{"taxonomy":"brand","embeddable":true,"href":"https:\/\/perfectmass.net\/latam\/wp-json\/wp\/v2\/etheme_brands?post=27464"},{"taxonomy":"product_brand","embeddable":true,"href":"https:\/\/perfectmass.net\/latam\/wp-json\/wp\/v2\/product_brand?post=27464"},{"taxonomy":"product_cat","embeddable":true,"href":"https:\/\/perfectmass.net\/latam\/wp-json\/wp\/v2\/product_cat?post=27464"},{"taxonomy":"product_tag","embeddable":true,"href":"https:\/\/perfectmass.net\/latam\/wp-json\/wp\/v2\/product_tag?post=27464"}],"curies":[{"name":"wp","href":"https:\/\/api.w.org\/{rel}","templated":true}]}}