{"id":27454,"date":"2025-11-26T17:52:29","date_gmt":"2025-11-26T22:52:29","guid":{"rendered":"https:\/\/perfectmass.net\/uncategorized\/macroblends-rm-preworkout\/"},"modified":"2026-05-02T04:51:01","modified_gmt":"2026-05-02T09:51:01","slug":"macroblends-rm-preworkout","status":"publish","type":"product","link":"https:\/\/perfectmass.net\/latam\/nutricion\/entreno\/pre\/macroblends-rm-preworkout\/","title":{"rendered":"RM Preworkout &#8211; Macroblends"},"content":{"rendered":"<p>MACROBLENDS RM PREWORKOUT es un pre-entrenamiento formulado para proporcionar energ\u00eda y enfoque durante tus entrenamientos. Contiene ingredientes que mejoran el rendimiento y la resistencia. Presentaci\u00f3n: 30 SERVICIOS.<\/p>\n","protected":false},"excerpt":{"rendered":"<p>Pre-entreno energ\u00e9tico<\/p>\n","protected":false},"featured_media":27455,"comment_status":"open","ping_status":"closed","template":"","meta":[],"etheme_brands":[{"term_id":2590,"name":"Macroblends","slug":"macroblends","term_group":0,"term_taxonomy_id":2590,"taxonomy":"brand","description":"<strong data-start=\"235\" data-end=\"260\">MacroBlends:<\/strong> es una marca reconocida por su compromiso con la calidad, la innovaci\u00f3n y el rendimiento dentro del mundo de la nutrici\u00f3n deportiva. Sus productos est\u00e1n desarrollados para ayudar a deportistas y personas activas a mejorar su recuperaci\u00f3n, aumentar su energ\u00eda y alcanzar sus objetivos de forma segura y efectiva. En PerfectMassNutrition\u00ae seleccionamos lo mejor de MacroBlends para ofrecerte suplementos confiables, con excelentes ingredientes y resultados comprobados, disponibles para toda Colombia y Latinoam\u00e9rica.","parent":0,"count":8,"filter":"raw"}],"product_brand":[2773],"product_cat":[3717],"product_tag":[1599],"class_list":{"0":"post-27454","1":"product","2":"type-product","3":"status-publish","4":"has-post-thumbnail","6":"brand-macroblends","7":"product_brand-macroblends","8":"product_cat-pre","9":"product_tag-pre-entreno","11":"first","12":"instock","13":"sale","14":"taxable","15":"shipping-taxable","16":"purchasable","17":"product-type-variable","18":"has-default-attributes"},"_links":{"self":[{"href":"https:\/\/perfectmass.net\/latam\/wp-json\/wp\/v2\/product\/27454","targetHints":{"allow":["GET"]}}],"collection":[{"href":"https:\/\/perfectmass.net\/latam\/wp-json\/wp\/v2\/product"}],"about":[{"href":"https:\/\/perfectmass.net\/latam\/wp-json\/wp\/v2\/types\/product"}],"replies":[{"embeddable":true,"href":"https:\/\/perfectmass.net\/latam\/wp-json\/wp\/v2\/comments?post=27454"}],"version-history":[{"count":1,"href":"https:\/\/perfectmass.net\/latam\/wp-json\/wp\/v2\/product\/27454\/revisions"}],"predecessor-version":[{"id":31057,"href":"https:\/\/perfectmass.net\/latam\/wp-json\/wp\/v2\/product\/27454\/revisions\/31057"}],"wp:featuredmedia":[{"embeddable":true,"href":"https:\/\/perfectmass.net\/latam\/wp-json\/wp\/v2\/media\/27455"}],"wp:attachment":[{"href":"https:\/\/perfectmass.net\/latam\/wp-json\/wp\/v2\/media?parent=27454"}],"wp:term":[{"taxonomy":"brand","embeddable":true,"href":"https:\/\/perfectmass.net\/latam\/wp-json\/wp\/v2\/etheme_brands?post=27454"},{"taxonomy":"product_brand","embeddable":true,"href":"https:\/\/perfectmass.net\/latam\/wp-json\/wp\/v2\/product_brand?post=27454"},{"taxonomy":"product_cat","embeddable":true,"href":"https:\/\/perfectmass.net\/latam\/wp-json\/wp\/v2\/product_cat?post=27454"},{"taxonomy":"product_tag","embeddable":true,"href":"https:\/\/perfectmass.net\/latam\/wp-json\/wp\/v2\/product_tag?post=27454"}],"curies":[{"name":"wp","href":"https:\/\/api.w.org\/{rel}","templated":true}]}}