{"id":27342,"date":"2025-11-26T17:52:30","date_gmt":"2025-11-26T22:52:30","guid":{"rendered":"https:\/\/perfectmass.net\/uncategorized\/nutrex-eaa-hydration\/"},"modified":"2026-05-02T04:50:41","modified_gmt":"2026-05-02T09:50:41","slug":"nutrex-eaa-hydration","status":"publish","type":"product","link":"https:\/\/perfectmass.net\/latam\/nutricion\/aminos\/eaa\/nutrex-eaa-hydration\/","title":{"rendered":"Eaa + Hydration &#8211; NutreX"},"content":{"rendered":"<p><strong>Eaa + Hydration &#8211; NutreX<\/strong><\/p>\n<p>Aporte de amino\u00e1cidos pensado para optimizar recuperaci\u00f3n, resistencia y soporte muscular antes, durante o despu\u00e9s del entrenamiento.<\/p>\n","protected":false},"excerpt":{"rendered":"<p>Amino\u00e1cidos clave para rendir y recuperarte mejor.<\/p>\n","protected":false},"featured_media":27344,"comment_status":"open","ping_status":"closed","template":"","meta":[],"etheme_brands":[{"term_id":2609,"name":"NutreX","slug":"nutrex","term_group":0,"term_taxonomy_id":2609,"taxonomy":"brand","description":"<strong data-start=\"235\" data-end=\"260\">Nutrex:<\/strong> es una marca reconocida por su compromiso con la calidad, la innovaci\u00f3n y el rendimiento dentro del mundo de la nutrici\u00f3n deportiva. Sus productos est\u00e1n desarrollados para ayudar a deportistas y personas activas a mejorar su recuperaci\u00f3n, aumentar su energ\u00eda y alcanzar sus objetivos de forma segura y efectiva. En PerfectMassNutrition\u00ae seleccionamos lo mejor de Nutrex para ofrecerte suplementos confiables, con excelentes ingredientes y resultados comprobados, disponibles para toda Colombia y Latinoam\u00e9rica.","parent":0,"count":23,"filter":"raw"}],"product_brand":[2711],"product_cat":[3704],"product_tag":[1606],"class_list":{"0":"post-27342","1":"product","2":"type-product","3":"status-publish","4":"has-post-thumbnail","6":"brand-nutrex","7":"product_brand-nutrex","8":"product_cat-eaa","9":"product_tag-suplemento","11":"first","12":"instock","13":"sale","14":"taxable","15":"shipping-taxable","16":"purchasable","17":"product-type-variable","18":"has-default-attributes"},"_links":{"self":[{"href":"https:\/\/perfectmass.net\/latam\/wp-json\/wp\/v2\/product\/27342","targetHints":{"allow":["GET"]}}],"collection":[{"href":"https:\/\/perfectmass.net\/latam\/wp-json\/wp\/v2\/product"}],"about":[{"href":"https:\/\/perfectmass.net\/latam\/wp-json\/wp\/v2\/types\/product"}],"replies":[{"embeddable":true,"href":"https:\/\/perfectmass.net\/latam\/wp-json\/wp\/v2\/comments?post=27342"}],"version-history":[{"count":1,"href":"https:\/\/perfectmass.net\/latam\/wp-json\/wp\/v2\/product\/27342\/revisions"}],"predecessor-version":[{"id":31005,"href":"https:\/\/perfectmass.net\/latam\/wp-json\/wp\/v2\/product\/27342\/revisions\/31005"}],"wp:featuredmedia":[{"embeddable":true,"href":"https:\/\/perfectmass.net\/latam\/wp-json\/wp\/v2\/media\/27344"}],"wp:attachment":[{"href":"https:\/\/perfectmass.net\/latam\/wp-json\/wp\/v2\/media?parent=27342"}],"wp:term":[{"taxonomy":"brand","embeddable":true,"href":"https:\/\/perfectmass.net\/latam\/wp-json\/wp\/v2\/etheme_brands?post=27342"},{"taxonomy":"product_brand","embeddable":true,"href":"https:\/\/perfectmass.net\/latam\/wp-json\/wp\/v2\/product_brand?post=27342"},{"taxonomy":"product_cat","embeddable":true,"href":"https:\/\/perfectmass.net\/latam\/wp-json\/wp\/v2\/product_cat?post=27342"},{"taxonomy":"product_tag","embeddable":true,"href":"https:\/\/perfectmass.net\/latam\/wp-json\/wp\/v2\/product_tag?post=27342"}],"curies":[{"name":"wp","href":"https:\/\/api.w.org\/{rel}","templated":true}]}}