{"id":27030,"date":"2025-11-26T17:52:30","date_gmt":"2025-11-26T22:52:30","guid":{"rendered":"https:\/\/perfectmass.net\/uncategorized\/legend-creapure-creatina-fit-mafia\/"},"modified":"2026-04-23T13:16:11","modified_gmt":"2026-04-23T18:16:11","slug":"legend-creapure-creatina-fit-mafia","status":"publish","type":"product","link":"https:\/\/perfectmass.net\/latam\/nutricion\/creatina\/monohidratada\/legend-creapure-creatina-fit-mafia\/","title":{"rendered":"Legend Creapure\u00ae &#8211; Creatina Fit Mafia"},"content":{"rendered":"<h2>Legend Creapure\u00ae &#8211; Creatina Fit Mafia<\/h2>\n<p>Creatina de alta pureza formulada para favorecer la fuerza, la potencia y el rendimiento en ejercicios de alta intensidad.<\/p>\n<p>LEGEND es la combinaci\u00f3n de Polidextrosa y \u00c1cido \u03b1 -Metil Guanido-Ac\u00e9tico, m\u00e1s conocido como Creatina; en esta presentaci\u00f3n nuestro monohidrato de creatina contiene la mol\u00e9cula original del laboratorio CREAPURE\u00ae a raz\u00f3n de 5g por servicio.<\/p>\n<div id=\"attachment_21849\" style=\"width: 310px\" class=\"wp-caption alignnone\"><img fetchpriority=\"high\" decoding=\"async\" aria-describedby=\"caption-attachment-21849\" class=\"size-medium wp-image-21849\" src=\"https:\/\/perfectmass.net\/wp-content\/uploads\/2025\/11\/LEGEND-NATURAL-300x300.webp\" alt=\"Legend Creapure\u00ae - Creatina Fit Mafia\" width=\"300\" height=\"300\" title=\"\" srcset=\"https:\/\/perfectmass.net\/wp-content\/uploads\/2025\/11\/LEGEND-NATURAL-300x300.webp 300w, https:\/\/perfectmass.net\/wp-content\/uploads\/2025\/11\/LEGEND-NATURAL-150x150.webp 150w, https:\/\/perfectmass.net\/wp-content\/uploads\/2025\/11\/LEGEND-NATURAL-445x445.webp 445w, https:\/\/perfectmass.net\/wp-content\/uploads\/2025\/11\/LEGEND-NATURAL-100x100.webp 100w, https:\/\/perfectmass.net\/wp-content\/uploads\/2025\/11\/LEGEND-NATURAL-1x1.webp 1w, https:\/\/perfectmass.net\/wp-content\/uploads\/2025\/11\/LEGEND-NATURAL-10x10.webp 10w, https:\/\/perfectmass.net\/wp-content\/uploads\/2025\/11\/LEGEND-NATURAL.webp 600w\" sizes=\"(max-width: 300px) 100vw, 300px\" \/><p id=\"caption-attachment-21849\" class=\"wp-caption-text\">Legend Creapure\u00ae &#8211; Creatina <a href=\"https:\/\/fitmafiasupps.com\/\" target=\"_blank\" rel=\"noopener\">Fit Mafia<\/a><\/p><\/div>\n<p>Visitar <a href=\"http:\/\/PerfectMass.net\" target=\"_blank\" rel=\"noopener\">PerfectMass.net<\/a><\/p>\n","protected":false},"excerpt":{"rendered":"<p>Creatina pura para fuerza, potencia y rendimiento muscular.<\/p>\n","protected":false},"featured_media":27032,"comment_status":"open","ping_status":"closed","template":"","meta":[],"etheme_brands":[{"term_id":2544,"name":"Fit Mafia","slug":"fit-mafia","term_group":0,"term_taxonomy_id":2544,"taxonomy":"brand","description":"","parent":0,"count":4,"filter":"raw"}],"product_brand":[2697],"product_cat":[1603,1604,1501,1605],"product_tag":[1606],"class_list":{"0":"post-27030","1":"product","2":"type-product","3":"status-publish","4":"has-post-thumbnail","6":"brand-fit-mafia","7":"product_brand-fit-mafia","8":"product_cat-creatina","9":"product_cat-monohidratada","10":"product_cat-nutricion","11":"product_cat-suplementos","12":"product_tag-suplemento","14":"first","15":"instock","16":"sale","17":"taxable","18":"shipping-taxable","19":"purchasable","20":"product-type-variable"},"_links":{"self":[{"href":"https:\/\/perfectmass.net\/latam\/wp-json\/wp\/v2\/product\/27030","targetHints":{"allow":["GET"]}}],"collection":[{"href":"https:\/\/perfectmass.net\/latam\/wp-json\/wp\/v2\/product"}],"about":[{"href":"https:\/\/perfectmass.net\/latam\/wp-json\/wp\/v2\/types\/product"}],"replies":[{"embeddable":true,"href":"https:\/\/perfectmass.net\/latam\/wp-json\/wp\/v2\/comments?post=27030"}],"version-history":[{"count":1,"href":"https:\/\/perfectmass.net\/latam\/wp-json\/wp\/v2\/product\/27030\/revisions"}],"predecessor-version":[{"id":30967,"href":"https:\/\/perfectmass.net\/latam\/wp-json\/wp\/v2\/product\/27030\/revisions\/30967"}],"wp:featuredmedia":[{"embeddable":true,"href":"https:\/\/perfectmass.net\/latam\/wp-json\/wp\/v2\/media\/27032"}],"wp:attachment":[{"href":"https:\/\/perfectmass.net\/latam\/wp-json\/wp\/v2\/media?parent=27030"}],"wp:term":[{"taxonomy":"brand","embeddable":true,"href":"https:\/\/perfectmass.net\/latam\/wp-json\/wp\/v2\/etheme_brands?post=27030"},{"taxonomy":"product_brand","embeddable":true,"href":"https:\/\/perfectmass.net\/latam\/wp-json\/wp\/v2\/product_brand?post=27030"},{"taxonomy":"product_cat","embeddable":true,"href":"https:\/\/perfectmass.net\/latam\/wp-json\/wp\/v2\/product_cat?post=27030"},{"taxonomy":"product_tag","embeddable":true,"href":"https:\/\/perfectmass.net\/latam\/wp-json\/wp\/v2\/product_tag?post=27030"}],"curies":[{"name":"wp","href":"https:\/\/api.w.org\/{rel}","templated":true}]}}