{"id":26972,"date":"2025-11-26T17:52:31","date_gmt":"2025-11-26T22:52:31","guid":{"rendered":"https:\/\/perfectmass.net\/uncategorized\/hi-tech-hmb\/"},"modified":"2026-04-23T13:16:03","modified_gmt":"2026-04-23T18:16:03","slug":"hi-tech-hmb","status":"publish","type":"product","link":"https:\/\/perfectmass.net\/latam\/uncategorized\/hi-tech-hmb\/","title":{"rendered":"HMB &#8211; Testosterona Hi-Tech"},"content":{"rendered":"<p>Nutrex HMB (Hydroxy Methylbutyrate) es un metab\u00f3lito de la leucina que ha demostrado ser extremadamente efectivo para reducir la degradaci\u00f3n de prote\u00edna muscular. HMB trabaja inhibiendo la v\u00eda proteasoma, que es el sistema que descompone prote\u00edna muscular durante estados catab\u00f3licos. 1000mg por c\u00e1psula es la dosis cl\u00ednicamente probada que maximiza los beneficios. HMB es especialmente poderoso durante dietas estrictas donde est\u00e1s en d\u00e9ficit cal\u00f3rico y tu cuerpo est\u00e1 m\u00e1s propenso a degradar m\u00fasculo para energ\u00eda. Conserva m\u00fasculo durante dieta de forma dram\u00e1tica. Los estudios demuestran que HMB puede reducir la degradaci\u00f3n de prote\u00edna hasta en un 40%, preservando tu masa magra incluso en d\u00e9ficits cal\u00f3ricos severos. Este anti-catab\u00f3lico potente es esencial para atletas en fase de definici\u00f3n que no quieren perder m\u00fasculo mientras pierden grasa. Tambi\u00e9n acelera la recuperaci\u00f3n muscular post-entrenamiento al reducir el da\u00f1o muscular. Los efectos son acumulativos &#8211; cuanto m\u00e1s consistentemente lo uses, mejores resultados. Ideal para usarlo durante protocolos de p\u00e9rdida de grasa para preservar masa muscular m\u00e1xima. Calidad Nutrex verificada. Importado desde USA. Conserva lo que construiste.<\/p>\n","protected":false},"excerpt":{"rendered":"<p>HMB anticatab\u00f3lico<\/p>\n","protected":false},"featured_media":26973,"comment_status":"open","ping_status":"closed","template":"","meta":[],"etheme_brands":[{"term_id":2568,"name":"Hi-Tech","slug":"hi-tech","term_group":0,"term_taxonomy_id":2568,"taxonomy":"brand","description":"<strong data-start=\"235\" data-end=\"260\">Hi-Tech:<\/strong> es una marca reconocida por su compromiso con la calidad, la innovaci\u00f3n y el rendimiento dentro del mundo de la nutrici\u00f3n deportiva. Sus productos est\u00e1n desarrollados para ayudar a deportistas y personas activas a mejorar su recuperaci\u00f3n, aumentar su energ\u00eda y alcanzar sus objetivos de forma segura y efectiva. En PerfectMassNutrition\u00ae seleccionamos lo mejor de Hi-Tech para ofrecerte suplementos confiables, con excelentes ingredientes y resultados comprobados, disponibles para toda Colombia y Latinoam\u00e9rica.","parent":0,"count":18,"filter":"raw"}],"product_brand":[2785],"product_cat":[],"product_tag":[1606],"class_list":{"0":"post-26972","1":"product","2":"type-product","3":"status-publish","4":"has-post-thumbnail","6":"brand-hi-tech","7":"product_brand-hi-tech","8":"product_tag-suplemento","10":"first","11":"instock","12":"sale","13":"taxable","14":"shipping-taxable","15":"purchasable","16":"product-type-variable","17":"has-default-attributes"},"_links":{"self":[{"href":"https:\/\/perfectmass.net\/latam\/wp-json\/wp\/v2\/product\/26972","targetHints":{"allow":["GET"]}}],"collection":[{"href":"https:\/\/perfectmass.net\/latam\/wp-json\/wp\/v2\/product"}],"about":[{"href":"https:\/\/perfectmass.net\/latam\/wp-json\/wp\/v2\/types\/product"}],"replies":[{"embeddable":true,"href":"https:\/\/perfectmass.net\/latam\/wp-json\/wp\/v2\/comments?post=26972"}],"version-history":[{"count":1,"href":"https:\/\/perfectmass.net\/latam\/wp-json\/wp\/v2\/product\/26972\/revisions"}],"predecessor-version":[{"id":30925,"href":"https:\/\/perfectmass.net\/latam\/wp-json\/wp\/v2\/product\/26972\/revisions\/30925"}],"wp:featuredmedia":[{"embeddable":true,"href":"https:\/\/perfectmass.net\/latam\/wp-json\/wp\/v2\/media\/26973"}],"wp:attachment":[{"href":"https:\/\/perfectmass.net\/latam\/wp-json\/wp\/v2\/media?parent=26972"}],"wp:term":[{"taxonomy":"brand","embeddable":true,"href":"https:\/\/perfectmass.net\/latam\/wp-json\/wp\/v2\/etheme_brands?post=26972"},{"taxonomy":"product_brand","embeddable":true,"href":"https:\/\/perfectmass.net\/latam\/wp-json\/wp\/v2\/product_brand?post=26972"},{"taxonomy":"product_cat","embeddable":true,"href":"https:\/\/perfectmass.net\/latam\/wp-json\/wp\/v2\/product_cat?post=26972"},{"taxonomy":"product_tag","embeddable":true,"href":"https:\/\/perfectmass.net\/latam\/wp-json\/wp\/v2\/product_tag?post=26972"}],"curies":[{"name":"wp","href":"https:\/\/api.w.org\/{rel}","templated":true}]}}