{"id":26966,"date":"2025-11-26T17:52:31","date_gmt":"2025-11-26T22:52:31","guid":{"rendered":"https:\/\/perfectmass.net\/uncategorized\/metabolic-nutrition-citrulline\/"},"modified":"2026-05-02T04:49:11","modified_gmt":"2026-05-02T09:49:11","slug":"metabolic-nutrition-citrulline","status":"publish","type":"product","link":"https:\/\/perfectmass.net\/latam\/nutricion\/aminos\/metabolic-nutrition-citrulline\/","title":{"rendered":"Citrulline &#8211; Amino\u00e1cidos Metabolic Nutrition"},"content":{"rendered":"<p><strong>Citrulline &#8211; Amino\u00e1cidos Metabolic Nutrition<\/strong><\/p>\n<p>Citrulline &#8211; Amino\u00e1cidos Metabolic Nutrition<\/p>\n<p>Complejo de amino\u00e1cidos formulado para apoyar la recuperaci\u00f3n muscular y el rendimiento durante y despu\u00e9s del entrenamiento.<\/p>\n","protected":false},"excerpt":{"rendered":"<p>Amino\u00e1cidos esenciales para recuperaci\u00f3n y rendimiento muscular.<\/p>\n","protected":false},"featured_media":26967,"comment_status":"open","ping_status":"closed","template":"","meta":[],"etheme_brands":[{"term_id":2592,"name":"Metabolic Nutrition","slug":"metabolic-nutrition","term_group":0,"term_taxonomy_id":2592,"taxonomy":"brand","description":"<strong data-start=\"235\" data-end=\"260\">Metabolic Nutrition:<\/strong> es una marca reconocida por su compromiso con la calidad, la innovaci\u00f3n y el rendimiento dentro del mundo de la nutrici\u00f3n deportiva. Sus productos est\u00e1n desarrollados para ayudar a deportistas y personas activas a mejorar su recuperaci\u00f3n, aumentar su energ\u00eda y alcanzar sus objetivos de forma segura y efectiva. En PerfectMassNutrition\u00ae seleccionamos lo mejor de Metabolic Nutrition para ofrecerte suplementos confiables, con excelentes ingredientes y resultados comprobados, disponibles para toda Colombia y Latinoam\u00e9rica.","parent":0,"count":11,"filter":"raw"}],"product_brand":[2769],"product_cat":[3679],"product_tag":[1606],"class_list":{"0":"post-26966","1":"product","2":"type-product","3":"status-publish","4":"has-post-thumbnail","6":"brand-metabolic-nutrition","7":"product_brand-metabolic-nutrition","8":"product_cat-aminos","9":"product_tag-suplemento","11":"first","12":"outofstock","13":"sale","14":"taxable","15":"shipping-taxable","16":"purchasable","17":"product-type-variable","18":"has-default-attributes"},"_links":{"self":[{"href":"https:\/\/perfectmass.net\/latam\/wp-json\/wp\/v2\/product\/26966","targetHints":{"allow":["GET"]}}],"collection":[{"href":"https:\/\/perfectmass.net\/latam\/wp-json\/wp\/v2\/product"}],"about":[{"href":"https:\/\/perfectmass.net\/latam\/wp-json\/wp\/v2\/types\/product"}],"replies":[{"embeddable":true,"href":"https:\/\/perfectmass.net\/latam\/wp-json\/wp\/v2\/comments?post=26966"}],"version-history":[{"count":1,"href":"https:\/\/perfectmass.net\/latam\/wp-json\/wp\/v2\/product\/26966\/revisions"}],"predecessor-version":[{"id":30921,"href":"https:\/\/perfectmass.net\/latam\/wp-json\/wp\/v2\/product\/26966\/revisions\/30921"}],"wp:featuredmedia":[{"embeddable":true,"href":"https:\/\/perfectmass.net\/latam\/wp-json\/wp\/v2\/media\/26967"}],"wp:attachment":[{"href":"https:\/\/perfectmass.net\/latam\/wp-json\/wp\/v2\/media?parent=26966"}],"wp:term":[{"taxonomy":"brand","embeddable":true,"href":"https:\/\/perfectmass.net\/latam\/wp-json\/wp\/v2\/etheme_brands?post=26966"},{"taxonomy":"product_brand","embeddable":true,"href":"https:\/\/perfectmass.net\/latam\/wp-json\/wp\/v2\/product_brand?post=26966"},{"taxonomy":"product_cat","embeddable":true,"href":"https:\/\/perfectmass.net\/latam\/wp-json\/wp\/v2\/product_cat?post=26966"},{"taxonomy":"product_tag","embeddable":true,"href":"https:\/\/perfectmass.net\/latam\/wp-json\/wp\/v2\/product_tag?post=26966"}],"curies":[{"name":"wp","href":"https:\/\/api.w.org\/{rel}","templated":true}]}}