{"id":26959,"date":"2025-11-26T17:52:31","date_gmt":"2025-11-26T22:52:31","guid":{"rendered":"https:\/\/perfectmass.net\/uncategorized\/omega-3-allmax\/"},"modified":"2026-04-23T13:15:59","modified_gmt":"2026-04-23T18:15:59","slug":"omega-3-allmax","status":"publish","type":"product","link":"https:\/\/perfectmass.net\/latam\/uncategorized\/omega-3-allmax\/","title":{"rendered":"Omega 3 &#8211; ALLMAX"},"content":{"rendered":"<h2>Omega 3 &#8211; ALLMAX<\/h2>\n<p>Conocidos como las grasas m\u00e1s saludables, los \u00e1cidos grasos esenciales (AGE) omega-3 aportan una amplia variedad de beneficios para la salud y el rendimiento.<\/p>\n<p>Los omega-3 se encuentran en altas concentraciones en el cerebro, ya que son esenciales para la funci\u00f3n cerebral.<\/p>\n<p>El Omega 3 de ALLMAX tiene un sabor neutralizado para reducir la experiencia de \u201crepetici\u00f3n a pescado\u201d de otras c\u00e1psulas de aceite de pescado. Producto elaborado con anchoas y sardinas capturadas en estado salvaje en las pr\u00edstinas aguas de las costas de Chile y Per\u00fa.<\/p>\n<p>Dentro de un envase negro opaco, los \u00e1cidos grasos esenciales con omega-3 de ALLMAX est\u00e1n protegidos contra la degradaci\u00f3n de la fuente de luz, lo que mantiene sus omega-3 en perfectas condiciones. Disfrute de todos los beneficios saludables sin ninguno de los inconvenientes que tienen algunas f\u00f3rmulas con los Omega-3 EFAS de ALLMAX.<\/p>\n<div id=\"attachment_17699\" style=\"width: 310px\" class=\"wp-caption alignnone\"><img fetchpriority=\"high\" decoding=\"async\" aria-describedby=\"caption-attachment-17699\" class=\"size-medium wp-image-17699\" src=\"https:\/\/perfectmass.net\/wp-content\/uploads\/2025\/11\/Allmax-Omega-3-300x300.webp\" alt=\"Omega 3 - ALLMAX\" width=\"300\" height=\"300\" title=\"\" srcset=\"https:\/\/perfectmass.net\/wp-content\/uploads\/2025\/11\/Allmax-Omega-3-300x300.webp 300w, https:\/\/perfectmass.net\/wp-content\/uploads\/2025\/11\/Allmax-Omega-3-150x150.webp 150w, https:\/\/perfectmass.net\/wp-content\/uploads\/2025\/11\/Allmax-Omega-3-445x445.webp 445w, https:\/\/perfectmass.net\/wp-content\/uploads\/2025\/11\/Allmax-Omega-3-100x100.webp 100w, https:\/\/perfectmass.net\/wp-content\/uploads\/2025\/11\/Allmax-Omega-3-1x1.webp 1w, https:\/\/perfectmass.net\/wp-content\/uploads\/2025\/11\/Allmax-Omega-3-10x10.webp 10w, https:\/\/perfectmass.net\/wp-content\/uploads\/2025\/11\/Allmax-Omega-3.webp 768w\" sizes=\"(max-width: 300px) 100vw, 300px\" \/><p id=\"caption-attachment-17699\" class=\"wp-caption-text\">Omega 3 &#8211; <a href=\"https:\/\/www.allmaxnutrition.com\/\" target=\"_blank\" rel=\"noopener\">ALLMAX<\/a><\/p><\/div>\n<p>Visitar\u00a0<a href=\"https:\/\/perfectmass.net\/latam\/\">PerfectMass.net<\/a><\/p>\n<p>&nbsp;<\/p>\n<p>&nbsp;<\/p>\n<p>&nbsp;<\/p>\n<p>&nbsp;<\/p>\n<p>&nbsp;<\/p>\n<p>&nbsp;<\/p>\n","protected":false},"excerpt":{"rendered":"<p>\u00c1cidos grasos esenciales<\/p>\n","protected":false},"featured_media":26961,"comment_status":"open","ping_status":"closed","template":"","meta":[],"etheme_brands":[{"term_id":2385,"name":"ALLMAX","slug":"allmax","term_group":0,"term_taxonomy_id":2385,"taxonomy":"brand","description":"","parent":0,"count":1,"filter":"raw"}],"product_brand":[2659],"product_cat":[],"product_tag":[1644,1645,1606],"class_list":{"0":"post-26959","1":"product","2":"type-product","3":"status-publish","4":"has-post-thumbnail","6":"brand-allmax","7":"product_brand-allmax","8":"product_tag-omega-3","9":"product_tag-salud-celebral","10":"product_tag-suplemento","12":"first","13":"instock","14":"sale","15":"taxable","16":"shipping-taxable","17":"purchasable","18":"product-type-variable","19":"has-default-attributes"},"_links":{"self":[{"href":"https:\/\/perfectmass.net\/latam\/wp-json\/wp\/v2\/product\/26959","targetHints":{"allow":["GET"]}}],"collection":[{"href":"https:\/\/perfectmass.net\/latam\/wp-json\/wp\/v2\/product"}],"about":[{"href":"https:\/\/perfectmass.net\/latam\/wp-json\/wp\/v2\/types\/product"}],"replies":[{"embeddable":true,"href":"https:\/\/perfectmass.net\/latam\/wp-json\/wp\/v2\/comments?post=26959"}],"version-history":[{"count":1,"href":"https:\/\/perfectmass.net\/latam\/wp-json\/wp\/v2\/product\/26959\/revisions"}],"predecessor-version":[{"id":30917,"href":"https:\/\/perfectmass.net\/latam\/wp-json\/wp\/v2\/product\/26959\/revisions\/30917"}],"wp:featuredmedia":[{"embeddable":true,"href":"https:\/\/perfectmass.net\/latam\/wp-json\/wp\/v2\/media\/26961"}],"wp:attachment":[{"href":"https:\/\/perfectmass.net\/latam\/wp-json\/wp\/v2\/media?parent=26959"}],"wp:term":[{"taxonomy":"brand","embeddable":true,"href":"https:\/\/perfectmass.net\/latam\/wp-json\/wp\/v2\/etheme_brands?post=26959"},{"taxonomy":"product_brand","embeddable":true,"href":"https:\/\/perfectmass.net\/latam\/wp-json\/wp\/v2\/product_brand?post=26959"},{"taxonomy":"product_cat","embeddable":true,"href":"https:\/\/perfectmass.net\/latam\/wp-json\/wp\/v2\/product_cat?post=26959"},{"taxonomy":"product_tag","embeddable":true,"href":"https:\/\/perfectmass.net\/latam\/wp-json\/wp\/v2\/product_tag?post=26959"}],"curies":[{"name":"wp","href":"https:\/\/api.w.org\/{rel}","templated":true}]}}