{"id":26854,"date":"2025-11-26T17:52:32","date_gmt":"2025-11-26T22:52:32","guid":{"rendered":"https:\/\/perfectmass.net\/uncategorized\/jnx-sports-the-omen-ripped\/"},"modified":"2026-04-23T13:15:43","modified_gmt":"2026-04-23T18:15:43","slug":"jnx-sports-the-omen-ripped","status":"publish","type":"product","link":"https:\/\/perfectmass.net\/latam\/nutricion\/suplementos\/control-peso\/perdida\/jnx-sports-the-omen-ripped\/","title":{"rendered":"The Omen Ripped &#8211; JNX Sports"},"content":{"rendered":"<p>JNX Sports The Omen Ripped es un quemador de grasa dise\u00f1ado para acelerar el metabolismo y promover la p\u00e9rdida de peso. Contiene ingredientes termog\u00e9nicos de origen natural. Presentaci\u00f3n: 100 CAPSULAS.<\/p>\n","protected":false},"excerpt":{"rendered":"<p>Quemador de grasa<\/p>\n","protected":false},"featured_media":26856,"comment_status":"open","ping_status":"closed","template":"","meta":[],"etheme_brands":[{"term_id":2583,"name":"JNX Sports","slug":"jnx-sports","term_group":0,"term_taxonomy_id":2583,"taxonomy":"brand","description":"","parent":0,"count":4,"filter":"raw"}],"product_brand":[2771],"product_cat":[1627,1623],"product_tag":[1626],"class_list":{"0":"post-26854","1":"product","2":"type-product","3":"status-publish","4":"has-post-thumbnail","6":"brand-jnx-sports","7":"product_brand-jnx-sports","8":"product_cat-control-peso","9":"product_cat-perdida","10":"product_tag-perder-peso","12":"first","13":"instock","14":"sale","15":"taxable","16":"shipping-taxable","17":"purchasable","18":"product-type-variable","19":"has-default-attributes"},"_links":{"self":[{"href":"https:\/\/perfectmass.net\/latam\/wp-json\/wp\/v2\/product\/26854","targetHints":{"allow":["GET"]}}],"collection":[{"href":"https:\/\/perfectmass.net\/latam\/wp-json\/wp\/v2\/product"}],"about":[{"href":"https:\/\/perfectmass.net\/latam\/wp-json\/wp\/v2\/types\/product"}],"replies":[{"embeddable":true,"href":"https:\/\/perfectmass.net\/latam\/wp-json\/wp\/v2\/comments?post=26854"}],"version-history":[{"count":1,"href":"https:\/\/perfectmass.net\/latam\/wp-json\/wp\/v2\/product\/26854\/revisions"}],"predecessor-version":[{"id":30851,"href":"https:\/\/perfectmass.net\/latam\/wp-json\/wp\/v2\/product\/26854\/revisions\/30851"}],"wp:featuredmedia":[{"embeddable":true,"href":"https:\/\/perfectmass.net\/latam\/wp-json\/wp\/v2\/media\/26856"}],"wp:attachment":[{"href":"https:\/\/perfectmass.net\/latam\/wp-json\/wp\/v2\/media?parent=26854"}],"wp:term":[{"taxonomy":"brand","embeddable":true,"href":"https:\/\/perfectmass.net\/latam\/wp-json\/wp\/v2\/etheme_brands?post=26854"},{"taxonomy":"product_brand","embeddable":true,"href":"https:\/\/perfectmass.net\/latam\/wp-json\/wp\/v2\/product_brand?post=26854"},{"taxonomy":"product_cat","embeddable":true,"href":"https:\/\/perfectmass.net\/latam\/wp-json\/wp\/v2\/product_cat?post=26854"},{"taxonomy":"product_tag","embeddable":true,"href":"https:\/\/perfectmass.net\/latam\/wp-json\/wp\/v2\/product_tag?post=26854"}],"curies":[{"name":"wp","href":"https:\/\/api.w.org\/{rel}","templated":true}]}}