{"id":26842,"date":"2025-11-26T17:52:32","date_gmt":"2025-11-26T22:52:32","guid":{"rendered":"https:\/\/perfectmass.net\/uncategorized\/muscletech-nitro-tech-ripped\/"},"modified":"2026-05-02T04:48:41","modified_gmt":"2026-05-02T09:48:41","slug":"muscletech-nitro-tech-ripped","status":"publish","type":"product","link":"https:\/\/perfectmass.net\/latam\/nutricion\/proteina\/whey\/muscletech-nitro-tech-ripped\/","title":{"rendered":"Nitro Tech Ripped &#8211; MuscleTech"},"content":{"rendered":"<p>MuscleTech Nitro Tech Ripped es un quemador de grasa dise\u00f1ado para acelerar el metabolismo y promover la p\u00e9rdida de peso. Contiene ingredientes termog\u00e9nicos de origen natural. Presentaci\u00f3n: 4 LIBRAS.<\/p>\n","protected":false},"excerpt":{"rendered":"<p>Quemador de grasa<\/p>\n","protected":false},"featured_media":26844,"comment_status":"open","ping_status":"closed","template":"","meta":[],"etheme_brands":[{"term_id":2598,"name":"MuscleTech","slug":"muscletech","term_group":0,"term_taxonomy_id":2598,"taxonomy":"brand","description":"<strong data-start=\"235\" data-end=\"260\">MuscleTech:<\/strong> es una marca reconocida por su compromiso con la calidad, la innovaci\u00f3n y el rendimiento dentro del mundo de la nutrici\u00f3n deportiva. Sus productos est\u00e1n desarrollados para ayudar a deportistas y personas activas a mejorar su recuperaci\u00f3n, aumentar su energ\u00eda y alcanzar sus objetivos de forma segura y efectiva. En PerfectMassNutrition\u00ae seleccionamos lo mejor de MuscleTech para ofrecerte suplementos confiables, con excelentes ingredientes y resultados comprobados, disponibles para toda Colombia y Latinoam\u00e9rica.","parent":0,"count":17,"filter":"raw"}],"product_brand":[2701],"product_cat":[3694],"product_tag":[1626],"class_list":{"0":"post-26842","1":"product","2":"type-product","3":"status-publish","4":"has-post-thumbnail","6":"brand-muscletech","7":"product_brand-muscletech","8":"product_cat-whey","9":"product_tag-perder-peso","11":"first","12":"instock","13":"sale","14":"taxable","15":"shipping-taxable","16":"purchasable","17":"product-type-variable","18":"has-default-attributes"},"_links":{"self":[{"href":"https:\/\/perfectmass.net\/latam\/wp-json\/wp\/v2\/product\/26842","targetHints":{"allow":["GET"]}}],"collection":[{"href":"https:\/\/perfectmass.net\/latam\/wp-json\/wp\/v2\/product"}],"about":[{"href":"https:\/\/perfectmass.net\/latam\/wp-json\/wp\/v2\/types\/product"}],"replies":[{"embeddable":true,"href":"https:\/\/perfectmass.net\/latam\/wp-json\/wp\/v2\/comments?post=26842"}],"version-history":[{"count":1,"href":"https:\/\/perfectmass.net\/latam\/wp-json\/wp\/v2\/product\/26842\/revisions"}],"predecessor-version":[{"id":30841,"href":"https:\/\/perfectmass.net\/latam\/wp-json\/wp\/v2\/product\/26842\/revisions\/30841"}],"wp:featuredmedia":[{"embeddable":true,"href":"https:\/\/perfectmass.net\/latam\/wp-json\/wp\/v2\/media\/26844"}],"wp:attachment":[{"href":"https:\/\/perfectmass.net\/latam\/wp-json\/wp\/v2\/media?parent=26842"}],"wp:term":[{"taxonomy":"brand","embeddable":true,"href":"https:\/\/perfectmass.net\/latam\/wp-json\/wp\/v2\/etheme_brands?post=26842"},{"taxonomy":"product_brand","embeddable":true,"href":"https:\/\/perfectmass.net\/latam\/wp-json\/wp\/v2\/product_brand?post=26842"},{"taxonomy":"product_cat","embeddable":true,"href":"https:\/\/perfectmass.net\/latam\/wp-json\/wp\/v2\/product_cat?post=26842"},{"taxonomy":"product_tag","embeddable":true,"href":"https:\/\/perfectmass.net\/latam\/wp-json\/wp\/v2\/product_tag?post=26842"}],"curies":[{"name":"wp","href":"https:\/\/api.w.org\/{rel}","templated":true}]}}