{"id":26765,"date":"2025-11-26T17:52:34","date_gmt":"2025-11-26T22:52:34","guid":{"rendered":"https:\/\/perfectmass.net\/uncategorized\/mega-gainer-gmn\/"},"modified":"2026-04-23T13:15:19","modified_gmt":"2026-04-23T18:15:19","slug":"mega-gainer-gmn","status":"publish","type":"product","link":"https:\/\/perfectmass.net\/latam\/uncategorized\/mega-gainer-gmn\/","title":{"rendered":"Mega Gainer &#8211; GMN"},"content":{"rendered":"<h2>Mega Gainer &#8211; GMN<\/h2>\n<p>Mezcla en polvo a base de prote\u00edna aislada de suero de leche para preparar bebida, sin colorantes adicionados, sin az\u00facar a\u00f1adido y sin conservantes con avena molida, almid\u00f3n de ma\u00edz ceroso (amilopectina), palatinosa, harina de arroz, harina de quinua y MCT (Triglic\u00e9ridos de cadena media), con sabor artificial a Vainilla gourmet.<\/p>\n<p>Cada porci\u00f3n preparada de\u00a0<strong>MEGA GAINER<\/strong>\u00a0te aporta:<br \/>\n\u2022 53 g.<br \/>\n\u2022 665 calor\u00edas.<br \/>\n\u2022 95 g.<\/p>\n<p><strong>Tama\u00f1o por porci\u00f3n:<\/strong>\u00a0180 g.<\/p>\n<p><strong>N\u00famero de porciones por envase:<\/strong>\u00a0Aprox. 25.<\/p>\n<p><strong>Contiene:<\/strong>\u00a0Leche (lactosa), soja, huevo y cereales con gluten. Puede contener trazas de trigo, apio, mostaza, sulfitos, nueces de \u00e1rbol y productos derivados, as\u00ed como pescados y productos elaborados con ellos.<\/p>\n<p><strong>Preparaci\u00f3n:<\/strong>\u00a0Cada porci\u00f3n de\u00a0<strong>MEGA GAINER<\/strong>\u00a0equivale a 6 cucharadas medidoras (180 g), que deben reconstruirse en 1200 ml de agua.<br \/>\nRegistro sanitario: RSA-002405-2016<\/p>\n<div id=\"attachment_21913\" style=\"width: 310px\" class=\"wp-caption alignnone\"><img fetchpriority=\"high\" decoding=\"async\" aria-describedby=\"caption-attachment-21913\" class=\"size-medium wp-image-21913\" src=\"https:\/\/perfectmass.net\/wp-content\/uploads\/2025\/11\/MEGA-GAINER-2LB-FRENTE@3x-100-1-300x300.webp\" alt=\"Mega Gainer - GMN\" width=\"300\" height=\"300\" title=\"\" srcset=\"https:\/\/perfectmass.net\/wp-content\/uploads\/2025\/11\/MEGA-GAINER-2LB-FRENTE@3x-100-1-300x300.webp 300w, https:\/\/perfectmass.net\/wp-content\/uploads\/2025\/11\/MEGA-GAINER-2LB-FRENTE@3x-100-1-1024x1024.webp 1024w, https:\/\/perfectmass.net\/wp-content\/uploads\/2025\/11\/MEGA-GAINER-2LB-FRENTE@3x-100-1-150x150.webp 150w, https:\/\/perfectmass.net\/wp-content\/uploads\/2025\/11\/MEGA-GAINER-2LB-FRENTE@3x-100-1-768x768.webp 768w, https:\/\/perfectmass.net\/wp-content\/uploads\/2025\/11\/MEGA-GAINER-2LB-FRENTE@3x-100-1-1536x1536.webp 1536w, https:\/\/perfectmass.net\/wp-content\/uploads\/2025\/11\/MEGA-GAINER-2LB-FRENTE@3x-100-1-445x445.webp 445w, https:\/\/perfectmass.net\/wp-content\/uploads\/2025\/11\/MEGA-GAINER-2LB-FRENTE@3x-100-1-100x100.webp 100w, https:\/\/perfectmass.net\/wp-content\/uploads\/2025\/11\/MEGA-GAINER-2LB-FRENTE@3x-100-1-1x1.webp 1w, https:\/\/perfectmass.net\/wp-content\/uploads\/2025\/11\/MEGA-GAINER-2LB-FRENTE@3x-100-1-10x10.webp 10w, https:\/\/perfectmass.net\/wp-content\/uploads\/2025\/11\/MEGA-GAINER-2LB-FRENTE@3x-100-1.webp 1600w\" sizes=\"(max-width: 300px) 100vw, 300px\" \/><p id=\"caption-attachment-21913\" class=\"wp-caption-text\">Mega Gainer &#8211; <a href=\"https:\/\/gmn.com.co\/\" target=\"_blank\" rel=\"noopener\">GMN<\/a><\/p><\/div>\n<p>Visitar <a href=\"http:\/\/PerfectMass.net\" target=\"_blank\" rel=\"noopener\">PerfectMass.net<\/a><\/p>\n","protected":false},"excerpt":{"rendered":"<p>Ganador de masa muscular<\/p>\n","protected":false},"featured_media":26767,"comment_status":"open","ping_status":"closed","template":"","meta":[],"etheme_brands":[{"term_id":2548,"name":"GMN","slug":"gmn","term_group":0,"term_taxonomy_id":2548,"taxonomy":"brand","description":"<strong data-start=\"235\" data-end=\"260\">GMN Nutrition:<\/strong> es una marca reconocida por su compromiso con la calidad, la innovaci\u00f3n y el rendimiento dentro del mundo de la nutrici\u00f3n deportiva. Sus productos est\u00e1n desarrollados para ayudar a deportistas y personas activas a mejorar su recuperaci\u00f3n, aumentar su energ\u00eda y alcanzar sus objetivos de forma segura y efectiva. En PerfectMassNutrition\u00ae seleccionamos lo mejor de GMN Nutrition para ofrecerte suplementos confiables, con excelentes ingredientes y resultados comprobados, disponibles para toda Colombia y Latinoam\u00e9rica.","parent":0,"count":11,"filter":"raw"}],"product_brand":[2688],"product_cat":[],"product_tag":[1608],"class_list":{"0":"post-26765","1":"product","2":"type-product","3":"status-publish","4":"has-post-thumbnail","6":"brand-gmn","7":"product_brand-gmn","8":"product_tag-ganar-masa","10":"first","11":"instock","12":"sale","13":"taxable","14":"shipping-taxable","15":"purchasable","16":"product-type-variable","17":"has-default-attributes"},"_links":{"self":[{"href":"https:\/\/perfectmass.net\/latam\/wp-json\/wp\/v2\/product\/26765","targetHints":{"allow":["GET"]}}],"collection":[{"href":"https:\/\/perfectmass.net\/latam\/wp-json\/wp\/v2\/product"}],"about":[{"href":"https:\/\/perfectmass.net\/latam\/wp-json\/wp\/v2\/types\/product"}],"replies":[{"embeddable":true,"href":"https:\/\/perfectmass.net\/latam\/wp-json\/wp\/v2\/comments?post=26765"}],"version-history":[{"count":1,"href":"https:\/\/perfectmass.net\/latam\/wp-json\/wp\/v2\/product\/26765\/revisions"}],"predecessor-version":[{"id":30787,"href":"https:\/\/perfectmass.net\/latam\/wp-json\/wp\/v2\/product\/26765\/revisions\/30787"}],"wp:featuredmedia":[{"embeddable":true,"href":"https:\/\/perfectmass.net\/latam\/wp-json\/wp\/v2\/media\/26767"}],"wp:attachment":[{"href":"https:\/\/perfectmass.net\/latam\/wp-json\/wp\/v2\/media?parent=26765"}],"wp:term":[{"taxonomy":"brand","embeddable":true,"href":"https:\/\/perfectmass.net\/latam\/wp-json\/wp\/v2\/etheme_brands?post=26765"},{"taxonomy":"product_brand","embeddable":true,"href":"https:\/\/perfectmass.net\/latam\/wp-json\/wp\/v2\/product_brand?post=26765"},{"taxonomy":"product_cat","embeddable":true,"href":"https:\/\/perfectmass.net\/latam\/wp-json\/wp\/v2\/product_cat?post=26765"},{"taxonomy":"product_tag","embeddable":true,"href":"https:\/\/perfectmass.net\/latam\/wp-json\/wp\/v2\/product_tag?post=26765"}],"curies":[{"name":"wp","href":"https:\/\/api.w.org\/{rel}","templated":true}]}}