{"id":26732,"date":"2025-11-26T17:52:34","date_gmt":"2025-11-26T22:52:34","guid":{"rendered":"https:\/\/perfectmass.net\/uncategorized\/jnx-sports-the-curse\/"},"modified":"2026-05-02T04:48:04","modified_gmt":"2026-05-02T09:48:04","slug":"jnx-sports-the-curse","status":"publish","type":"product","link":"https:\/\/perfectmass.net\/latam\/nutricion\/entreno\/pre\/jnx-sports-the-curse\/","title":{"rendered":"The Curse &#8211; Pre-Entreno JNX Sports"},"content":{"rendered":"<p><strong>The Curse &#8211; Pre-Entreno JNX Sports<\/strong><\/p>\n<p>The Curse &#8211; Pre-Entreno JNX Sports<\/p>\n<p>F\u00f3rmula pre-entreno dise\u00f1ada para mejorar el rendimiento, la energ\u00eda y el enfoque durante los entrenamientos m\u00e1s exigentes.<\/p>\n","protected":false},"excerpt":{"rendered":"<p>Pre-entreno para potenciar energ\u00eda, fuerza y concentraci\u00f3n.<\/p>\n","protected":false},"featured_media":26734,"comment_status":"open","ping_status":"closed","template":"","meta":[],"etheme_brands":[{"term_id":2583,"name":"JNX Sports","slug":"jnx-sports","term_group":0,"term_taxonomy_id":2583,"taxonomy":"brand","description":"","parent":0,"count":4,"filter":"raw"}],"product_brand":[2771],"product_cat":[3717],"product_tag":[1606],"class_list":{"0":"post-26732","1":"product","2":"type-product","3":"status-publish","4":"has-post-thumbnail","6":"brand-jnx-sports","7":"product_brand-jnx-sports","8":"product_cat-pre","9":"product_tag-suplemento","11":"first","12":"outofstock","13":"sale","14":"taxable","15":"shipping-taxable","16":"purchasable","17":"product-type-variable","18":"has-default-attributes"},"_links":{"self":[{"href":"https:\/\/perfectmass.net\/latam\/wp-json\/wp\/v2\/product\/26732","targetHints":{"allow":["GET"]}}],"collection":[{"href":"https:\/\/perfectmass.net\/latam\/wp-json\/wp\/v2\/product"}],"about":[{"href":"https:\/\/perfectmass.net\/latam\/wp-json\/wp\/v2\/types\/product"}],"replies":[{"embeddable":true,"href":"https:\/\/perfectmass.net\/latam\/wp-json\/wp\/v2\/comments?post=26732"}],"version-history":[{"count":1,"href":"https:\/\/perfectmass.net\/latam\/wp-json\/wp\/v2\/product\/26732\/revisions"}],"predecessor-version":[{"id":30771,"href":"https:\/\/perfectmass.net\/latam\/wp-json\/wp\/v2\/product\/26732\/revisions\/30771"}],"wp:featuredmedia":[{"embeddable":true,"href":"https:\/\/perfectmass.net\/latam\/wp-json\/wp\/v2\/media\/26734"}],"wp:attachment":[{"href":"https:\/\/perfectmass.net\/latam\/wp-json\/wp\/v2\/media?parent=26732"}],"wp:term":[{"taxonomy":"brand","embeddable":true,"href":"https:\/\/perfectmass.net\/latam\/wp-json\/wp\/v2\/etheme_brands?post=26732"},{"taxonomy":"product_brand","embeddable":true,"href":"https:\/\/perfectmass.net\/latam\/wp-json\/wp\/v2\/product_brand?post=26732"},{"taxonomy":"product_cat","embeddable":true,"href":"https:\/\/perfectmass.net\/latam\/wp-json\/wp\/v2\/product_cat?post=26732"},{"taxonomy":"product_tag","embeddable":true,"href":"https:\/\/perfectmass.net\/latam\/wp-json\/wp\/v2\/product_tag?post=26732"}],"curies":[{"name":"wp","href":"https:\/\/api.w.org\/{rel}","templated":true}]}}