{"id":26681,"date":"2025-11-26T17:52:34","date_gmt":"2025-11-26T22:52:34","guid":{"rendered":"https:\/\/perfectmass.net\/uncategorized\/intenze-pre-entreno-proscience-12un\/"},"modified":"2026-04-23T13:15:05","modified_gmt":"2026-04-23T18:15:05","slug":"intenze-pre-entreno-proscience-12un","status":"publish","type":"product","link":"https:\/\/perfectmass.net\/latam\/nutricion\/entreno\/pre\/intenze-pre-entreno-proscience-12un\/","title":{"rendered":"Intenze &#8211; Pre-Entreno Proscience 12un."},"content":{"rendered":"<h2>Intenze &#8211; Pre-Entreno Proscience 12un.<\/h2>\n<p><strong>INTENZE<\/strong>\u00a0Es un alimento en polvo deshidratado de frutos rojos que contiene una serie de compuestos que puede aumentar tus niveles de energia y mejorar la calidad de tus entrenamientos.<\/p>\n<p>La base de cualquier plan para salud y\/o entrenamiento, es una alimentacion completa y balanceada. Cuando realices actividad fisica o un ejercicio planificado\u00a0<strong>INTENZE<\/strong>\u00a0te aporta aminoacidos como citrulina, arginina y nitratos a partir de raiz de remolacha, que ayudan a mejorar el aporte sanguineo a tus musculos gracias a la produccion de oxido nitrico.<\/p>\n<p><strong>INTENZE<\/strong>\u00a0aporta tambi\u00e9n creatina hcl que mejorar\u00e1 tu res\u00edntesis energ\u00e9tica y capacidad de recuperaci\u00f3n, para obtener los objetivos planeados. contiene 3 gramos del amino\u00e1cido leucina, el cual es responsable de iniciar la s\u00edntesis proteica y estimular v\u00edas de se\u00f1alizaci\u00f3n celular para mejorar la construcci\u00f3n de masa muscular, cuando se combina con un plan de entrenamiento de fuerza y un balance proteico adecuado. betaina nos puede colaborar tambi\u00e9n durante el ejercicio, ya que es un osmolito, y combinado con beta alanina controlan la acidez dentro del musculo y puede ayudar a mejorar el entorno anab\u00f3lico mejorando la expresi\u00f3n de diferentes v\u00edas de se\u00f1alizaci\u00f3n celular.<\/p>\n<p>El aporte de cafe\u00edna en el\u00a0<strong>INTENZE<\/strong>\u00a0es vital ya que aporta a mejorar tus niveles de energ\u00eda, disminuye los niveles de fatiga mejorando la percepci\u00f3n del esfuerzo y optimizando la calidad del entrenamiento.<\/p>\n<p>Ten en cuenta, siempre lo mas importante para lograr objetivos es dise\u00f1ar un plan de entrenamiento adecuado con un plan nutricional individualizado. Como un complemento adecuado puedes consumir un servicio de\u00a0<strong>INTENZE<\/strong>\u00a0(1 copa) 15-30 minuos antes de realizar actividad fisica. Idealmente iniciar con medio servicio (1\/2 copa) para ver la tolerancia a la cafeina y a la beta alanina. Cuando veas que lo toleras bien, consume el servicio completo.<\/p>\n<p><strong>SABOR<\/strong><\/p>\n<p>CITRUS PUNCH, FRUIT PUNCH, WATERMELON<\/p>\n<p>Contenido elevado en cafe\u00edna (32 mg\/100 mL).<\/p>\n<p>No se recomienda el consumo de bebidas energizantes con bebidas alcoh\u00f3licas.<\/p>\n<p>No recomendado para personas sensibles a la cafe\u00edna.<\/p>\n<p>Este producto solo podr\u00e1 ser comercializado, expendido y dirigido a poblaci\u00f3n mayor de 14 a\u00f1os.<\/p>\n<div id=\"attachment_22086\" style=\"width: 310px\" class=\"wp-caption alignnone\"><img fetchpriority=\"high\" decoding=\"async\" aria-describedby=\"caption-attachment-22086\" class=\"size-medium wp-image-22086\" src=\"https:\/\/perfectmass.net\/wp-content\/uploads\/2025\/11\/sachet-intenze-caja-x12-300x300.webp\" alt=\"Intenze - Pre-Entreno Proscience 12un.\" width=\"300\" height=\"300\" title=\"\" srcset=\"https:\/\/perfectmass.net\/wp-content\/uploads\/2025\/11\/sachet-intenze-caja-x12-300x300.webp 300w, https:\/\/perfectmass.net\/wp-content\/uploads\/2025\/11\/sachet-intenze-caja-x12-150x150.webp 150w, https:\/\/perfectmass.net\/wp-content\/uploads\/2025\/11\/sachet-intenze-caja-x12-445x445.webp 445w, https:\/\/perfectmass.net\/wp-content\/uploads\/2025\/11\/sachet-intenze-caja-x12-100x100.webp 100w, https:\/\/perfectmass.net\/wp-content\/uploads\/2025\/11\/sachet-intenze-caja-x12-1x1.webp 1w, https:\/\/perfectmass.net\/wp-content\/uploads\/2025\/11\/sachet-intenze-caja-x12-10x10.webp 10w, https:\/\/perfectmass.net\/wp-content\/uploads\/2025\/11\/sachet-intenze-caja-x12.webp 600w\" sizes=\"(max-width: 300px) 100vw, 300px\" \/><p id=\"caption-attachment-22086\" class=\"wp-caption-text\">Intenze &#8211; Pre-Entreno <a href=\"https:\/\/proscience.com.co\/\" target=\"_blank\" rel=\"noopener\">Proscience<\/a> 12un.<\/p><\/div>\n<p>Visitar <a href=\"http:\/\/PerfectMass.net\" target=\"_blank\" rel=\"noopener\">PerfectMass.net<\/a><\/p>\n","protected":false},"excerpt":{"rendered":"<p>Energ\u00eda y enfoque para rendir al m\u00e1ximo en cada sesi\u00f3n.<\/p>\n","protected":false},"featured_media":26683,"comment_status":"open","ping_status":"closed","template":"","meta":[],"etheme_brands":[{"term_id":2616,"name":"Proscience","slug":"proscience","term_group":0,"term_taxonomy_id":2616,"taxonomy":"brand","description":"<strong data-start=\"235\" data-end=\"260\">Proscience:<\/strong> es una marca reconocida por su compromiso con la calidad, la innovaci\u00f3n y el rendimiento dentro del mundo de la nutrici\u00f3n deportiva. Sus productos est\u00e1n desarrollados para ayudar a deportistas y personas activas a mejorar su recuperaci\u00f3n, aumentar su energ\u00eda y alcanzar sus objetivos de forma segura y efectiva. En PerfectMassNutrition\u00ae seleccionamos lo mejor de Proscience para ofrecerte suplementos confiables, con excelentes ingredientes y resultados comprobados, disponibles para toda Colombia y Latinoam\u00e9rica.","parent":0,"count":25,"filter":"raw"}],"product_brand":[2719],"product_cat":[1597,1619],"product_tag":[1599,1606],"class_list":{"0":"post-26681","1":"product","2":"type-product","3":"status-publish","4":"has-post-thumbnail","6":"brand-proscience","7":"product_brand-proscience","8":"product_cat-pre","9":"product_cat-suplementos-energeticos","10":"product_tag-pre-entreno","11":"product_tag-suplemento","13":"first","14":"instock","15":"sale","16":"taxable","17":"shipping-taxable","18":"purchasable","19":"product-type-variable","20":"has-default-attributes"},"_links":{"self":[{"href":"https:\/\/perfectmass.net\/latam\/wp-json\/wp\/v2\/product\/26681","targetHints":{"allow":["GET"]}}],"collection":[{"href":"https:\/\/perfectmass.net\/latam\/wp-json\/wp\/v2\/product"}],"about":[{"href":"https:\/\/perfectmass.net\/latam\/wp-json\/wp\/v2\/types\/product"}],"replies":[{"embeddable":true,"href":"https:\/\/perfectmass.net\/latam\/wp-json\/wp\/v2\/comments?post=26681"}],"version-history":[{"count":1,"href":"https:\/\/perfectmass.net\/latam\/wp-json\/wp\/v2\/product\/26681\/revisions"}],"predecessor-version":[{"id":30741,"href":"https:\/\/perfectmass.net\/latam\/wp-json\/wp\/v2\/product\/26681\/revisions\/30741"}],"wp:featuredmedia":[{"embeddable":true,"href":"https:\/\/perfectmass.net\/latam\/wp-json\/wp\/v2\/media\/26683"}],"wp:attachment":[{"href":"https:\/\/perfectmass.net\/latam\/wp-json\/wp\/v2\/media?parent=26681"}],"wp:term":[{"taxonomy":"brand","embeddable":true,"href":"https:\/\/perfectmass.net\/latam\/wp-json\/wp\/v2\/etheme_brands?post=26681"},{"taxonomy":"product_brand","embeddable":true,"href":"https:\/\/perfectmass.net\/latam\/wp-json\/wp\/v2\/product_brand?post=26681"},{"taxonomy":"product_cat","embeddable":true,"href":"https:\/\/perfectmass.net\/latam\/wp-json\/wp\/v2\/product_cat?post=26681"},{"taxonomy":"product_tag","embeddable":true,"href":"https:\/\/perfectmass.net\/latam\/wp-json\/wp\/v2\/product_tag?post=26681"}],"curies":[{"name":"wp","href":"https:\/\/api.w.org\/{rel}","templated":true}]}}