{"id":26650,"date":"2025-11-26T17:52:35","date_gmt":"2025-11-26T22:52:35","guid":{"rendered":"https:\/\/perfectmass.net\/uncategorized\/multi-multivitaminico-enhanced-athlete\/"},"modified":"2026-04-23T13:14:58","modified_gmt":"2026-04-23T18:14:58","slug":"multi-multivitaminico-enhanced-athlete","status":"publish","type":"product","link":"https:\/\/perfectmass.net\/latam\/nutricion\/suplementos\/multivitaminicos\/multi-multivitaminico-enhanced-athlete\/","title":{"rendered":"Multi + &#8211; Multivitam\u00ednico Enhanced Athlete"},"content":{"rendered":"<h2>Multi + &#8211; Multivitam\u00ednico Enhanced Athlete<\/h2>\n<p>ENHANCED ATHLETE MULTI + es un complejo multivitam\u00ednico completo que apoya la salud general y el rendimiento deportivo. Proporciona vitaminas y minerales esenciales. Presentaci\u00f3n: 60 CAPSULAS.<\/p>\n<p>Est\u00e1 cuidadosamente formulado para contener la proporci\u00f3n adecuada de vitaminas, minerales y otros nutrientes esenciales.<\/p>\n<p>Adem\u00e1s, la exclusiva mezcla adapt\u00f3gena ayuda a reducir el estr\u00e9s, aumentar la resistencia y combatir la fatiga.<\/p>\n<div id=\"attachment_15304\" style=\"width: 310px\" class=\"wp-caption alignnone\"><img fetchpriority=\"high\" decoding=\"async\" aria-describedby=\"caption-attachment-15304\" class=\"size-medium wp-image-15304\" src=\"https:\/\/perfectmass.net\/wp-content\/uploads\/2025\/11\/Multi-Front_1800x1800-300x300.png\" alt=\"Multi + - Multivitam\u00ednico Enhanced Athlete\" width=\"300\" height=\"300\" title=\"\" srcset=\"https:\/\/perfectmass.net\/wp-content\/uploads\/2025\/11\/Multi-Front_1800x1800-300x300.png 300w, https:\/\/perfectmass.net\/wp-content\/uploads\/2025\/11\/Multi-Front_1800x1800-1024x1024.png 1024w, https:\/\/perfectmass.net\/wp-content\/uploads\/2025\/11\/Multi-Front_1800x1800-150x150.png 150w, https:\/\/perfectmass.net\/wp-content\/uploads\/2025\/11\/Multi-Front_1800x1800-768x768.png 768w, https:\/\/perfectmass.net\/wp-content\/uploads\/2025\/11\/Multi-Front_1800x1800-1536x1536.png 1536w, https:\/\/perfectmass.net\/wp-content\/uploads\/2025\/11\/Multi-Front_1800x1800-445x445.png 445w, https:\/\/perfectmass.net\/wp-content\/uploads\/2025\/11\/Multi-Front_1800x1800-100x100.png 100w, https:\/\/perfectmass.net\/wp-content\/uploads\/2025\/11\/Multi-Front_1800x1800-1x1.png 1w, https:\/\/perfectmass.net\/wp-content\/uploads\/2025\/11\/Multi-Front_1800x1800-10x10.png 10w, https:\/\/perfectmass.net\/wp-content\/uploads\/2025\/11\/Multi-Front_1800x1800.png 1800w\" sizes=\"(max-width: 300px) 100vw, 300px\" \/><p id=\"caption-attachment-15304\" class=\"wp-caption-text\">Multi + &#8211; Multivitam\u00ednico <a href=\"https:\/\/in.enhancedlabs.com\/\" target=\"_blank\" rel=\"noopener\">Enhanced Athlete<\/a><\/p><\/div>\n<p>Visitar <a href=\"http:\/\/PerfectMass.net\" target=\"_blank\" rel=\"noopener\">PerfectMass.net<\/a><\/p>\n","protected":false},"excerpt":{"rendered":"<p>Multivitam\u00ednico completo<\/p>\n","protected":false},"featured_media":26651,"comment_status":"open","ping_status":"closed","template":"","meta":[],"etheme_brands":[{"term_id":2543,"name":"Enhanced Athlete","slug":"enhanced-athlete","term_group":0,"term_taxonomy_id":2543,"taxonomy":"brand","description":"<strong data-start=\"235\" data-end=\"260\">Enhanced Athlete:<\/strong> es una marca reconocida por su compromiso con la calidad, la innovaci\u00f3n y el rendimiento dentro del mundo de la nutrici\u00f3n deportiva. Sus productos est\u00e1n desarrollados para ayudar a deportistas y personas activas a mejorar su recuperaci\u00f3n, aumentar su energ\u00eda y alcanzar sus objetivos de forma segura y efectiva. En PerfectMassNutrition\u00ae seleccionamos lo mejor de Enhanced Athlete para ofrecerte suplementos confiables, con excelentes ingredientes y resultados comprobados, disponibles para toda Colombia y Latinoam\u00e9rica.","parent":0,"count":2,"filter":"raw"}],"product_brand":[2684],"product_cat":[1600,1501,1605,1601],"product_tag":[1606],"class_list":{"0":"post-26650","1":"product","2":"type-product","3":"status-publish","4":"has-post-thumbnail","6":"brand-enhanced-athlete","7":"product_brand-enhanced-athlete","8":"product_cat-multivitaminicos","9":"product_cat-nutricion","10":"product_cat-suplementos","11":"product_cat-vitaminas-minerales","12":"product_tag-suplemento","14":"first","15":"instock","16":"sale","17":"taxable","18":"shipping-taxable","19":"purchasable","20":"product-type-variable","21":"has-default-attributes"},"_links":{"self":[{"href":"https:\/\/perfectmass.net\/latam\/wp-json\/wp\/v2\/product\/26650","targetHints":{"allow":["GET"]}}],"collection":[{"href":"https:\/\/perfectmass.net\/latam\/wp-json\/wp\/v2\/product"}],"about":[{"href":"https:\/\/perfectmass.net\/latam\/wp-json\/wp\/v2\/types\/product"}],"replies":[{"embeddable":true,"href":"https:\/\/perfectmass.net\/latam\/wp-json\/wp\/v2\/comments?post=26650"}],"version-history":[{"count":1,"href":"https:\/\/perfectmass.net\/latam\/wp-json\/wp\/v2\/product\/26650\/revisions"}],"predecessor-version":[{"id":30713,"href":"https:\/\/perfectmass.net\/latam\/wp-json\/wp\/v2\/product\/26650\/revisions\/30713"}],"wp:featuredmedia":[{"embeddable":true,"href":"https:\/\/perfectmass.net\/latam\/wp-json\/wp\/v2\/media\/26651"}],"wp:attachment":[{"href":"https:\/\/perfectmass.net\/latam\/wp-json\/wp\/v2\/media?parent=26650"}],"wp:term":[{"taxonomy":"brand","embeddable":true,"href":"https:\/\/perfectmass.net\/latam\/wp-json\/wp\/v2\/etheme_brands?post=26650"},{"taxonomy":"product_brand","embeddable":true,"href":"https:\/\/perfectmass.net\/latam\/wp-json\/wp\/v2\/product_brand?post=26650"},{"taxonomy":"product_cat","embeddable":true,"href":"https:\/\/perfectmass.net\/latam\/wp-json\/wp\/v2\/product_cat?post=26650"},{"taxonomy":"product_tag","embeddable":true,"href":"https:\/\/perfectmass.net\/latam\/wp-json\/wp\/v2\/product_tag?post=26650"}],"curies":[{"name":"wp","href":"https:\/\/api.w.org\/{rel}","templated":true}]}}