{"id":26617,"date":"2025-11-26T17:52:35","date_gmt":"2025-11-26T22:52:35","guid":{"rendered":"https:\/\/perfectmass.net\/uncategorized\/vitanas-beef-isolate\/"},"modified":"2026-05-02T04:47:26","modified_gmt":"2026-05-02T09:47:26","slug":"vitanas-beef-isolate","status":"publish","type":"product","link":"https:\/\/perfectmass.net\/latam\/nutricion\/proteina\/aislada\/vitanas-beef-isolate\/","title":{"rendered":"Beef Isolate &#8211; Vitanas"},"content":{"rendered":"<p><strong>Beef Isolate &#8211; Vitanas<\/strong><\/p>\n<p>Beef Isolate<\/p>\n<p>Prote\u00edna de alta calidad dise\u00f1ada para apoyar la recuperaci\u00f3n y el desarrollo muscular. Aporta amino\u00e1cidos esenciales de r\u00e1pida absorci\u00f3n, ideales para despu\u00e9s del entrenamiento.<\/p>\n","protected":false},"excerpt":{"rendered":"<p>Prote\u00edna de suero para favorecer la recuperaci\u00f3n y el crecimiento muscular.<\/p>\n","protected":false},"featured_media":26619,"comment_status":"open","ping_status":"closed","template":"","meta":[],"etheme_brands":[{"term_id":2640,"name":"Vitanas","slug":"vitanas","term_group":0,"term_taxonomy_id":2640,"taxonomy":"brand","description":"","parent":0,"count":10,"filter":"raw"}],"product_brand":[2753],"product_cat":[3695],"product_tag":[1606],"class_list":{"0":"post-26617","1":"product","2":"type-product","3":"status-publish","4":"has-post-thumbnail","6":"brand-vitanas","7":"product_brand-vitanas","8":"product_cat-aislada","9":"product_tag-suplemento","11":"first","12":"instock","13":"sale","14":"taxable","15":"shipping-taxable","16":"purchasable","17":"product-type-variable","18":"has-default-attributes"},"_links":{"self":[{"href":"https:\/\/perfectmass.net\/latam\/wp-json\/wp\/v2\/product\/26617","targetHints":{"allow":["GET"]}}],"collection":[{"href":"https:\/\/perfectmass.net\/latam\/wp-json\/wp\/v2\/product"}],"about":[{"href":"https:\/\/perfectmass.net\/latam\/wp-json\/wp\/v2\/types\/product"}],"replies":[{"embeddable":true,"href":"https:\/\/perfectmass.net\/latam\/wp-json\/wp\/v2\/comments?post=26617"}],"version-history":[{"count":1,"href":"https:\/\/perfectmass.net\/latam\/wp-json\/wp\/v2\/product\/26617\/revisions"}],"predecessor-version":[{"id":30679,"href":"https:\/\/perfectmass.net\/latam\/wp-json\/wp\/v2\/product\/26617\/revisions\/30679"}],"wp:featuredmedia":[{"embeddable":true,"href":"https:\/\/perfectmass.net\/latam\/wp-json\/wp\/v2\/media\/26619"}],"wp:attachment":[{"href":"https:\/\/perfectmass.net\/latam\/wp-json\/wp\/v2\/media?parent=26617"}],"wp:term":[{"taxonomy":"brand","embeddable":true,"href":"https:\/\/perfectmass.net\/latam\/wp-json\/wp\/v2\/etheme_brands?post=26617"},{"taxonomy":"product_brand","embeddable":true,"href":"https:\/\/perfectmass.net\/latam\/wp-json\/wp\/v2\/product_brand?post=26617"},{"taxonomy":"product_cat","embeddable":true,"href":"https:\/\/perfectmass.net\/latam\/wp-json\/wp\/v2\/product_cat?post=26617"},{"taxonomy":"product_tag","embeddable":true,"href":"https:\/\/perfectmass.net\/latam\/wp-json\/wp\/v2\/product_tag?post=26617"}],"curies":[{"name":"wp","href":"https:\/\/api.w.org\/{rel}","templated":true}]}}