{"id":26526,"date":"2025-11-26T17:52:37","date_gmt":"2025-11-26T22:52:37","guid":{"rendered":"https:\/\/perfectmass.net\/uncategorized\/terror-labz-the-purge\/"},"modified":"2026-04-23T13:14:29","modified_gmt":"2026-04-23T18:14:29","slug":"terror-labz-the-purge","status":"publish","type":"product","link":"https:\/\/perfectmass.net\/latam\/uncategorized\/terror-labz-the-purge\/","title":{"rendered":"The Purge &#8211; Pre-Entreno Terror Labz"},"content":{"rendered":"<p><strong>The Purge &#8211; Pre-Entreno Terror Labz<\/strong><\/p>\n<p>The Purge &#8211; Pre-Entreno Terror Labz<\/p>\n<p>F\u00f3rmula pre-entreno dise\u00f1ada para mejorar el rendimiento, la energ\u00eda y el enfoque durante los entrenamientos m\u00e1s exigentes.<\/p>\n","protected":false},"excerpt":{"rendered":"<p>Pre-entreno para potenciar energ\u00eda, fuerza y concentraci\u00f3n.<\/p>\n","protected":false},"featured_media":26527,"comment_status":"open","ping_status":"closed","template":"","meta":[],"etheme_brands":[{"term_id":2650,"name":"Terror Labz","slug":"terror-labz","term_group":0,"term_taxonomy_id":2650,"taxonomy":"brand","description":"","parent":0,"count":1,"filter":"raw"}],"product_brand":[2745],"product_cat":[],"product_tag":[1606],"class_list":{"0":"post-26526","1":"product","2":"type-product","3":"status-publish","4":"has-post-thumbnail","6":"brand-terror-labz","7":"product_brand-terror-labz","8":"product_tag-suplemento","10":"first","11":"instock","12":"sale","13":"taxable","14":"shipping-taxable","15":"purchasable","16":"product-type-variable","17":"has-default-attributes"},"_links":{"self":[{"href":"https:\/\/perfectmass.net\/latam\/wp-json\/wp\/v2\/product\/26526","targetHints":{"allow":["GET"]}}],"collection":[{"href":"https:\/\/perfectmass.net\/latam\/wp-json\/wp\/v2\/product"}],"about":[{"href":"https:\/\/perfectmass.net\/latam\/wp-json\/wp\/v2\/types\/product"}],"replies":[{"embeddable":true,"href":"https:\/\/perfectmass.net\/latam\/wp-json\/wp\/v2\/comments?post=26526"}],"version-history":[{"count":1,"href":"https:\/\/perfectmass.net\/latam\/wp-json\/wp\/v2\/product\/26526\/revisions"}],"predecessor-version":[{"id":30613,"href":"https:\/\/perfectmass.net\/latam\/wp-json\/wp\/v2\/product\/26526\/revisions\/30613"}],"wp:featuredmedia":[{"embeddable":true,"href":"https:\/\/perfectmass.net\/latam\/wp-json\/wp\/v2\/media\/26527"}],"wp:attachment":[{"href":"https:\/\/perfectmass.net\/latam\/wp-json\/wp\/v2\/media?parent=26526"}],"wp:term":[{"taxonomy":"brand","embeddable":true,"href":"https:\/\/perfectmass.net\/latam\/wp-json\/wp\/v2\/etheme_brands?post=26526"},{"taxonomy":"product_brand","embeddable":true,"href":"https:\/\/perfectmass.net\/latam\/wp-json\/wp\/v2\/product_brand?post=26526"},{"taxonomy":"product_cat","embeddable":true,"href":"https:\/\/perfectmass.net\/latam\/wp-json\/wp\/v2\/product_cat?post=26526"},{"taxonomy":"product_tag","embeddable":true,"href":"https:\/\/perfectmass.net\/latam\/wp-json\/wp\/v2\/product_tag?post=26526"}],"curies":[{"name":"wp","href":"https:\/\/api.w.org\/{rel}","templated":true}]}}