{"id":26508,"date":"2025-11-26T17:52:47","date_gmt":"2025-11-26T22:52:47","guid":{"rendered":"https:\/\/perfectmass.net\/uncategorized\/metabolic-nutrition-beta-alanine\/"},"modified":"2026-04-23T13:14:26","modified_gmt":"2026-04-23T18:14:26","slug":"metabolic-nutrition-beta-alanine","status":"publish","type":"product","link":"https:\/\/perfectmass.net\/latam\/uncategorized\/metabolic-nutrition-beta-alanine\/","title":{"rendered":"Beta-Alanine &#8211; Amino\u00e1cidos Metabolic Nutrition"},"content":{"rendered":"<p><strong>Beta-Alanine &#8211; Amino\u00e1cidos Metabolic Nutrition<\/strong><\/p>\n<p>Beta-Alanine &#8211; Amino\u00e1cidos Metabolic Nutrition<\/p>\n<p>Complejo de amino\u00e1cidos formulado para apoyar la recuperaci\u00f3n muscular y el rendimiento durante y despu\u00e9s del entrenamiento.<\/p>\n","protected":false},"excerpt":{"rendered":"<p>Amino\u00e1cidos esenciales para recuperaci\u00f3n y rendimiento muscular.<\/p>\n","protected":false},"featured_media":26509,"comment_status":"open","ping_status":"closed","template":"","meta":[],"etheme_brands":[{"term_id":2592,"name":"Metabolic Nutrition","slug":"metabolic-nutrition","term_group":0,"term_taxonomy_id":2592,"taxonomy":"brand","description":"<strong data-start=\"235\" data-end=\"260\">Metabolic Nutrition:<\/strong> es una marca reconocida por su compromiso con la calidad, la innovaci\u00f3n y el rendimiento dentro del mundo de la nutrici\u00f3n deportiva. Sus productos est\u00e1n desarrollados para ayudar a deportistas y personas activas a mejorar su recuperaci\u00f3n, aumentar su energ\u00eda y alcanzar sus objetivos de forma segura y efectiva. En PerfectMassNutrition\u00ae seleccionamos lo mejor de Metabolic Nutrition para ofrecerte suplementos confiables, con excelentes ingredientes y resultados comprobados, disponibles para toda Colombia y Latinoam\u00e9rica.","parent":0,"count":11,"filter":"raw"}],"product_brand":[2769],"product_cat":[],"product_tag":[1606],"class_list":{"0":"post-26508","1":"product","2":"type-product","3":"status-publish","4":"has-post-thumbnail","6":"brand-metabolic-nutrition","7":"product_brand-metabolic-nutrition","8":"product_tag-suplemento","10":"first","11":"outofstock","12":"sale","13":"taxable","14":"shipping-taxable","15":"purchasable","16":"product-type-variable","17":"has-default-attributes"},"_links":{"self":[{"href":"https:\/\/perfectmass.net\/latam\/wp-json\/wp\/v2\/product\/26508","targetHints":{"allow":["GET"]}}],"collection":[{"href":"https:\/\/perfectmass.net\/latam\/wp-json\/wp\/v2\/product"}],"about":[{"href":"https:\/\/perfectmass.net\/latam\/wp-json\/wp\/v2\/types\/product"}],"replies":[{"embeddable":true,"href":"https:\/\/perfectmass.net\/latam\/wp-json\/wp\/v2\/comments?post=26508"}],"version-history":[{"count":1,"href":"https:\/\/perfectmass.net\/latam\/wp-json\/wp\/v2\/product\/26508\/revisions"}],"predecessor-version":[{"id":30601,"href":"https:\/\/perfectmass.net\/latam\/wp-json\/wp\/v2\/product\/26508\/revisions\/30601"}],"wp:featuredmedia":[{"embeddable":true,"href":"https:\/\/perfectmass.net\/latam\/wp-json\/wp\/v2\/media\/26509"}],"wp:attachment":[{"href":"https:\/\/perfectmass.net\/latam\/wp-json\/wp\/v2\/media?parent=26508"}],"wp:term":[{"taxonomy":"brand","embeddable":true,"href":"https:\/\/perfectmass.net\/latam\/wp-json\/wp\/v2\/etheme_brands?post=26508"},{"taxonomy":"product_brand","embeddable":true,"href":"https:\/\/perfectmass.net\/latam\/wp-json\/wp\/v2\/product_brand?post=26508"},{"taxonomy":"product_cat","embeddable":true,"href":"https:\/\/perfectmass.net\/latam\/wp-json\/wp\/v2\/product_cat?post=26508"},{"taxonomy":"product_tag","embeddable":true,"href":"https:\/\/perfectmass.net\/latam\/wp-json\/wp\/v2\/product_tag?post=26508"}],"curies":[{"name":"wp","href":"https:\/\/api.w.org\/{rel}","templated":true}]}}