{"id":26492,"date":"2025-11-26T17:52:47","date_gmt":"2025-11-26T22:52:47","guid":{"rendered":"https:\/\/perfectmass.net\/uncategorized\/monster-test-tribulus\/"},"modified":"2026-05-02T04:46:42","modified_gmt":"2026-05-02T09:46:42","slug":"monster-test-tribulus","status":"publish","type":"product","link":"https:\/\/perfectmass.net\/latam\/nutricion\/suplementos\/testosterona\/monster-test-tribulus\/","title":{"rendered":"Monster Test Tribulus &#8211; Segregador Testosterona Angry Supplements"},"content":{"rendered":"<h2>Monster Test Tribulus &#8211; Segregador Testosterona Angry Supplements<\/h2>\n<p>Tribulus Terrestris es una planta mediterr\u00e1nea que se ha utilizado durante siglos en la medicina tradicional china e india para tratar diversas dolencias, incluidos mareos, dolor de pecho, problemas card\u00edacos, problemas renales y trastornos oculares y de la piel, por nombrar algunos.<\/p>\n<p>Mejorar el rendimiento atl\u00e9tico, los problemas card\u00edacos y circulatorios, la funci\u00f3n sexual y la masa muscular.<\/p>\n<p>Adem\u00e1s, se cree que tiene propiedades antioxidantes y antiinflamatorias y numerosos beneficios para la salud, incluidos reducci\u00f3n del az\u00facar en sangre y del colesterol, mejora de la fuerza muscular y los niveles de energ\u00eda, reducci\u00f3n del estr\u00e9s, estabilizaci\u00f3n del estado de \u00e1nimo, mejora de la salud cardiovascular, aumento de la libido y funci\u00f3n sexual m\u00e1s saludable.<\/p>\n<div id=\"attachment_15059\" style=\"width: 310px\" class=\"wp-caption alignnone\"><img fetchpriority=\"high\" decoding=\"async\" aria-describedby=\"caption-attachment-15059\" class=\"size-medium wp-image-15059\" src=\"https:\/\/perfectmass.net\/wp-content\/uploads\/2025\/11\/FrontRender-Blueish_2048x-300x300.png\" alt=\"Monster Test Tribulus - Segregador Testosterona Angry Supplements\" width=\"300\" height=\"300\" title=\"\" srcset=\"https:\/\/perfectmass.net\/wp-content\/uploads\/2025\/11\/FrontRender-Blueish_2048x-300x300.png 300w, https:\/\/perfectmass.net\/wp-content\/uploads\/2025\/11\/FrontRender-Blueish_2048x-1024x1024.png 1024w, https:\/\/perfectmass.net\/wp-content\/uploads\/2025\/11\/FrontRender-Blueish_2048x-150x150.png 150w, https:\/\/perfectmass.net\/wp-content\/uploads\/2025\/11\/FrontRender-Blueish_2048x-768x768.png 768w, https:\/\/perfectmass.net\/wp-content\/uploads\/2025\/11\/FrontRender-Blueish_2048x-1536x1536.png 1536w, https:\/\/perfectmass.net\/wp-content\/uploads\/2025\/11\/FrontRender-Blueish_2048x-445x445.png 445w, https:\/\/perfectmass.net\/wp-content\/uploads\/2025\/11\/FrontRender-Blueish_2048x-100x100.png 100w, https:\/\/perfectmass.net\/wp-content\/uploads\/2025\/11\/FrontRender-Blueish_2048x-1x1.png 1w, https:\/\/perfectmass.net\/wp-content\/uploads\/2025\/11\/FrontRender-Blueish_2048x-10x10.png 10w, https:\/\/perfectmass.net\/wp-content\/uploads\/2025\/11\/FrontRender-Blueish_2048x.png 2048w\" sizes=\"(max-width: 300px) 100vw, 300px\" \/><p id=\"caption-attachment-15059\" class=\"wp-caption-text\">Monster Test Tribulus &#8211; Segregador Testosterona <a href=\"https:\/\/angrysupps.com\/\" target=\"_blank\" rel=\"noopener\">Angry Supplements<\/a><\/p><\/div>\n<p>Visitar\u00a0<a href=\"https:\/\/perfectmass.net\/latam\/\">PerfectMass.net<\/a><\/p>\n<p>&nbsp;<\/p>\n","protected":false},"excerpt":{"rendered":"<p>Estimulante hormonal natural para fuerza y rendimiento.<\/p>\n<p>&nbsp;<\/p>\n<p>Monster Test Tribulus &#8211; Segregador Testosterona Angry Supplements<\/p>\n","protected":false},"featured_media":26493,"comment_status":"open","ping_status":"closed","template":"","meta":[],"etheme_brands":[{"term_id":2500,"name":"Angry Supplements","slug":"angry-supplements","term_group":0,"term_taxonomy_id":2500,"taxonomy":"brand","description":"<strong data-start=\"235\" data-end=\"260\">Angry Supplements:<\/strong> es una marca reconocida por su compromiso con la calidad, la innovaci\u00f3n y el rendimiento dentro del mundo de la nutrici\u00f3n deportiva. Sus productos est\u00e1n desarrollados para ayudar a deportistas y personas activas a mejorar su recuperaci\u00f3n, aumentar su energ\u00eda y alcanzar sus objetivos de forma segura y efectiva. En PerfectMassNutrition\u00ae seleccionamos lo mejor de Angry Supplements para ofrecerte suplementos confiables, con excelentes ingredientes y resultados comprobados, disponibles para toda Colombia y Latinoam\u00e9rica.","parent":0,"count":11,"filter":"raw"}],"product_brand":[2662],"product_cat":[3692],"product_tag":[1606,1643],"class_list":{"0":"post-26492","1":"product","2":"type-product","3":"status-publish","4":"has-post-thumbnail","6":"brand-angry-supplements","7":"product_brand-angry-supplements","8":"product_cat-testosterona","9":"product_tag-suplemento","10":"product_tag-testosterona","12":"first","13":"instock","14":"sale","15":"taxable","16":"shipping-taxable","17":"purchasable","18":"product-type-variable","19":"has-default-attributes"},"_links":{"self":[{"href":"https:\/\/perfectmass.net\/latam\/wp-json\/wp\/v2\/product\/26492","targetHints":{"allow":["GET"]}}],"collection":[{"href":"https:\/\/perfectmass.net\/latam\/wp-json\/wp\/v2\/product"}],"about":[{"href":"https:\/\/perfectmass.net\/latam\/wp-json\/wp\/v2\/types\/product"}],"replies":[{"embeddable":true,"href":"https:\/\/perfectmass.net\/latam\/wp-json\/wp\/v2\/comments?post=26492"}],"version-history":[{"count":1,"href":"https:\/\/perfectmass.net\/latam\/wp-json\/wp\/v2\/product\/26492\/revisions"}],"predecessor-version":[{"id":30585,"href":"https:\/\/perfectmass.net\/latam\/wp-json\/wp\/v2\/product\/26492\/revisions\/30585"}],"wp:featuredmedia":[{"embeddable":true,"href":"https:\/\/perfectmass.net\/latam\/wp-json\/wp\/v2\/media\/26493"}],"wp:attachment":[{"href":"https:\/\/perfectmass.net\/latam\/wp-json\/wp\/v2\/media?parent=26492"}],"wp:term":[{"taxonomy":"brand","embeddable":true,"href":"https:\/\/perfectmass.net\/latam\/wp-json\/wp\/v2\/etheme_brands?post=26492"},{"taxonomy":"product_brand","embeddable":true,"href":"https:\/\/perfectmass.net\/latam\/wp-json\/wp\/v2\/product_brand?post=26492"},{"taxonomy":"product_cat","embeddable":true,"href":"https:\/\/perfectmass.net\/latam\/wp-json\/wp\/v2\/product_cat?post=26492"},{"taxonomy":"product_tag","embeddable":true,"href":"https:\/\/perfectmass.net\/latam\/wp-json\/wp\/v2\/product_tag?post=26492"}],"curies":[{"name":"wp","href":"https:\/\/api.w.org\/{rel}","templated":true}]}}