{"id":26454,"date":"2025-11-26T17:52:48","date_gmt":"2025-11-26T22:52:48","guid":{"rendered":"https:\/\/perfectmass.net\/uncategorized\/best-protein-proscience-12un\/"},"modified":"2026-04-23T13:14:14","modified_gmt":"2026-04-23T18:14:14","slug":"best-protein-proscience-12un","status":"publish","type":"product","link":"https:\/\/perfectmass.net\/latam\/nutricion\/proteina\/whey\/best-protein-proscience-12un\/","title":{"rendered":"Best Protein &#8211; Proscience 12un."},"content":{"rendered":"<h2>Best Protein &#8211; Proscience 12un.<\/h2>\n<p><strong>Best protein<\/strong>\u00a0es un producto alimenticio a base de prote\u00edna de Suero de leche aislada, combinada con case\u00edna micelar y leucina.<\/p>\n<p><strong>Best protein<\/strong>\u00a0es una combinaci\u00f3n de una prote\u00edna de absorci\u00f3n r\u00e1pida como lo es la prote\u00edna de suero aislada de leche y case\u00edna micelar, la cual es una prote\u00edna de absorci\u00f3n lenta, con una adici\u00f3n del amino\u00e1cido leucina qui\u00e9n es el amino\u00e1cido que inicia la s\u00edntesis proteica.<\/p>\n<p>La cantidad de prote\u00edna obtenida durante el d\u00eda es b\u00e1sica para nuestra salud metab\u00f3lica, la obtenci\u00f3n de esta debe ser principalmente de los alimentos, pero en los casos que la persona no logre los requerimientos proteicos, complementar la alimentaci\u00f3n con\u00a0<strong>Best protein<\/strong>\u00a0es una excelente opci\u00f3n.<\/p>\n<p>En aquellas personas que tienen necesidades proteicas mucho m\u00e1s altas como son los atletas, o en algunos procesos de p\u00e9rdida de grasa en los cuales la cantidad de prote\u00edna se vuelve imprescindible,\u00a0<strong>Best protein<\/strong>\u00a0puede acompa\u00f1ar de una manera eficaz estos procesos.<\/p>\n<p><strong>Best protein\u00a0<\/strong>puedes consumirla a cualquier hora del d\u00eda como un complemento a tu alimentaci\u00f3n y\/o para lograr un mayor requerimiento proteico. Si realizas actividad f\u00edsica puedes utilizarla posterior al entrenamiento, mezcl\u00e1ndola con agua o si deseas aumentar su contenido cal\u00f3rico la puedes preparar en leche.<\/p>\n<div id=\"attachment_22025\" style=\"width: 310px\" class=\"wp-caption alignnone\"><img fetchpriority=\"high\" decoding=\"async\" aria-describedby=\"caption-attachment-22025\" class=\"size-medium wp-image-22025\" src=\"https:\/\/perfectmass.net\/wp-content\/uploads\/2025\/11\/caja-sachets-best-x12-300x300.webp\" alt=\"Best Protein - Proscience 12un.\" width=\"300\" height=\"300\" title=\"\" srcset=\"https:\/\/perfectmass.net\/wp-content\/uploads\/2025\/11\/caja-sachets-best-x12-300x300.webp 300w, https:\/\/perfectmass.net\/wp-content\/uploads\/2025\/11\/caja-sachets-best-x12-150x150.webp 150w, https:\/\/perfectmass.net\/wp-content\/uploads\/2025\/11\/caja-sachets-best-x12-445x445.webp 445w, https:\/\/perfectmass.net\/wp-content\/uploads\/2025\/11\/caja-sachets-best-x12-100x100.webp 100w, https:\/\/perfectmass.net\/wp-content\/uploads\/2025\/11\/caja-sachets-best-x12-1x1.webp 1w, https:\/\/perfectmass.net\/wp-content\/uploads\/2025\/11\/caja-sachets-best-x12-10x10.webp 10w, https:\/\/perfectmass.net\/wp-content\/uploads\/2025\/11\/caja-sachets-best-x12.webp 600w\" sizes=\"(max-width: 300px) 100vw, 300px\" \/><p id=\"caption-attachment-22025\" class=\"wp-caption-text\">Best Protein &#8211; <a href=\"https:\/\/proscience.com.co\/\" target=\"_blank\" rel=\"noopener\">Proscience<\/a> 12un.<\/p><\/div>\n<p>Visitar <a href=\"http:\/\/PerfectMass.net\" target=\"_blank\" rel=\"noopener\">PerfectMass.net<\/a><\/p>\n","protected":false},"excerpt":{"rendered":"<p>Prote\u00edna de alta calidad para apoyar tus objetivos diarios.<\/p>\n","protected":false},"featured_media":26456,"comment_status":"open","ping_status":"closed","template":"","meta":[],"etheme_brands":[{"term_id":2616,"name":"Proscience","slug":"proscience","term_group":0,"term_taxonomy_id":2616,"taxonomy":"brand","description":"<strong data-start=\"235\" data-end=\"260\">Proscience:<\/strong> es una marca reconocida por su compromiso con la calidad, la innovaci\u00f3n y el rendimiento dentro del mundo de la nutrici\u00f3n deportiva. Sus productos est\u00e1n desarrollados para ayudar a deportistas y personas activas a mejorar su recuperaci\u00f3n, aumentar su energ\u00eda y alcanzar sus objetivos de forma segura y efectiva. En PerfectMassNutrition\u00ae seleccionamos lo mejor de Proscience para ofrecerte suplementos confiables, con excelentes ingredientes y resultados comprobados, disponibles para toda Colombia y Latinoam\u00e9rica.","parent":0,"count":25,"filter":"raw"}],"product_brand":[2719],"product_cat":[1607,1628],"product_tag":[1608],"class_list":{"0":"post-26454","1":"product","2":"type-product","3":"status-publish","4":"has-post-thumbnail","6":"brand-proscience","7":"product_brand-proscience","8":"product_cat-proteina","9":"product_cat-whey","10":"product_tag-ganar-masa","12":"first","13":"instock","14":"sale","15":"taxable","16":"shipping-taxable","17":"purchasable","18":"product-type-variable","19":"has-default-attributes"},"_links":{"self":[{"href":"https:\/\/perfectmass.net\/latam\/wp-json\/wp\/v2\/product\/26454","targetHints":{"allow":["GET"]}}],"collection":[{"href":"https:\/\/perfectmass.net\/latam\/wp-json\/wp\/v2\/product"}],"about":[{"href":"https:\/\/perfectmass.net\/latam\/wp-json\/wp\/v2\/types\/product"}],"replies":[{"embeddable":true,"href":"https:\/\/perfectmass.net\/latam\/wp-json\/wp\/v2\/comments?post=26454"}],"version-history":[{"count":1,"href":"https:\/\/perfectmass.net\/latam\/wp-json\/wp\/v2\/product\/26454\/revisions"}],"predecessor-version":[{"id":30527,"href":"https:\/\/perfectmass.net\/latam\/wp-json\/wp\/v2\/product\/26454\/revisions\/30527"}],"wp:featuredmedia":[{"embeddable":true,"href":"https:\/\/perfectmass.net\/latam\/wp-json\/wp\/v2\/media\/26456"}],"wp:attachment":[{"href":"https:\/\/perfectmass.net\/latam\/wp-json\/wp\/v2\/media?parent=26454"}],"wp:term":[{"taxonomy":"brand","embeddable":true,"href":"https:\/\/perfectmass.net\/latam\/wp-json\/wp\/v2\/etheme_brands?post=26454"},{"taxonomy":"product_brand","embeddable":true,"href":"https:\/\/perfectmass.net\/latam\/wp-json\/wp\/v2\/product_brand?post=26454"},{"taxonomy":"product_cat","embeddable":true,"href":"https:\/\/perfectmass.net\/latam\/wp-json\/wp\/v2\/product_cat?post=26454"},{"taxonomy":"product_tag","embeddable":true,"href":"https:\/\/perfectmass.net\/latam\/wp-json\/wp\/v2\/product_tag?post=26454"}],"curies":[{"name":"wp","href":"https:\/\/api.w.org\/{rel}","templated":true}]}}