{"id":26300,"date":"2025-11-26T17:52:50","date_gmt":"2025-11-26T22:52:50","guid":{"rendered":"https:\/\/perfectmass.net\/uncategorized\/protein-crisp-bsn\/"},"modified":"2026-04-23T13:13:52","modified_gmt":"2026-04-23T18:13:52","slug":"protein-crisp-bsn","status":"publish","type":"product","link":"https:\/\/perfectmass.net\/latam\/nutricion\/otros\/barritas\/protein-crisp-bsn\/","title":{"rendered":"Protein Crisp &#8211; BSN"},"content":{"rendered":"<h2>Protein Crisp &#8211; BSN<\/h2>\n<p>BSN PROTEIN CRISP es una prote\u00edna de alta calidad dise\u00f1ada para apoyar el crecimiento y recuperaci\u00f3n muscular. Cada porci\u00f3n proporciona prote\u00ednas de r\u00e1pida absorci\u00f3n ideales para despu\u00e9s del entrenamiento. Presentaci\u00f3n: 12 UNIDADES.<\/p>\n<div id=\"attachment_15119\" style=\"width: 310px\" class=\"wp-caption alignnone\"><img fetchpriority=\"high\" decoding=\"async\" aria-describedby=\"caption-attachment-15119\" class=\"size-medium wp-image-15119\" src=\"https:\/\/perfectmass.net\/wp-content\/uploads\/2025\/11\/81bNHbAnfgL._AC_SX679_-1-300x264.jpg\" alt=\"Protein Crisp - BSN\" width=\"300\" height=\"264\" title=\"\" srcset=\"https:\/\/perfectmass.net\/wp-content\/uploads\/2025\/11\/81bNHbAnfgL._AC_SX679_-1-300x264.jpg 300w, https:\/\/perfectmass.net\/wp-content\/uploads\/2025\/11\/81bNHbAnfgL._AC_SX679_-1-445x391.jpg 445w, https:\/\/perfectmass.net\/wp-content\/uploads\/2025\/11\/81bNHbAnfgL._AC_SX679_-1-1x1.jpg 1w, https:\/\/perfectmass.net\/wp-content\/uploads\/2025\/11\/81bNHbAnfgL._AC_SX679_-1-10x10.jpg 10w, https:\/\/perfectmass.net\/wp-content\/uploads\/2025\/11\/81bNHbAnfgL._AC_SX679_-1.jpg 679w\" sizes=\"(max-width: 300px) 100vw, 300px\" \/><p id=\"caption-attachment-15119\" class=\"wp-caption-text\">Protein Crisp &#8211; <a href=\"https:\/\/www.gobsn.com\/\" target=\"_blank\" rel=\"noopener\">BSN<\/a><\/p><\/div>\n<p>Visitar <a href=\"https:\/\/perfectmass.net\/latam\/\">PerfectMass.net<\/a><\/p>\n","protected":false},"excerpt":{"rendered":"<p>Prote\u00edna de alta calidad<\/p>\n","protected":false},"featured_media":26301,"comment_status":"open","ping_status":"closed","template":"","meta":[],"etheme_brands":[{"term_id":2525,"name":"BSN","slug":"bsn","term_group":0,"term_taxonomy_id":2525,"taxonomy":"brand","description":"","parent":0,"count":4,"filter":"raw"}],"product_brand":[2667],"product_cat":[1631,1607,1628],"product_tag":[1608],"class_list":{"0":"post-26300","1":"product","2":"type-product","3":"status-publish","4":"has-post-thumbnail","6":"brand-bsn","7":"product_brand-bsn","8":"product_cat-barritas","9":"product_cat-proteina","10":"product_cat-whey","11":"product_tag-ganar-masa","13":"first","14":"instock","15":"sale","16":"taxable","17":"shipping-taxable","18":"purchasable","19":"product-type-variable"},"_links":{"self":[{"href":"https:\/\/perfectmass.net\/latam\/wp-json\/wp\/v2\/product\/26300","targetHints":{"allow":["GET"]}}],"collection":[{"href":"https:\/\/perfectmass.net\/latam\/wp-json\/wp\/v2\/product"}],"about":[{"href":"https:\/\/perfectmass.net\/latam\/wp-json\/wp\/v2\/types\/product"}],"replies":[{"embeddable":true,"href":"https:\/\/perfectmass.net\/latam\/wp-json\/wp\/v2\/comments?post=26300"}],"version-history":[{"count":1,"href":"https:\/\/perfectmass.net\/latam\/wp-json\/wp\/v2\/product\/26300\/revisions"}],"predecessor-version":[{"id":30413,"href":"https:\/\/perfectmass.net\/latam\/wp-json\/wp\/v2\/product\/26300\/revisions\/30413"}],"wp:featuredmedia":[{"embeddable":true,"href":"https:\/\/perfectmass.net\/latam\/wp-json\/wp\/v2\/media\/26301"}],"wp:attachment":[{"href":"https:\/\/perfectmass.net\/latam\/wp-json\/wp\/v2\/media?parent=26300"}],"wp:term":[{"taxonomy":"brand","embeddable":true,"href":"https:\/\/perfectmass.net\/latam\/wp-json\/wp\/v2\/etheme_brands?post=26300"},{"taxonomy":"product_brand","embeddable":true,"href":"https:\/\/perfectmass.net\/latam\/wp-json\/wp\/v2\/product_brand?post=26300"},{"taxonomy":"product_cat","embeddable":true,"href":"https:\/\/perfectmass.net\/latam\/wp-json\/wp\/v2\/product_cat?post=26300"},{"taxonomy":"product_tag","embeddable":true,"href":"https:\/\/perfectmass.net\/latam\/wp-json\/wp\/v2\/product_tag?post=26300"}],"curies":[{"name":"wp","href":"https:\/\/api.w.org\/{rel}","templated":true}]}}