{"id":26268,"date":"2025-11-26T17:52:50","date_gmt":"2025-11-26T22:52:50","guid":{"rendered":"https:\/\/perfectmass.net\/uncategorized\/bsn-n-o-xplode\/"},"modified":"2026-05-02T04:45:50","modified_gmt":"2026-05-02T09:45:50","slug":"bsn-n-o-xplode","status":"publish","type":"product","link":"https:\/\/perfectmass.net\/latam\/nutricion\/entreno\/pre\/bsn-n-o-xplode\/","title":{"rendered":"N.O Xplode &#8211; Pre-Entreno BSN"},"content":{"rendered":"<p><strong>N.O Xplode &#8211; Pre-Entreno BSN<\/strong><\/p>\n<p>N.O Xplode &#8211; Pre-Entreno BSN<\/p>\n<p>F\u00f3rmula pre-entreno dise\u00f1ada para mejorar el rendimiento, la energ\u00eda y el enfoque durante los entrenamientos m\u00e1s exigentes.<\/p>\n","protected":false},"excerpt":{"rendered":"<p>Pre-entreno para potenciar energ\u00eda, fuerza y concentraci\u00f3n.<\/p>\n","protected":false},"featured_media":26270,"comment_status":"open","ping_status":"closed","template":"","meta":[],"etheme_brands":[{"term_id":2525,"name":"BSN","slug":"bsn","term_group":0,"term_taxonomy_id":2525,"taxonomy":"brand","description":"","parent":0,"count":4,"filter":"raw"}],"product_brand":[2667],"product_cat":[3717],"product_tag":[1606],"class_list":{"0":"post-26268","1":"product","2":"type-product","3":"status-publish","4":"has-post-thumbnail","6":"brand-bsn","7":"product_brand-bsn","8":"product_cat-pre","9":"product_tag-suplemento","11":"first","12":"outofstock","13":"sale","14":"taxable","15":"shipping-taxable","16":"purchasable","17":"product-type-variable","18":"has-default-attributes"},"_links":{"self":[{"href":"https:\/\/perfectmass.net\/latam\/wp-json\/wp\/v2\/product\/26268","targetHints":{"allow":["GET"]}}],"collection":[{"href":"https:\/\/perfectmass.net\/latam\/wp-json\/wp\/v2\/product"}],"about":[{"href":"https:\/\/perfectmass.net\/latam\/wp-json\/wp\/v2\/types\/product"}],"replies":[{"embeddable":true,"href":"https:\/\/perfectmass.net\/latam\/wp-json\/wp\/v2\/comments?post=26268"}],"version-history":[{"count":1,"href":"https:\/\/perfectmass.net\/latam\/wp-json\/wp\/v2\/product\/26268\/revisions"}],"predecessor-version":[{"id":30393,"href":"https:\/\/perfectmass.net\/latam\/wp-json\/wp\/v2\/product\/26268\/revisions\/30393"}],"wp:featuredmedia":[{"embeddable":true,"href":"https:\/\/perfectmass.net\/latam\/wp-json\/wp\/v2\/media\/26270"}],"wp:attachment":[{"href":"https:\/\/perfectmass.net\/latam\/wp-json\/wp\/v2\/media?parent=26268"}],"wp:term":[{"taxonomy":"brand","embeddable":true,"href":"https:\/\/perfectmass.net\/latam\/wp-json\/wp\/v2\/etheme_brands?post=26268"},{"taxonomy":"product_brand","embeddable":true,"href":"https:\/\/perfectmass.net\/latam\/wp-json\/wp\/v2\/product_brand?post=26268"},{"taxonomy":"product_cat","embeddable":true,"href":"https:\/\/perfectmass.net\/latam\/wp-json\/wp\/v2\/product_cat?post=26268"},{"taxonomy":"product_tag","embeddable":true,"href":"https:\/\/perfectmass.net\/latam\/wp-json\/wp\/v2\/product_tag?post=26268"}],"curies":[{"name":"wp","href":"https:\/\/api.w.org\/{rel}","templated":true}]}}