{"id":26183,"date":"2025-11-26T17:52:51","date_gmt":"2025-11-26T22:52:51","guid":{"rendered":"https:\/\/perfectmass.net\/uncategorized\/syntha-6-proteina-whey-bsn\/"},"modified":"2026-04-23T13:13:34","modified_gmt":"2026-04-23T18:13:34","slug":"syntha-6-proteina-whey-bsn","status":"publish","type":"product","link":"https:\/\/perfectmass.net\/latam\/nutricion\/suplementos\/syntha-6-proteina-whey-bsn\/","title":{"rendered":"Syntha 6 &#8211; Prote\u00edna Whey BSN"},"content":{"rendered":"<h2>Syntha 6 &#8211; Prote\u00edna Whey BSN<\/h2>\n<p>BSN Syntha-6 es la prote\u00edna multi-componente m\u00e1s avanzada dise\u00f1ada para alimentar tus m\u00fasculos durante todo el d\u00eda y la noche. Con 6 fuentes proteicas de liberaci\u00f3n distinta &#8211; concentrado de whey, aislado de whey, case\u00edna micelar, prote\u00edna de huevo, glutamina y leucina &#8211; este suplemento proporciona nutrientes constantes a tus m\u00fasculos por hasta 8 horas despu\u00e9s de la ingesta. Los primeros 30g de prote\u00edna se liberan r\u00e1pidamente (whey) para iniciar la recuperaci\u00f3n inmediatamente post-entrenamiento. Los 20g restantes se liberan gradualmente (case\u00edna) para mantener tu cuerpo anab\u00f3lico y prevenir el catabolismo durante la noche o entre comidas.<\/p>\n<p>Esta estrategia de liberaci\u00f3n dual maximiza la s\u00edntesis de prote\u00edna muscular y minimiza la degradaci\u00f3n. Con solo 5g de carbohidratos por servicio, es ideal para definici\u00f3n sin comprometer la ganancia muscular. Los sabores son absolutamente irresistibles gracias a una mezcla premium que hace que cada batido sea una experiencia gastron\u00f3mica. Bajo en grasas saturadas y con fibra a\u00f1adida para mejorar la digesti\u00f3n. Mixolog\u00eda superior que se disuelve perfectamente sin grumos. La leucina extra activa la v\u00eda mTOR para m\u00e1xima s\u00edntesis proteica.<\/p>\n<p>Estudios muestran hasta 68% m\u00e1s ganancia muscular comparado con whey solo. Prote\u00edna que trabaja mientras duermes para construcci\u00f3n muscular 24\/7.<\/p>\n<p>&nbsp;<\/p>\n<div id=\"attachment_17683\" style=\"width: 310px\" class=\"wp-caption alignnone\"><img fetchpriority=\"high\" decoding=\"async\" aria-describedby=\"caption-attachment-17683\" class=\"size-medium wp-image-17683\" src=\"https:\/\/perfectmass.net\/wp-content\/uploads\/2025\/11\/BSN-Syntha-6-300x300.webp\" alt=\"Syntha 6 - Prote\u00edna Whey BSN\" width=\"300\" height=\"300\" title=\"\" srcset=\"https:\/\/perfectmass.net\/wp-content\/uploads\/2025\/11\/BSN-Syntha-6-300x300.webp 300w, https:\/\/perfectmass.net\/wp-content\/uploads\/2025\/11\/BSN-Syntha-6-150x150.webp 150w, https:\/\/perfectmass.net\/wp-content\/uploads\/2025\/11\/BSN-Syntha-6-445x445.webp 445w, https:\/\/perfectmass.net\/wp-content\/uploads\/2025\/11\/BSN-Syntha-6-100x100.webp 100w, https:\/\/perfectmass.net\/wp-content\/uploads\/2025\/11\/BSN-Syntha-6-1x1.webp 1w, https:\/\/perfectmass.net\/wp-content\/uploads\/2025\/11\/BSN-Syntha-6-10x10.webp 10w, https:\/\/perfectmass.net\/wp-content\/uploads\/2025\/11\/BSN-Syntha-6.webp 768w\" sizes=\"(max-width: 300px) 100vw, 300px\" \/><p id=\"caption-attachment-17683\" class=\"wp-caption-text\">Syntha 6 &#8211; Prote\u00edna Whey <a href=\"https:\/\/www.gobsn.com\/\" target=\"_blank\" rel=\"noopener\">BSN<\/a><\/p><\/div>\n<p>Visitar <a href=\"https:\/\/perfectmass.net\/latam\/\">PerfectMass.net<\/a><\/p>\n","protected":false},"excerpt":{"rendered":"<p>Prote\u00edna multi-componente 50g<\/p>\n","protected":false},"featured_media":26185,"comment_status":"open","ping_status":"closed","template":"","meta":[],"etheme_brands":[{"term_id":2525,"name":"BSN","slug":"bsn","term_group":0,"term_taxonomy_id":2525,"taxonomy":"brand","description":"","parent":0,"count":4,"filter":"raw"}],"product_brand":[2667],"product_cat":[1501,1605],"product_tag":[1606],"class_list":{"0":"post-26183","1":"product","2":"type-product","3":"status-publish","4":"has-post-thumbnail","6":"brand-bsn","7":"product_brand-bsn","8":"product_cat-nutricion","9":"product_cat-suplementos","10":"product_tag-suplemento","12":"first","13":"instock","14":"sale","15":"taxable","16":"shipping-taxable","17":"purchasable","18":"product-type-variable"},"_links":{"self":[{"href":"https:\/\/perfectmass.net\/latam\/wp-json\/wp\/v2\/product\/26183","targetHints":{"allow":["GET"]}}],"collection":[{"href":"https:\/\/perfectmass.net\/latam\/wp-json\/wp\/v2\/product"}],"about":[{"href":"https:\/\/perfectmass.net\/latam\/wp-json\/wp\/v2\/types\/product"}],"replies":[{"embeddable":true,"href":"https:\/\/perfectmass.net\/latam\/wp-json\/wp\/v2\/comments?post=26183"}],"version-history":[{"count":1,"href":"https:\/\/perfectmass.net\/latam\/wp-json\/wp\/v2\/product\/26183\/revisions"}],"predecessor-version":[{"id":30325,"href":"https:\/\/perfectmass.net\/latam\/wp-json\/wp\/v2\/product\/26183\/revisions\/30325"}],"wp:featuredmedia":[{"embeddable":true,"href":"https:\/\/perfectmass.net\/latam\/wp-json\/wp\/v2\/media\/26185"}],"wp:attachment":[{"href":"https:\/\/perfectmass.net\/latam\/wp-json\/wp\/v2\/media?parent=26183"}],"wp:term":[{"taxonomy":"brand","embeddable":true,"href":"https:\/\/perfectmass.net\/latam\/wp-json\/wp\/v2\/etheme_brands?post=26183"},{"taxonomy":"product_brand","embeddable":true,"href":"https:\/\/perfectmass.net\/latam\/wp-json\/wp\/v2\/product_brand?post=26183"},{"taxonomy":"product_cat","embeddable":true,"href":"https:\/\/perfectmass.net\/latam\/wp-json\/wp\/v2\/product_cat?post=26183"},{"taxonomy":"product_tag","embeddable":true,"href":"https:\/\/perfectmass.net\/latam\/wp-json\/wp\/v2\/product_tag?post=26183"}],"curies":[{"name":"wp","href":"https:\/\/api.w.org\/{rel}","templated":true}]}}