{"id":26156,"date":"2025-11-26T17:52:52","date_gmt":"2025-11-26T22:52:52","guid":{"rendered":"https:\/\/perfectmass.net\/uncategorized\/hi-tech-resveratrol\/"},"modified":"2026-04-23T13:13:23","modified_gmt":"2026-04-23T18:13:23","slug":"hi-tech-resveratrol","status":"publish","type":"product","link":"https:\/\/perfectmass.net\/latam\/nutricion\/suplementos\/hi-tech-resveratrol\/","title":{"rendered":"Resveratrol &#8211; Vitaminas y Minerales Hi-Tech"},"content":{"rendered":"<p>Hitech Pharm Resveratrol es un polifenol natural poderoso encontrado en la piel de las uvas rojas y en ciertos alimentos. Los estudios sobre resveratrol han demostrado propiedades anti-envejecimiento extraordinarias a nivel celular. Resveratrol activa genes llamados sirtu\u00ednas, que est\u00e1n asociados con longevidad y funci\u00f3n celular mejorada. Este compuesto puede simular muchos de los efectos de la restricci\u00f3n cal\u00f3rica extrema, incluyendo activaci\u00f3n de genes de longevidad. Para atletas, esto se traduce en mejor salud celular general, mejor recuperaci\u00f3n y potencialmente mejor rendimiento a largo plazo. Resveratrol tambi\u00e9n tiene propiedades antioxidantes potentes, protegiendo tus c\u00e9lulas de da\u00f1o oxidativo que puede acumularse con entrenamiento intenso. La inflamaci\u00f3n cr\u00f3nica tambi\u00e9n puede reducirse con resveratrol. Algunos estudios sugieren que puede mejorar la funci\u00f3n cardiovascular y la sensibilidad a la insulina. Tambi\u00e9n puede mejorar la funci\u00f3n cognitiva y proteger contra enfermedades neurodegenerativas. Cada c\u00e1psula proporciona 500mg de extracto de uva de alta calidad estandarizado para contenido de resveratrol. La dosis est\u00e1 optimizada para m\u00e1ximo beneficio basado en estudios cient\u00edficos. Sin efectos secundarios conocidos. Compatible con cualquier protocolo de suplementaci\u00f3n. Calidad farmac\u00e9utica certificada. Importado desde USA. Complemento perfecto para una estrategia de longevidad y rendimiento sostenido.<\/p>\n","protected":false},"excerpt":{"rendered":"<p>Antioxidante natural 500mg<\/p>\n","protected":false},"featured_media":26157,"comment_status":"open","ping_status":"closed","template":"","meta":[],"etheme_brands":[{"term_id":2568,"name":"Hi-Tech","slug":"hi-tech","term_group":0,"term_taxonomy_id":2568,"taxonomy":"brand","description":"<strong data-start=\"235\" data-end=\"260\">Hi-Tech:<\/strong> es una marca reconocida por su compromiso con la calidad, la innovaci\u00f3n y el rendimiento dentro del mundo de la nutrici\u00f3n deportiva. Sus productos est\u00e1n desarrollados para ayudar a deportistas y personas activas a mejorar su recuperaci\u00f3n, aumentar su energ\u00eda y alcanzar sus objetivos de forma segura y efectiva. En PerfectMassNutrition\u00ae seleccionamos lo mejor de Hi-Tech para ofrecerte suplementos confiables, con excelentes ingredientes y resultados comprobados, disponibles para toda Colombia y Latinoam\u00e9rica.","parent":0,"count":18,"filter":"raw"}],"product_brand":[2785],"product_cat":[1501,1605],"product_tag":[1606],"class_list":{"0":"post-26156","1":"product","2":"type-product","3":"status-publish","4":"has-post-thumbnail","6":"brand-hi-tech","7":"product_brand-hi-tech","8":"product_cat-nutricion","9":"product_cat-suplementos","10":"product_tag-suplemento","12":"first","13":"instock","14":"sale","15":"taxable","16":"shipping-taxable","17":"purchasable","18":"product-type-variable","19":"has-default-attributes"},"_links":{"self":[{"href":"https:\/\/perfectmass.net\/latam\/wp-json\/wp\/v2\/product\/26156","targetHints":{"allow":["GET"]}}],"collection":[{"href":"https:\/\/perfectmass.net\/latam\/wp-json\/wp\/v2\/product"}],"about":[{"href":"https:\/\/perfectmass.net\/latam\/wp-json\/wp\/v2\/types\/product"}],"replies":[{"embeddable":true,"href":"https:\/\/perfectmass.net\/latam\/wp-json\/wp\/v2\/comments?post=26156"}],"version-history":[{"count":1,"href":"https:\/\/perfectmass.net\/latam\/wp-json\/wp\/v2\/product\/26156\/revisions"}],"predecessor-version":[{"id":30285,"href":"https:\/\/perfectmass.net\/latam\/wp-json\/wp\/v2\/product\/26156\/revisions\/30285"}],"wp:featuredmedia":[{"embeddable":true,"href":"https:\/\/perfectmass.net\/latam\/wp-json\/wp\/v2\/media\/26157"}],"wp:attachment":[{"href":"https:\/\/perfectmass.net\/latam\/wp-json\/wp\/v2\/media?parent=26156"}],"wp:term":[{"taxonomy":"brand","embeddable":true,"href":"https:\/\/perfectmass.net\/latam\/wp-json\/wp\/v2\/etheme_brands?post=26156"},{"taxonomy":"product_brand","embeddable":true,"href":"https:\/\/perfectmass.net\/latam\/wp-json\/wp\/v2\/product_brand?post=26156"},{"taxonomy":"product_cat","embeddable":true,"href":"https:\/\/perfectmass.net\/latam\/wp-json\/wp\/v2\/product_cat?post=26156"},{"taxonomy":"product_tag","embeddable":true,"href":"https:\/\/perfectmass.net\/latam\/wp-json\/wp\/v2\/product_tag?post=26156"}],"curies":[{"name":"wp","href":"https:\/\/api.w.org\/{rel}","templated":true}]}}