{"id":26017,"date":"2025-11-26T17:52:53","date_gmt":"2025-11-26T22:52:53","guid":{"rendered":"https:\/\/perfectmass.net\/uncategorized\/cellucor-c4-ripped\/"},"modified":"2026-05-02T04:44:55","modified_gmt":"2026-05-02T09:44:55","slug":"cellucor-c4-ripped","status":"publish","type":"product","link":"https:\/\/perfectmass.net\/latam\/uncategorized\/cellucor-c4-ripped\/","title":{"rendered":"C4 Ripped &#8211; Pre-Entreno Cellucor"},"content":{"rendered":"<p>Cellucor C4 Ripped es un quemador de grasa dise\u00f1ado para acelerar el metabolismo y promover la p\u00e9rdida de peso. Contiene ingredientes termog\u00e9nicos de origen natural. Presentaci\u00f3n: 30 SERVICIOS.<\/p>\n","protected":false},"excerpt":{"rendered":"<p>Quemador de grasa<\/p>\n","protected":false},"featured_media":26019,"comment_status":"open","ping_status":"closed","template":"","meta":[],"etheme_brands":[{"term_id":2529,"name":"Cellucor","slug":"cellucor","term_group":0,"term_taxonomy_id":2529,"taxonomy":"brand","description":"<strong data-start=\"235\" data-end=\"260\">Cellucor:<\/strong> es una marca reconocida por su compromiso con la calidad, la innovaci\u00f3n y el rendimiento dentro del mundo de la nutrici\u00f3n deportiva. Sus productos est\u00e1n desarrollados para ayudar a deportistas y personas activas a mejorar su recuperaci\u00f3n, aumentar su energ\u00eda y alcanzar sus objetivos de forma segura y efectiva. En PerfectMassNutrition\u00ae seleccionamos lo mejor de Cellucor para ofrecerte suplementos confiables, con excelentes ingredientes y resultados comprobados, disponibles para toda Colombia y Latinoam\u00e9rica.","parent":0,"count":5,"filter":"raw"}],"product_brand":[2670],"product_cat":[],"product_tag":[1626],"class_list":{"0":"post-26017","1":"product","2":"type-product","3":"status-publish","4":"has-post-thumbnail","6":"brand-cellucor","7":"product_brand-cellucor","8":"product_tag-perder-peso","10":"first","11":"outofstock","12":"sale","13":"taxable","14":"shipping-taxable","15":"purchasable","16":"product-type-variable","17":"has-default-attributes"},"_links":{"self":[{"href":"https:\/\/perfectmass.net\/latam\/wp-json\/wp\/v2\/product\/26017","targetHints":{"allow":["GET"]}}],"collection":[{"href":"https:\/\/perfectmass.net\/latam\/wp-json\/wp\/v2\/product"}],"about":[{"href":"https:\/\/perfectmass.net\/latam\/wp-json\/wp\/v2\/types\/product"}],"replies":[{"embeddable":true,"href":"https:\/\/perfectmass.net\/latam\/wp-json\/wp\/v2\/comments?post=26017"}],"version-history":[{"count":1,"href":"https:\/\/perfectmass.net\/latam\/wp-json\/wp\/v2\/product\/26017\/revisions"}],"predecessor-version":[{"id":30195,"href":"https:\/\/perfectmass.net\/latam\/wp-json\/wp\/v2\/product\/26017\/revisions\/30195"}],"wp:featuredmedia":[{"embeddable":true,"href":"https:\/\/perfectmass.net\/latam\/wp-json\/wp\/v2\/media\/26019"}],"wp:attachment":[{"href":"https:\/\/perfectmass.net\/latam\/wp-json\/wp\/v2\/media?parent=26017"}],"wp:term":[{"taxonomy":"brand","embeddable":true,"href":"https:\/\/perfectmass.net\/latam\/wp-json\/wp\/v2\/etheme_brands?post=26017"},{"taxonomy":"product_brand","embeddable":true,"href":"https:\/\/perfectmass.net\/latam\/wp-json\/wp\/v2\/product_brand?post=26017"},{"taxonomy":"product_cat","embeddable":true,"href":"https:\/\/perfectmass.net\/latam\/wp-json\/wp\/v2\/product_cat?post=26017"},{"taxonomy":"product_tag","embeddable":true,"href":"https:\/\/perfectmass.net\/latam\/wp-json\/wp\/v2\/product_tag?post=26017"}],"curies":[{"name":"wp","href":"https:\/\/api.w.org\/{rel}","templated":true}]}}