{"id":25994,"date":"2025-11-26T17:52:53","date_gmt":"2025-11-26T22:52:53","guid":{"rendered":"https:\/\/perfectmass.net\/uncategorized\/metabolic-nutrition-magnesium\/"},"modified":"2026-04-23T13:13:00","modified_gmt":"2026-04-23T18:13:00","slug":"metabolic-nutrition-magnesium","status":"publish","type":"product","link":"https:\/\/perfectmass.net\/latam\/nutricion\/suplementos\/metabolic-nutrition-magnesium\/","title":{"rendered":"Magnesium &#8211; Vitaminas y Minerales Metabolic Nutrition"},"content":{"rendered":"<p><strong>Magnesium &#8211; Vitaminas y Minerales Metabolic Nutrition<\/strong><\/p>\n<p>Magnesium &#8211; Vitaminas y Minerales Metabolic Nutrition<\/p>\n<p>F\u00f3rmula de vitaminas y minerales para cubrir necesidades nutricionales diarias y apoyar el bienestar general.<\/p>\n","protected":false},"excerpt":{"rendered":"<p>Suplemento vitam\u00ednico para bienestar general y soporte nutricional.<\/p>\n","protected":false},"featured_media":25995,"comment_status":"open","ping_status":"closed","template":"","meta":[],"etheme_brands":[{"term_id":2592,"name":"Metabolic Nutrition","slug":"metabolic-nutrition","term_group":0,"term_taxonomy_id":2592,"taxonomy":"brand","description":"<strong data-start=\"235\" data-end=\"260\">Metabolic Nutrition:<\/strong> es una marca reconocida por su compromiso con la calidad, la innovaci\u00f3n y el rendimiento dentro del mundo de la nutrici\u00f3n deportiva. Sus productos est\u00e1n desarrollados para ayudar a deportistas y personas activas a mejorar su recuperaci\u00f3n, aumentar su energ\u00eda y alcanzar sus objetivos de forma segura y efectiva. En PerfectMassNutrition\u00ae seleccionamos lo mejor de Metabolic Nutrition para ofrecerte suplementos confiables, con excelentes ingredientes y resultados comprobados, disponibles para toda Colombia y Latinoam\u00e9rica.","parent":0,"count":11,"filter":"raw"}],"product_brand":[2769],"product_cat":[1501,1605],"product_tag":[1606],"class_list":{"0":"post-25994","1":"product","2":"type-product","3":"status-publish","4":"has-post-thumbnail","6":"brand-metabolic-nutrition","7":"product_brand-metabolic-nutrition","8":"product_cat-nutricion","9":"product_cat-suplementos","10":"product_tag-suplemento","12":"first","13":"outofstock","14":"sale","15":"taxable","16":"shipping-taxable","17":"purchasable","18":"product-type-variable","19":"has-default-attributes"},"_links":{"self":[{"href":"https:\/\/perfectmass.net\/latam\/wp-json\/wp\/v2\/product\/25994","targetHints":{"allow":["GET"]}}],"collection":[{"href":"https:\/\/perfectmass.net\/latam\/wp-json\/wp\/v2\/product"}],"about":[{"href":"https:\/\/perfectmass.net\/latam\/wp-json\/wp\/v2\/types\/product"}],"replies":[{"embeddable":true,"href":"https:\/\/perfectmass.net\/latam\/wp-json\/wp\/v2\/comments?post=25994"}],"version-history":[{"count":1,"href":"https:\/\/perfectmass.net\/latam\/wp-json\/wp\/v2\/product\/25994\/revisions"}],"predecessor-version":[{"id":30179,"href":"https:\/\/perfectmass.net\/latam\/wp-json\/wp\/v2\/product\/25994\/revisions\/30179"}],"wp:featuredmedia":[{"embeddable":true,"href":"https:\/\/perfectmass.net\/latam\/wp-json\/wp\/v2\/media\/25995"}],"wp:attachment":[{"href":"https:\/\/perfectmass.net\/latam\/wp-json\/wp\/v2\/media?parent=25994"}],"wp:term":[{"taxonomy":"brand","embeddable":true,"href":"https:\/\/perfectmass.net\/latam\/wp-json\/wp\/v2\/etheme_brands?post=25994"},{"taxonomy":"product_brand","embeddable":true,"href":"https:\/\/perfectmass.net\/latam\/wp-json\/wp\/v2\/product_brand?post=25994"},{"taxonomy":"product_cat","embeddable":true,"href":"https:\/\/perfectmass.net\/latam\/wp-json\/wp\/v2\/product_cat?post=25994"},{"taxonomy":"product_tag","embeddable":true,"href":"https:\/\/perfectmass.net\/latam\/wp-json\/wp\/v2\/product_tag?post=25994"}],"curies":[{"name":"wp","href":"https:\/\/api.w.org\/{rel}","templated":true}]}}