{"id":25888,"date":"2025-11-26T17:53:05","date_gmt":"2025-11-26T22:53:05","guid":{"rendered":"https:\/\/perfectmass.net\/uncategorized\/muscletech-mass-tech-xtreme\/"},"modified":"2026-05-02T04:43:55","modified_gmt":"2026-05-02T09:43:55","slug":"muscletech-mass-tech-xtreme","status":"publish","type":"product","link":"https:\/\/perfectmass.net\/latam\/nutricion\/suplementos\/muscletech-mass-tech-xtreme\/","title":{"rendered":"Mass Tech Xtreme &#8211; MuscleTech"},"content":{"rendered":"<p>MuscleTech Mass Tech Xtreme es un ganador de masa muscular formulado con prote\u00ednas y carbohidratos de calidad. Ideal para personas que buscan aumentar su peso y masa muscular. Presentaci\u00f3n: 12 LIBRAS.<\/p>\n","protected":false},"excerpt":{"rendered":"<p>Ganador de masa muscular<\/p>\n","protected":false},"featured_media":25890,"comment_status":"open","ping_status":"closed","template":"","meta":[],"etheme_brands":[{"term_id":2598,"name":"MuscleTech","slug":"muscletech","term_group":0,"term_taxonomy_id":2598,"taxonomy":"brand","description":"<strong data-start=\"235\" data-end=\"260\">MuscleTech:<\/strong> es una marca reconocida por su compromiso con la calidad, la innovaci\u00f3n y el rendimiento dentro del mundo de la nutrici\u00f3n deportiva. Sus productos est\u00e1n desarrollados para ayudar a deportistas y personas activas a mejorar su recuperaci\u00f3n, aumentar su energ\u00eda y alcanzar sus objetivos de forma segura y efectiva. En PerfectMassNutrition\u00ae seleccionamos lo mejor de MuscleTech para ofrecerte suplementos confiables, con excelentes ingredientes y resultados comprobados, disponibles para toda Colombia y Latinoam\u00e9rica.","parent":0,"count":17,"filter":"raw"}],"product_brand":[2701],"product_cat":[3677],"product_tag":[1608],"class_list":{"0":"post-25888","1":"product","2":"type-product","3":"status-publish","4":"has-post-thumbnail","6":"brand-muscletech","7":"product_brand-muscletech","8":"product_cat-suplementos","9":"product_tag-ganar-masa","11":"first","12":"instock","13":"sale","14":"taxable","15":"shipping-taxable","16":"purchasable","17":"product-type-variable","18":"has-default-attributes"},"_links":{"self":[{"href":"https:\/\/perfectmass.net\/latam\/wp-json\/wp\/v2\/product\/25888","targetHints":{"allow":["GET"]}}],"collection":[{"href":"https:\/\/perfectmass.net\/latam\/wp-json\/wp\/v2\/product"}],"about":[{"href":"https:\/\/perfectmass.net\/latam\/wp-json\/wp\/v2\/types\/product"}],"replies":[{"embeddable":true,"href":"https:\/\/perfectmass.net\/latam\/wp-json\/wp\/v2\/comments?post=25888"}],"version-history":[{"count":1,"href":"https:\/\/perfectmass.net\/latam\/wp-json\/wp\/v2\/product\/25888\/revisions"}],"predecessor-version":[{"id":30139,"href":"https:\/\/perfectmass.net\/latam\/wp-json\/wp\/v2\/product\/25888\/revisions\/30139"}],"wp:featuredmedia":[{"embeddable":true,"href":"https:\/\/perfectmass.net\/latam\/wp-json\/wp\/v2\/media\/25890"}],"wp:attachment":[{"href":"https:\/\/perfectmass.net\/latam\/wp-json\/wp\/v2\/media?parent=25888"}],"wp:term":[{"taxonomy":"brand","embeddable":true,"href":"https:\/\/perfectmass.net\/latam\/wp-json\/wp\/v2\/etheme_brands?post=25888"},{"taxonomy":"product_brand","embeddable":true,"href":"https:\/\/perfectmass.net\/latam\/wp-json\/wp\/v2\/product_brand?post=25888"},{"taxonomy":"product_cat","embeddable":true,"href":"https:\/\/perfectmass.net\/latam\/wp-json\/wp\/v2\/product_cat?post=25888"},{"taxonomy":"product_tag","embeddable":true,"href":"https:\/\/perfectmass.net\/latam\/wp-json\/wp\/v2\/product_tag?post=25888"}],"curies":[{"name":"wp","href":"https:\/\/api.w.org\/{rel}","templated":true}]}}