{"id":25873,"date":"2025-11-26T17:53:05","date_gmt":"2025-11-26T22:53:05","guid":{"rendered":"https:\/\/perfectmass.net\/uncategorized\/black-viper-quemador-de-grasa-dragon-pharma\/"},"modified":"2026-05-02T04:08:58","modified_gmt":"2026-05-02T09:08:58","slug":"black-viper-quemador-de-grasa-dragon-pharma","status":"publish","type":"product","link":"https:\/\/perfectmass.net\/latam\/uncategorized\/black-viper-quemador-de-grasa-dragon-pharma\/","title":{"rendered":"Black Viper &#8211; Quemador de Grasa Dragon Pharma"},"content":{"rendered":"<h2><strong>Black Viper &#8211; Quemador de Grasa Dragon Pharma<\/strong><\/h2>\n<p>Baja energ\u00eda, un estado de \u00e1nimo desfavorable por el hambre y el agotamiento, y en general, no te sientes como antes.<\/p>\n<p>Dragon Pharma Black Viper\u00ae fue dise\u00f1ado para facilitarte el proceso de conseguir ese cuerpo esbelto que tanto te ha costado conseguir.<\/p>\n<p>C\u00d3MO UTILIZAR:<\/p>\n<p>Tome 1 dosis (1 c\u00e1psula) por la ma\u00f1ana con 237 ml de agua.<\/p>\n<p>Una vez evaluada la tolerancia, puede tomar una dosis adicional 6-7 horas despu\u00e9s.<\/p>\n<p>NO EXCEDER DE 2 DOSIS EN 24 HORAS.<\/p>\n<p>ADVERTENCIA<br \/>\nEste producto est\u00e1 destinado a adultos sanos mayores de 18 a\u00f1os. Consulte a un m\u00e9dico antes de usar este o cualquier otro suplemento diet\u00e9tico. No tome este producto si est\u00e1 embarazada o en per\u00edodo de lactancia, si tiene o sospecha que puede tener una afecci\u00f3n m\u00e9dica o si est\u00e1 tomando alg\u00fan medicamento con o sin receta. No exceda la dosis recomendada. Exceder la dosis recomendada puede causar efectos adversos para la salud. Este producto contiene cafe\u00edna.<\/p>\n<div id=\"attachment_15197\" style=\"width: 310px\" class=\"wp-caption alignnone\"><img fetchpriority=\"high\" decoding=\"async\" aria-describedby=\"caption-attachment-15197\" class=\"size-medium wp-image-15197\" src=\"https:\/\/perfectmass.net\/wp-content\/uploads\/2025\/11\/RENDERS-600X600-2023_0025_viper-dragon-front_1200x1200-300x300.png\" alt=\"Black Viper - Quemador de Grasa\" width=\"300\" height=\"300\" title=\"\" srcset=\"https:\/\/perfectmass.net\/wp-content\/uploads\/2025\/11\/RENDERS-600X600-2023_0025_viper-dragon-front_1200x1200-300x300.png 300w, https:\/\/perfectmass.net\/wp-content\/uploads\/2025\/11\/RENDERS-600X600-2023_0025_viper-dragon-front_1200x1200-150x150.png 150w, https:\/\/perfectmass.net\/wp-content\/uploads\/2025\/11\/RENDERS-600X600-2023_0025_viper-dragon-front_1200x1200-445x445.png 445w, https:\/\/perfectmass.net\/wp-content\/uploads\/2025\/11\/RENDERS-600X600-2023_0025_viper-dragon-front_1200x1200-100x100.png 100w, https:\/\/perfectmass.net\/wp-content\/uploads\/2025\/11\/RENDERS-600X600-2023_0025_viper-dragon-front_1200x1200-1x1.png 1w, https:\/\/perfectmass.net\/wp-content\/uploads\/2025\/11\/RENDERS-600X600-2023_0025_viper-dragon-front_1200x1200-10x10.png 10w, https:\/\/perfectmass.net\/wp-content\/uploads\/2025\/11\/RENDERS-600X600-2023_0025_viper-dragon-front_1200x1200.png 600w\" sizes=\"(max-width: 300px) 100vw, 300px\" \/><p id=\"caption-attachment-15197\" class=\"wp-caption-text\">Black Viper &#8211; Quemador de Grasa <a href=\"https:\/\/dragonpharmalabs.com\/\" target=\"_blank\" rel=\"noopener\">Dragon Pharma<\/a><\/p><\/div>\n<p>Visitar <a href=\"http:\/\/perfectmass.net\/latam\/\">PerfectMass.net<\/a><\/p>\n","protected":false},"excerpt":{"rendered":"<p>Termog\u00e9nico para apoyar la definici\u00f3n y el control del peso.<\/p>\n","protected":false},"featured_media":25875,"comment_status":"open","ping_status":"closed","template":"","meta":[],"etheme_brands":[{"term_id":2533,"name":"Dragon Pharma","slug":"dragon-pharma","term_group":0,"term_taxonomy_id":2533,"taxonomy":"brand","description":"<strong data-start=\"235\" data-end=\"260\">Dragon Pharma:<\/strong> es una marca reconocida por su compromiso con la calidad, la innovaci\u00f3n y el rendimiento dentro del mundo de la nutrici\u00f3n deportiva. Sus productos est\u00e1n desarrollados para ayudar a deportistas y personas activas a mejorar su recuperaci\u00f3n, aumentar su energ\u00eda y alcanzar sus objetivos de forma segura y efectiva. En PerfectMassNutrition\u00ae seleccionamos lo mejor de Dragon Pharma para ofrecerte suplementos confiables, con excelentes ingredientes y resultados comprobados, disponibles para toda Colombia y Latinoam\u00e9rica.","parent":0,"count":10,"filter":"raw"}],"product_brand":[2676],"product_cat":[],"product_tag":[1606],"class_list":{"0":"post-25873","1":"product","2":"type-product","3":"status-publish","4":"has-post-thumbnail","6":"brand-dragon-pharma","7":"product_brand-dragon-pharma","8":"product_tag-suplemento","10":"first","11":"instock","12":"sale","13":"taxable","14":"shipping-taxable","15":"purchasable","16":"product-type-variable","17":"has-default-attributes"},"_links":{"self":[{"href":"https:\/\/perfectmass.net\/latam\/wp-json\/wp\/v2\/product\/25873","targetHints":{"allow":["GET"]}}],"collection":[{"href":"https:\/\/perfectmass.net\/latam\/wp-json\/wp\/v2\/product"}],"about":[{"href":"https:\/\/perfectmass.net\/latam\/wp-json\/wp\/v2\/types\/product"}],"replies":[{"embeddable":true,"href":"https:\/\/perfectmass.net\/latam\/wp-json\/wp\/v2\/comments?post=25873"}],"version-history":[{"count":1,"href":"https:\/\/perfectmass.net\/latam\/wp-json\/wp\/v2\/product\/25873\/revisions"}],"predecessor-version":[{"id":30131,"href":"https:\/\/perfectmass.net\/latam\/wp-json\/wp\/v2\/product\/25873\/revisions\/30131"}],"wp:featuredmedia":[{"embeddable":true,"href":"https:\/\/perfectmass.net\/latam\/wp-json\/wp\/v2\/media\/25875"}],"wp:attachment":[{"href":"https:\/\/perfectmass.net\/latam\/wp-json\/wp\/v2\/media?parent=25873"}],"wp:term":[{"taxonomy":"brand","embeddable":true,"href":"https:\/\/perfectmass.net\/latam\/wp-json\/wp\/v2\/etheme_brands?post=25873"},{"taxonomy":"product_brand","embeddable":true,"href":"https:\/\/perfectmass.net\/latam\/wp-json\/wp\/v2\/product_brand?post=25873"},{"taxonomy":"product_cat","embeddable":true,"href":"https:\/\/perfectmass.net\/latam\/wp-json\/wp\/v2\/product_cat?post=25873"},{"taxonomy":"product_tag","embeddable":true,"href":"https:\/\/perfectmass.net\/latam\/wp-json\/wp\/v2\/product_tag?post=25873"}],"curies":[{"name":"wp","href":"https:\/\/api.w.org\/{rel}","templated":true}]}}