{"id":25728,"date":"2025-11-26T17:53:07","date_gmt":"2025-11-26T22:53:07","guid":{"rendered":"https:\/\/perfectmass.net\/uncategorized\/fematrope-hormona-de-crecimiento-dragon-pharma\/"},"modified":"2026-04-23T13:11:46","modified_gmt":"2026-04-23T18:11:46","slug":"fematrope-hormona-de-crecimiento-dragon-pharma","status":"publish","type":"product","link":"https:\/\/perfectmass.net\/latam\/uncategorized\/fematrope-hormona-de-crecimiento-dragon-pharma\/","title":{"rendered":"FEMATROPE &#8211; Hormona de Crecimiento Dragon Pharma"},"content":{"rendered":"<h2>FEMATROPE &#8211; Hormona de Crecimiento Dragon Pharma<\/h2>\n<p>Con ingredientes respaldados por investigaciones que favorecen el anabolismo natural, lo que resulta en un mayor crecimiento muscular, una recuperaci\u00f3n acelerada tras el entrenamiento, una mejor absorci\u00f3n de nutrientes y un apoyo integral a la musculatura, Fematrope\u00ae te ayudar\u00e1 a alcanzar tus objetivos m\u00e1s r\u00e1pido y a lograr esa imagen de mujer alfa.<\/p>\n<p>Chicas, si llevan tiempo entrenando con pesas, saben de qu\u00e9 se trata. Superar marcas personales, superarse en cada entrenamiento y conseguir m\u00e1s m\u00fasculo con menos grasa corporal, todo en busca de la figura femenina perfecta. Aunque se esfuercen al m\u00e1ximo en el gimnasio, a veces parece inevitable estancarse\u2026 se quedan estancadas y no parecen ganar m\u00e1s masa muscular ni fuerza. Fematrope est\u00e1 aqu\u00ed para darles la ventaja y ayudarlas a retomar el camino correcto.<\/p>\n<div id=\"attachment_15214\" style=\"width: 310px\" class=\"wp-caption alignnone\"><img fetchpriority=\"high\" decoding=\"async\" aria-describedby=\"caption-attachment-15214\" class=\"size-medium wp-image-15214\" src=\"https:\/\/perfectmass.net\/wp-content\/uploads\/2025\/11\/RENDERS-600X600-2023_0028_new-fema-front_1200x1200-300x300.png\" alt=\"FEMATROPE - Hormona de Crecimiento Dragon Pharma\" width=\"300\" height=\"300\" title=\"\" srcset=\"https:\/\/perfectmass.net\/wp-content\/uploads\/2025\/11\/RENDERS-600X600-2023_0028_new-fema-front_1200x1200-300x300.png 300w, https:\/\/perfectmass.net\/wp-content\/uploads\/2025\/11\/RENDERS-600X600-2023_0028_new-fema-front_1200x1200-150x150.png 150w, https:\/\/perfectmass.net\/wp-content\/uploads\/2025\/11\/RENDERS-600X600-2023_0028_new-fema-front_1200x1200-445x445.png 445w, https:\/\/perfectmass.net\/wp-content\/uploads\/2025\/11\/RENDERS-600X600-2023_0028_new-fema-front_1200x1200-100x100.png 100w, https:\/\/perfectmass.net\/wp-content\/uploads\/2025\/11\/RENDERS-600X600-2023_0028_new-fema-front_1200x1200-1x1.png 1w, https:\/\/perfectmass.net\/wp-content\/uploads\/2025\/11\/RENDERS-600X600-2023_0028_new-fema-front_1200x1200-10x10.png 10w, https:\/\/perfectmass.net\/wp-content\/uploads\/2025\/11\/RENDERS-600X600-2023_0028_new-fema-front_1200x1200.png 600w\" sizes=\"(max-width: 300px) 100vw, 300px\" \/><p id=\"caption-attachment-15214\" class=\"wp-caption-text\">FEMATROPE &#8211; Hormona de Crecimiento <a href=\"https:\/\/dragonpharmalabs.com\/\" target=\"_blank\" rel=\"noopener\">Dragon Pharma<\/a><\/p><\/div>\n<p>Visitar <a href=\"http:\/\/perfectmass.net\/latam\/\">PerfectMass.net<\/a><\/p>\n","protected":false},"excerpt":{"rendered":"<p>Producto farmac\u00e9utico de hormona de crecimiento de alta pureza.<\/p>\n","protected":false},"featured_media":25729,"comment_status":"open","ping_status":"closed","template":"","meta":[],"etheme_brands":[{"term_id":2533,"name":"Dragon Pharma","slug":"dragon-pharma","term_group":0,"term_taxonomy_id":2533,"taxonomy":"brand","description":"<strong data-start=\"235\" data-end=\"260\">Dragon Pharma:<\/strong> es una marca reconocida por su compromiso con la calidad, la innovaci\u00f3n y el rendimiento dentro del mundo de la nutrici\u00f3n deportiva. Sus productos est\u00e1n desarrollados para ayudar a deportistas y personas activas a mejorar su recuperaci\u00f3n, aumentar su energ\u00eda y alcanzar sus objetivos de forma segura y efectiva. En PerfectMassNutrition\u00ae seleccionamos lo mejor de Dragon Pharma para ofrecerte suplementos confiables, con excelentes ingredientes y resultados comprobados, disponibles para toda Colombia y Latinoam\u00e9rica.","parent":0,"count":10,"filter":"raw"}],"product_brand":[2676],"product_cat":[],"product_tag":[1606],"class_list":{"0":"post-25728","1":"product","2":"type-product","3":"status-publish","4":"has-post-thumbnail","6":"brand-dragon-pharma","7":"product_brand-dragon-pharma","8":"product_tag-suplemento","10":"first","11":"outofstock","12":"sale","13":"taxable","14":"shipping-taxable","15":"purchasable","16":"product-type-variable","17":"has-default-attributes"},"_links":{"self":[{"href":"https:\/\/perfectmass.net\/latam\/wp-json\/wp\/v2\/product\/25728","targetHints":{"allow":["GET"]}}],"collection":[{"href":"https:\/\/perfectmass.net\/latam\/wp-json\/wp\/v2\/product"}],"about":[{"href":"https:\/\/perfectmass.net\/latam\/wp-json\/wp\/v2\/types\/product"}],"replies":[{"embeddable":true,"href":"https:\/\/perfectmass.net\/latam\/wp-json\/wp\/v2\/comments?post=25728"}],"version-history":[{"count":1,"href":"https:\/\/perfectmass.net\/latam\/wp-json\/wp\/v2\/product\/25728\/revisions"}],"predecessor-version":[{"id":30049,"href":"https:\/\/perfectmass.net\/latam\/wp-json\/wp\/v2\/product\/25728\/revisions\/30049"}],"wp:featuredmedia":[{"embeddable":true,"href":"https:\/\/perfectmass.net\/latam\/wp-json\/wp\/v2\/media\/25729"}],"wp:attachment":[{"href":"https:\/\/perfectmass.net\/latam\/wp-json\/wp\/v2\/media?parent=25728"}],"wp:term":[{"taxonomy":"brand","embeddable":true,"href":"https:\/\/perfectmass.net\/latam\/wp-json\/wp\/v2\/etheme_brands?post=25728"},{"taxonomy":"product_brand","embeddable":true,"href":"https:\/\/perfectmass.net\/latam\/wp-json\/wp\/v2\/product_brand?post=25728"},{"taxonomy":"product_cat","embeddable":true,"href":"https:\/\/perfectmass.net\/latam\/wp-json\/wp\/v2\/product_cat?post=25728"},{"taxonomy":"product_tag","embeddable":true,"href":"https:\/\/perfectmass.net\/latam\/wp-json\/wp\/v2\/product_tag?post=25728"}],"curies":[{"name":"wp","href":"https:\/\/api.w.org\/{rel}","templated":true}]}}