{"id":25688,"date":"2025-11-26T17:53:08","date_gmt":"2025-11-26T22:53:08","guid":{"rendered":"https:\/\/perfectmass.net\/uncategorized\/insane-veinz-pre-entreno-insane-labz\/"},"modified":"2026-04-23T13:11:35","modified_gmt":"2026-04-23T18:11:35","slug":"insane-veinz-pre-entreno-insane-labz","status":"publish","type":"product","link":"https:\/\/perfectmass.net\/latam\/nutricion\/entreno\/pre\/insane-veinz-pre-entreno-insane-labz\/","title":{"rendered":"Insane Veinz &#8211; Pre-Entreno Insane Labz"},"content":{"rendered":"<h2>Insane Veinz &#8211; Pre-Entreno Insane Labz<\/h2>\n<p>\u00bfQuieres lucir una musculatura definida? Cons\u00edguela con Insane Veinz.<br \/>\nVASCULARIDAD SIN IGUAL. Con sulfato de agmatina y beta\u00edna anhidra para aumentar la producci\u00f3n de \u00f3xido n\u00edtrico, Insane Veinz te brinda una vascularizaci\u00f3n impresionante, ya sea que est\u00e9s definiendo para el escenario o necesites un impulso extra en el gimnasio.<br \/>\nPRE-ENTRENAMIENTO COMBINABLE. Insane Veinz es un pre-entrenamiento \u00fanico, sin estimulantes, que puedes combinar con tus pre-entrenamientos favoritos de Insane Labz con alto contenido de estimulantes, como I am God o Psychotic.<\/p>\n<p>\u00bfQu\u00e9 te viene a la mente cuando piensas en un pre-entrenamiento? Probablemente cafe\u00edna o algo que te d\u00e9 un subid\u00f3n de energ\u00eda, \u00a1e Insane Labz lo tiene! Pero eso es solo la mitad de la batalla. Un pre-entrenamiento de alta calidad debe nutrir tus m\u00fasculos con potenciadores del rendimiento comprobados para que puedas realizar serie tras serie, superando tus l\u00edmites en el entrenamiento anterior.<\/p>\n<h3>Insane Veinz &#8211; Pre-Entreno Insane Labz<\/h3>\n<p>Si est\u00e1s listo para llevar tu entrenamiento al siguiente nivel, Insane Veinz es para ti. Insane Veinz es un pre-entrenamiento sin estimulantes. As\u00ed es: sin cafe\u00edna ni estimulantes que te mantengan despierto hasta altas horas de la madrugada. Si eres fan\u00e1tico de la cafe\u00edna, la yohimbina y otros potenciadores de energ\u00eda, Insane Veinz es el complemento ideal.<\/p>\n<p>De hecho, tomar Insane Cutz con Insane Veinz te dar\u00e1 resultados incre\u00edbles. Si no toleras los estimulantes, no te preocupes; Insane Veinz sigue siendo un suplemento potente. Contiene cuatro ingredientes cient\u00edficamente probados para aumentar el rendimiento, la energ\u00eda y la fuerza. Y lo m\u00e1s importante, prep\u00e1rate para niveles alt\u00edsimos de \u00f3xido n\u00edtrico y un f\u00edsico musculoso y definido.<\/p>\n<div id=\"attachment_15552\" style=\"width: 310px\" class=\"wp-caption alignnone\"><img fetchpriority=\"high\" decoding=\"async\" aria-describedby=\"caption-attachment-15552\" class=\"size-medium wp-image-15552\" src=\"https:\/\/perfectmass.net\/wp-content\/uploads\/2025\/11\/10YR_-_Insane_Veinz_Asylum_Juice_Website_Render_copy-300x300.jpg\" alt=\"Insane Veinz - Pre-Entreno Insane Labz\" width=\"300\" height=\"300\" title=\"\" srcset=\"https:\/\/perfectmass.net\/wp-content\/uploads\/2025\/11\/10YR_-_Insane_Veinz_Asylum_Juice_Website_Render_copy-300x300.jpg 300w, https:\/\/perfectmass.net\/wp-content\/uploads\/2025\/11\/10YR_-_Insane_Veinz_Asylum_Juice_Website_Render_copy-150x150.jpg 150w, https:\/\/perfectmass.net\/wp-content\/uploads\/2025\/11\/10YR_-_Insane_Veinz_Asylum_Juice_Website_Render_copy-445x445.jpg 445w, https:\/\/perfectmass.net\/wp-content\/uploads\/2025\/11\/10YR_-_Insane_Veinz_Asylum_Juice_Website_Render_copy-100x100.jpg 100w, https:\/\/perfectmass.net\/wp-content\/uploads\/2025\/11\/10YR_-_Insane_Veinz_Asylum_Juice_Website_Render_copy-1x1.jpg 1w, https:\/\/perfectmass.net\/wp-content\/uploads\/2025\/11\/10YR_-_Insane_Veinz_Asylum_Juice_Website_Render_copy-10x10.jpg 10w, https:\/\/perfectmass.net\/wp-content\/uploads\/2025\/11\/10YR_-_Insane_Veinz_Asylum_Juice_Website_Render_copy.jpg 650w\" sizes=\"(max-width: 300px) 100vw, 300px\" \/><p id=\"caption-attachment-15552\" class=\"wp-caption-text\">Insane Veinz &#8211; Pre-Entreno <a href=\"https:\/\/insanelabz.com\/\" target=\"_blank\" rel=\"noopener\">Insane Labz<\/a><\/p><\/div>\n<p>Visitar <a href=\"http:\/\/PerfectMass.net\" target=\"_blank\" rel=\"noopener\">PerfectMass.net<\/a><\/p>\n","protected":false},"excerpt":{"rendered":"<p>Amino\u00e1cidos clave para recuperaci\u00f3n y desempe\u00f1o.<\/p>\n","protected":false},"featured_media":25689,"comment_status":"open","ping_status":"closed","template":"","meta":[],"etheme_brands":[{"term_id":2577,"name":"Insane Labz","slug":"insane-labz","term_group":0,"term_taxonomy_id":2577,"taxonomy":"brand","description":"<strong data-start=\"235\" data-end=\"260\">Insane Labz:<\/strong> es una marca reconocida por su compromiso con la calidad, la innovaci\u00f3n y el rendimiento dentro del mundo de la nutrici\u00f3n deportiva. Sus productos est\u00e1n desarrollados para ayudar a deportistas y personas activas a mejorar su recuperaci\u00f3n, aumentar su energ\u00eda y alcanzar sus objetivos de forma segura y efectiva. En PerfectMassNutrition\u00ae seleccionamos lo mejor de Insane Labz para ofrecerte suplementos confiables, con excelentes ingredientes y resultados comprobados, disponibles para toda Colombia y Latinoam\u00e9rica.","parent":0,"count":32,"filter":"raw"}],"product_brand":[2761],"product_cat":[1594,1595,1596,1597,1605],"product_tag":[1606],"class_list":{"0":"post-25688","1":"product","2":"type-product","3":"status-publish","4":"has-post-thumbnail","6":"brand-insane-labz","7":"product_brand-insane-labz","8":"product_cat-mas-vendidos","9":"product_cat-novedades","10":"product_cat-ofertas","11":"product_cat-pre","12":"product_cat-suplementos","13":"product_tag-suplemento","15":"first","16":"instock","17":"sale","18":"taxable","19":"shipping-taxable","20":"purchasable","21":"product-type-variable","22":"has-default-attributes"},"_links":{"self":[{"href":"https:\/\/perfectmass.net\/latam\/wp-json\/wp\/v2\/product\/25688","targetHints":{"allow":["GET"]}}],"collection":[{"href":"https:\/\/perfectmass.net\/latam\/wp-json\/wp\/v2\/product"}],"about":[{"href":"https:\/\/perfectmass.net\/latam\/wp-json\/wp\/v2\/types\/product"}],"replies":[{"embeddable":true,"href":"https:\/\/perfectmass.net\/latam\/wp-json\/wp\/v2\/comments?post=25688"}],"version-history":[{"count":1,"href":"https:\/\/perfectmass.net\/latam\/wp-json\/wp\/v2\/product\/25688\/revisions"}],"predecessor-version":[{"id":30019,"href":"https:\/\/perfectmass.net\/latam\/wp-json\/wp\/v2\/product\/25688\/revisions\/30019"}],"wp:featuredmedia":[{"embeddable":true,"href":"https:\/\/perfectmass.net\/latam\/wp-json\/wp\/v2\/media\/25689"}],"wp:attachment":[{"href":"https:\/\/perfectmass.net\/latam\/wp-json\/wp\/v2\/media?parent=25688"}],"wp:term":[{"taxonomy":"brand","embeddable":true,"href":"https:\/\/perfectmass.net\/latam\/wp-json\/wp\/v2\/etheme_brands?post=25688"},{"taxonomy":"product_brand","embeddable":true,"href":"https:\/\/perfectmass.net\/latam\/wp-json\/wp\/v2\/product_brand?post=25688"},{"taxonomy":"product_cat","embeddable":true,"href":"https:\/\/perfectmass.net\/latam\/wp-json\/wp\/v2\/product_cat?post=25688"},{"taxonomy":"product_tag","embeddable":true,"href":"https:\/\/perfectmass.net\/latam\/wp-json\/wp\/v2\/product_tag?post=25688"}],"curies":[{"name":"wp","href":"https:\/\/api.w.org\/{rel}","templated":true}]}}