{"id":25667,"date":"2025-11-26T17:53:08","date_gmt":"2025-11-26T22:53:08","guid":{"rendered":"https:\/\/perfectmass.net\/uncategorized\/mr-veinz-pre-entreno-dragon-pharma\/"},"modified":"2026-04-23T13:11:32","modified_gmt":"2026-04-23T18:11:32","slug":"mr-veinz-pre-entreno-dragon-pharma","status":"publish","type":"product","link":"https:\/\/perfectmass.net\/latam\/uncategorized\/mr-veinz-pre-entreno-dragon-pharma\/","title":{"rendered":"Mr. Veinz &#8211; Pre-entreno Dragon Pharma"},"content":{"rendered":"<h2>Mr. Veinz &#8211; Pre-entreno Dragon Pharma<\/h2>\n<p>Para quienes buscan una congesti\u00f3n muscular extrema, m\u00e1ximo volumen muscular y una ventaja cognitiva sin estimulantes, Mr. Veinz es la soluci\u00f3n integral. Formulado con dosis eficaces de ingredientes respaldados por la investigaci\u00f3n, Mr. Veinz proporciona una mayor vasodilataci\u00f3n, fuerza y \u200b\u200bpotencia, y adem\u00e1s contiene electrolitos para una hidrataci\u00f3n y un rendimiento \u00f3ptimos. Esta f\u00f3rmula es potente, eficaz y directa, como tus sesiones de entrenamiento m\u00e1s intensas.<\/p>\n<p>Evidencias cient\u00edficas:<\/p>\n<p>L-Citrulina<\/p>\n<p>La citrulina, un amino\u00e1cido no esencial, se convierte en L-arginina, precursora de la producci\u00f3n de \u00f3xido n\u00edtrico. El \u00f3xido n\u00edtrico relaja los vasos sangu\u00edneos y mejora el flujo sangu\u00edneo general, lo que se traduce en un mejor rendimiento deportivo y una recuperaci\u00f3n m\u00e1s r\u00e1pida, adem\u00e1s de proporcionar esa congesti\u00f3n muscular tan deseada tras el entrenamiento.<\/p>\n<p>Beta\u00edna anhidra<\/p>\n<p>La beta\u00edna anhidra, una sustancia producida end\u00f3genamente, participa en diversos procesos vitales del organismo. En el gimnasio, favorece una mayor fuerza muscular, potencia, reduce la fatiga y aumenta la s\u00edntesis de creatina.<\/p>\n<p>Beta-alanina<\/p>\n<p>La beta-alanina, un amino\u00e1cido no esencial producido end\u00f3genamente, ayuda a formar carnosina, un dip\u00e9ptido que reduce y elimina el \u00e1cido l\u00e1ctico. Esto significa una menor acumulaci\u00f3n de \u00e1cido durante el ejercicio, lo que puede retrasar la aparici\u00f3n de la fatiga y mejorar el rendimiento deportivo.<\/p>\n<p>Nitrosigine\u00ae<\/p>\n<p>Nitrosigine\u00ae, un silicato de arginina patentado, resuelve el problema de la baja biodisponibilidad de la arginina tradicional. Esto es crucial, ya que la L-arginina eleva los niveles de \u00f3xido n\u00edtrico, lo que potencia la congesti\u00f3n muscular, el rendimiento deportivo y la concentraci\u00f3n. Tambi\u00e9n favorece la recuperaci\u00f3n, puesto que este mayor flujo sangu\u00edneo ayuda a nutrir y oxigenar los m\u00fasculos durante el ejercicio, permitiendo que rindan al m\u00e1ximo.<\/p>\n<p>L-Tirosina<\/p>\n<p>La L-tirosina, un amino\u00e1cido no esencial producido por el organismo, es un componente vital en la producci\u00f3n de los neurotransmisores dopamina, noradrenalina y adrenalina. Estos neurotransmisores regulan la concentraci\u00f3n, los niveles de energ\u00eda y el estado de \u00e1nimo. Un suplemento que realmente libera tu potencial, la L-tirosina puede ayudar a aumentar la energ\u00eda y la concentraci\u00f3n, reducir la fatiga, mejorar la respuesta al estr\u00e9s y potenciar la funci\u00f3n cognitiva.<\/p>\n<div id=\"attachment_17659\" style=\"width: 310px\" class=\"wp-caption alignnone\"><img fetchpriority=\"high\" decoding=\"async\" aria-describedby=\"caption-attachment-17659\" class=\"size-medium wp-image-17659\" src=\"https:\/\/perfectmass.net\/wp-content\/uploads\/2025\/11\/Dragon-Pharma-Mr.-Veinz-300x300.webp\" alt=\"Mr. Veinz - Pre-entreno Dragon Pharma\" width=\"300\" height=\"300\" title=\"\" srcset=\"https:\/\/perfectmass.net\/wp-content\/uploads\/2025\/11\/Dragon-Pharma-Mr.-Veinz-300x300.webp 300w, https:\/\/perfectmass.net\/wp-content\/uploads\/2025\/11\/Dragon-Pharma-Mr.-Veinz-150x150.webp 150w, https:\/\/perfectmass.net\/wp-content\/uploads\/2025\/11\/Dragon-Pharma-Mr.-Veinz-445x445.webp 445w, https:\/\/perfectmass.net\/wp-content\/uploads\/2025\/11\/Dragon-Pharma-Mr.-Veinz-100x100.webp 100w, https:\/\/perfectmass.net\/wp-content\/uploads\/2025\/11\/Dragon-Pharma-Mr.-Veinz-1x1.webp 1w, https:\/\/perfectmass.net\/wp-content\/uploads\/2025\/11\/Dragon-Pharma-Mr.-Veinz-10x10.webp 10w, https:\/\/perfectmass.net\/wp-content\/uploads\/2025\/11\/Dragon-Pharma-Mr.-Veinz.webp 768w\" sizes=\"(max-width: 300px) 100vw, 300px\" \/><p id=\"caption-attachment-17659\" class=\"wp-caption-text\">Mr. Veinz &#8211; Pre-entreno <a href=\"https:\/\/dragonpharmalabs.com\/\" target=\"_blank\" rel=\"noopener\">Dragon Pharma<\/a><\/p><\/div>\n<p>Visitar <a href=\"http:\/\/PerfectMass.net\" target=\"_blank\" rel=\"noopener\">PerfectMass.net<\/a><\/p>\n","protected":false},"excerpt":{"rendered":"<p>Booster de \u00f3xido n\u00edtrico para maximizar el pump muscular.<\/p>\n","protected":false},"featured_media":25669,"comment_status":"open","ping_status":"closed","template":"","meta":[],"etheme_brands":[{"term_id":2533,"name":"Dragon Pharma","slug":"dragon-pharma","term_group":0,"term_taxonomy_id":2533,"taxonomy":"brand","description":"<strong data-start=\"235\" data-end=\"260\">Dragon Pharma:<\/strong> es una marca reconocida por su compromiso con la calidad, la innovaci\u00f3n y el rendimiento dentro del mundo de la nutrici\u00f3n deportiva. Sus productos est\u00e1n desarrollados para ayudar a deportistas y personas activas a mejorar su recuperaci\u00f3n, aumentar su energ\u00eda y alcanzar sus objetivos de forma segura y efectiva. En PerfectMassNutrition\u00ae seleccionamos lo mejor de Dragon Pharma para ofrecerte suplementos confiables, con excelentes ingredientes y resultados comprobados, disponibles para toda Colombia y Latinoam\u00e9rica.","parent":0,"count":10,"filter":"raw"}],"product_brand":[2676],"product_cat":[],"product_tag":[1606],"class_list":{"0":"post-25667","1":"product","2":"type-product","3":"status-publish","4":"has-post-thumbnail","6":"brand-dragon-pharma","7":"product_brand-dragon-pharma","8":"product_tag-suplemento","10":"first","11":"instock","12":"sale","13":"taxable","14":"shipping-taxable","15":"purchasable","16":"product-type-variable"},"_links":{"self":[{"href":"https:\/\/perfectmass.net\/latam\/wp-json\/wp\/v2\/product\/25667","targetHints":{"allow":["GET"]}}],"collection":[{"href":"https:\/\/perfectmass.net\/latam\/wp-json\/wp\/v2\/product"}],"about":[{"href":"https:\/\/perfectmass.net\/latam\/wp-json\/wp\/v2\/types\/product"}],"replies":[{"embeddable":true,"href":"https:\/\/perfectmass.net\/latam\/wp-json\/wp\/v2\/comments?post=25667"}],"version-history":[{"count":1,"href":"https:\/\/perfectmass.net\/latam\/wp-json\/wp\/v2\/product\/25667\/revisions"}],"predecessor-version":[{"id":30003,"href":"https:\/\/perfectmass.net\/latam\/wp-json\/wp\/v2\/product\/25667\/revisions\/30003"}],"wp:featuredmedia":[{"embeddable":true,"href":"https:\/\/perfectmass.net\/latam\/wp-json\/wp\/v2\/media\/25669"}],"wp:attachment":[{"href":"https:\/\/perfectmass.net\/latam\/wp-json\/wp\/v2\/media?parent=25667"}],"wp:term":[{"taxonomy":"brand","embeddable":true,"href":"https:\/\/perfectmass.net\/latam\/wp-json\/wp\/v2\/etheme_brands?post=25667"},{"taxonomy":"product_brand","embeddable":true,"href":"https:\/\/perfectmass.net\/latam\/wp-json\/wp\/v2\/product_brand?post=25667"},{"taxonomy":"product_cat","embeddable":true,"href":"https:\/\/perfectmass.net\/latam\/wp-json\/wp\/v2\/product_cat?post=25667"},{"taxonomy":"product_tag","embeddable":true,"href":"https:\/\/perfectmass.net\/latam\/wp-json\/wp\/v2\/product_tag?post=25667"}],"curies":[{"name":"wp","href":"https:\/\/api.w.org\/{rel}","templated":true}]}}