{"id":25579,"date":"2025-11-26T17:53:09","date_gmt":"2025-11-26T22:53:09","guid":{"rendered":"https:\/\/perfectmass.net\/uncategorized\/nutramerican-pharma-upn-energy-x\/"},"modified":"2026-04-23T13:11:21","modified_gmt":"2026-04-23T18:11:21","slug":"nutramerican-pharma-upn-energy-x","status":"publish","type":"product","link":"https:\/\/perfectmass.net\/latam\/nutricion\/mas-vendidos\/nutramerican-pharma-upn-energy-x\/","title":{"rendered":"Upn Energy X &#8211; Pre-Entreno Nutramerican Pharma"},"content":{"rendered":"<p><strong>Upn Energy X &#8211; Nutramerican Pharma<\/strong><\/p>\n<p>Ayuda a mejorar energ\u00eda, enfoque y rendimiento durante el entrenamiento.<\/p>\n","protected":false},"excerpt":{"rendered":"<p>Energ\u00eda y enfoque para rendir al m\u00e1ximo en cada sesi\u00f3n.<\/p>\n","protected":false},"featured_media":25580,"comment_status":"open","ping_status":"closed","template":"","meta":[],"etheme_brands":[{"term_id":2607,"name":"Nutramerican Pharma","slug":"nutramerican-pharma","term_group":0,"term_taxonomy_id":2607,"taxonomy":"brand","description":"<strong data-start=\"235\" data-end=\"260\">Nutramerican Pharma:<\/strong> es una marca reconocida por su compromiso con la calidad, la innovaci\u00f3n y el rendimiento dentro del mundo de la nutrici\u00f3n deportiva. Sus productos est\u00e1n desarrollados para ayudar a deportistas y personas activas a mejorar su recuperaci\u00f3n, aumentar su energ\u00eda y alcanzar sus objetivos de forma segura y efectiva. En PerfectMassNutrition\u00ae seleccionamos lo mejor de Nutramerican Pharma para ofrecerte suplementos confiables, con excelentes ingredientes y resultados comprobados, disponibles para toda Colombia y Latinoam\u00e9rica.","parent":0,"count":24,"filter":"raw"}],"product_brand":[2708],"product_cat":[1594,1595,1501,1596,1605],"product_tag":[1606],"class_list":{"0":"post-25579","1":"product","2":"type-product","3":"status-publish","4":"has-post-thumbnail","6":"brand-nutramerican-pharma","7":"product_brand-nutramerican-pharma","8":"product_cat-mas-vendidos","9":"product_cat-novedades","10":"product_cat-nutricion","11":"product_cat-ofertas","12":"product_cat-suplementos","13":"product_tag-suplemento","15":"first","16":"instock","17":"sale","18":"taxable","19":"shipping-taxable","20":"purchasable","21":"product-type-variable","22":"has-default-attributes"},"_links":{"self":[{"href":"https:\/\/perfectmass.net\/latam\/wp-json\/wp\/v2\/product\/25579","targetHints":{"allow":["GET"]}}],"collection":[{"href":"https:\/\/perfectmass.net\/latam\/wp-json\/wp\/v2\/product"}],"about":[{"href":"https:\/\/perfectmass.net\/latam\/wp-json\/wp\/v2\/types\/product"}],"replies":[{"embeddable":true,"href":"https:\/\/perfectmass.net\/latam\/wp-json\/wp\/v2\/comments?post=25579"}],"version-history":[{"count":1,"href":"https:\/\/perfectmass.net\/latam\/wp-json\/wp\/v2\/product\/25579\/revisions"}],"predecessor-version":[{"id":29971,"href":"https:\/\/perfectmass.net\/latam\/wp-json\/wp\/v2\/product\/25579\/revisions\/29971"}],"wp:featuredmedia":[{"embeddable":true,"href":"https:\/\/perfectmass.net\/latam\/wp-json\/wp\/v2\/media\/25580"}],"wp:attachment":[{"href":"https:\/\/perfectmass.net\/latam\/wp-json\/wp\/v2\/media?parent=25579"}],"wp:term":[{"taxonomy":"brand","embeddable":true,"href":"https:\/\/perfectmass.net\/latam\/wp-json\/wp\/v2\/etheme_brands?post=25579"},{"taxonomy":"product_brand","embeddable":true,"href":"https:\/\/perfectmass.net\/latam\/wp-json\/wp\/v2\/product_brand?post=25579"},{"taxonomy":"product_cat","embeddable":true,"href":"https:\/\/perfectmass.net\/latam\/wp-json\/wp\/v2\/product_cat?post=25579"},{"taxonomy":"product_tag","embeddable":true,"href":"https:\/\/perfectmass.net\/latam\/wp-json\/wp\/v2\/product_tag?post=25579"}],"curies":[{"name":"wp","href":"https:\/\/api.w.org\/{rel}","templated":true}]}}