{"id":25362,"date":"2025-11-26T17:53:10","date_gmt":"2025-11-26T22:53:10","guid":{"rendered":"https:\/\/perfectmass.net\/uncategorized\/insane-labz-caffeine\/"},"modified":"2026-05-02T04:42:04","modified_gmt":"2026-05-02T09:42:04","slug":"insane-labz-caffeine","status":"publish","type":"product","link":"https:\/\/perfectmass.net\/latam\/nutricion\/suplementos\/insane-labz-caffeine\/","title":{"rendered":"Caffeine &#8211; Insane Labz"},"content":{"rendered":"<p><strong>Caffeine &#8211; Insane Labz<\/strong><\/p>\n<p>Suplemento de soporte para complementar tu rutina deportiva de forma pr\u00e1ctica y efectiva.<\/p>\n","protected":false},"excerpt":{"rendered":"<p>Soporte diario para tus objetivos de rendimiento.<\/p>\n","protected":false},"featured_media":25363,"comment_status":"open","ping_status":"closed","template":"","meta":[],"etheme_brands":[{"term_id":2577,"name":"Insane Labz","slug":"insane-labz","term_group":0,"term_taxonomy_id":2577,"taxonomy":"brand","description":"<strong data-start=\"235\" data-end=\"260\">Insane Labz:<\/strong> es una marca reconocida por su compromiso con la calidad, la innovaci\u00f3n y el rendimiento dentro del mundo de la nutrici\u00f3n deportiva. Sus productos est\u00e1n desarrollados para ayudar a deportistas y personas activas a mejorar su recuperaci\u00f3n, aumentar su energ\u00eda y alcanzar sus objetivos de forma segura y efectiva. En PerfectMassNutrition\u00ae seleccionamos lo mejor de Insane Labz para ofrecerte suplementos confiables, con excelentes ingredientes y resultados comprobados, disponibles para toda Colombia y Latinoam\u00e9rica.","parent":0,"count":32,"filter":"raw"}],"product_brand":[2761],"product_cat":[3677],"product_tag":[1606],"class_list":{"0":"post-25362","1":"product","2":"type-product","3":"status-publish","4":"has-post-thumbnail","6":"brand-insane-labz","7":"product_brand-insane-labz","8":"product_cat-suplementos","9":"product_tag-suplemento","11":"first","12":"outofstock","13":"sale","14":"taxable","15":"shipping-taxable","16":"purchasable","17":"product-type-variable","18":"has-default-attributes"},"_links":{"self":[{"href":"https:\/\/perfectmass.net\/latam\/wp-json\/wp\/v2\/product\/25362","targetHints":{"allow":["GET"]}}],"collection":[{"href":"https:\/\/perfectmass.net\/latam\/wp-json\/wp\/v2\/product"}],"about":[{"href":"https:\/\/perfectmass.net\/latam\/wp-json\/wp\/v2\/types\/product"}],"replies":[{"embeddable":true,"href":"https:\/\/perfectmass.net\/latam\/wp-json\/wp\/v2\/comments?post=25362"}],"version-history":[{"count":1,"href":"https:\/\/perfectmass.net\/latam\/wp-json\/wp\/v2\/product\/25362\/revisions"}],"predecessor-version":[{"id":29859,"href":"https:\/\/perfectmass.net\/latam\/wp-json\/wp\/v2\/product\/25362\/revisions\/29859"}],"wp:featuredmedia":[{"embeddable":true,"href":"https:\/\/perfectmass.net\/latam\/wp-json\/wp\/v2\/media\/25363"}],"wp:attachment":[{"href":"https:\/\/perfectmass.net\/latam\/wp-json\/wp\/v2\/media?parent=25362"}],"wp:term":[{"taxonomy":"brand","embeddable":true,"href":"https:\/\/perfectmass.net\/latam\/wp-json\/wp\/v2\/etheme_brands?post=25362"},{"taxonomy":"product_brand","embeddable":true,"href":"https:\/\/perfectmass.net\/latam\/wp-json\/wp\/v2\/product_brand?post=25362"},{"taxonomy":"product_cat","embeddable":true,"href":"https:\/\/perfectmass.net\/latam\/wp-json\/wp\/v2\/product_cat?post=25362"},{"taxonomy":"product_tag","embeddable":true,"href":"https:\/\/perfectmass.net\/latam\/wp-json\/wp\/v2\/product_tag?post=25362"}],"curies":[{"name":"wp","href":"https:\/\/api.w.org\/{rel}","templated":true}]}}