{"id":25284,"date":"2025-11-26T17:53:12","date_gmt":"2025-11-26T22:53:12","guid":{"rendered":"https:\/\/perfectmass.net\/uncategorized\/volta-labs-wellset\/"},"modified":"2026-05-02T04:41:41","modified_gmt":"2026-05-02T09:41:41","slug":"volta-labs-wellset","status":"publish","type":"product","link":"https:\/\/perfectmass.net\/latam\/nutricion\/salud\/volta-labs-wellset\/","title":{"rendered":"Wellset &#8211; Salud Hep\u00e1tica Volta Labs"},"content":{"rendered":"<p><strong>Wellset &#8211; Salud Hep\u00e1tica Volta Labs<\/strong><\/p>\n<p>Wellset &#8211; Salud Hep\u00e1tica Volta Labs<\/p>\n<p>F\u00f3rmula de soporte hep\u00e1tico y protecci\u00f3n de \u00f3rganos dise\u00f1ada para deportistas que someten su cuerpo a entrenamientos intensos o ciclos de suplementaci\u00f3n.<\/p>\n","protected":false},"excerpt":{"rendered":"<p>Protector hep\u00e1tico y soporte de \u00f3rganos para deportistas.<\/p>\n","protected":false},"featured_media":25285,"comment_status":"open","ping_status":"closed","template":"","meta":[],"etheme_brands":[{"term_id":2638,"name":"Volta Labs","slug":"volta-labs","term_group":0,"term_taxonomy_id":2638,"taxonomy":"brand","description":"","parent":0,"count":2,"filter":"raw"}],"product_brand":[2750],"product_cat":[3684],"product_tag":[1606],"class_list":{"0":"post-25284","1":"product","2":"type-product","3":"status-publish","4":"has-post-thumbnail","6":"brand-volta-labs","7":"product_brand-volta-labs","8":"product_cat-salud","9":"product_tag-suplemento","11":"first","12":"instock","13":"sale","14":"taxable","15":"shipping-taxable","16":"purchasable","17":"product-type-variable","18":"has-default-attributes"},"_links":{"self":[{"href":"https:\/\/perfectmass.net\/latam\/wp-json\/wp\/v2\/product\/25284","targetHints":{"allow":["GET"]}}],"collection":[{"href":"https:\/\/perfectmass.net\/latam\/wp-json\/wp\/v2\/product"}],"about":[{"href":"https:\/\/perfectmass.net\/latam\/wp-json\/wp\/v2\/types\/product"}],"replies":[{"embeddable":true,"href":"https:\/\/perfectmass.net\/latam\/wp-json\/wp\/v2\/comments?post=25284"}],"version-history":[{"count":1,"href":"https:\/\/perfectmass.net\/latam\/wp-json\/wp\/v2\/product\/25284\/revisions"}],"predecessor-version":[{"id":29801,"href":"https:\/\/perfectmass.net\/latam\/wp-json\/wp\/v2\/product\/25284\/revisions\/29801"}],"wp:featuredmedia":[{"embeddable":true,"href":"https:\/\/perfectmass.net\/latam\/wp-json\/wp\/v2\/media\/25285"}],"wp:attachment":[{"href":"https:\/\/perfectmass.net\/latam\/wp-json\/wp\/v2\/media?parent=25284"}],"wp:term":[{"taxonomy":"brand","embeddable":true,"href":"https:\/\/perfectmass.net\/latam\/wp-json\/wp\/v2\/etheme_brands?post=25284"},{"taxonomy":"product_brand","embeddable":true,"href":"https:\/\/perfectmass.net\/latam\/wp-json\/wp\/v2\/product_brand?post=25284"},{"taxonomy":"product_cat","embeddable":true,"href":"https:\/\/perfectmass.net\/latam\/wp-json\/wp\/v2\/product_cat?post=25284"},{"taxonomy":"product_tag","embeddable":true,"href":"https:\/\/perfectmass.net\/latam\/wp-json\/wp\/v2\/product_tag?post=25284"}],"curies":[{"name":"wp","href":"https:\/\/api.w.org\/{rel}","templated":true}]}}