{"id":25034,"date":"2025-11-26T17:53:27","date_gmt":"2025-11-26T22:53:27","guid":{"rendered":"https:\/\/perfectmass.net\/uncategorized\/smart-muscle-alpha-bcaa\/"},"modified":"2026-04-23T13:09:47","modified_gmt":"2026-04-23T18:09:47","slug":"smart-muscle-alpha-bcaa","status":"publish","type":"product","link":"https:\/\/perfectmass.net\/latam\/nutricion\/aminos\/bcaa\/smart-muscle-alpha-bcaa\/","title":{"rendered":"Alpha BCAA &#8211; Smart Muscle"},"content":{"rendered":"<p><strong>Alpha BCAA &#8211; Smart Muscle<\/strong><\/p>\n<p>Alpha BCAA<\/p>\n<p>Amino \u00e1cidos de cadena ramificada (leucina, isoleucina y valina) para favorecer la recuperaci\u00f3n y reducir la fatiga muscular.<\/p>\n","protected":false},"excerpt":{"rendered":"<p>BCAAs para reducir la fatiga y acelerar la recuperaci\u00f3n muscular.<\/p>\n","protected":false},"featured_media":25035,"comment_status":"open","ping_status":"closed","template":"","meta":[],"etheme_brands":[{"term_id":2656,"name":"Smart Muscle","slug":"smart-muscle","term_group":0,"term_taxonomy_id":2656,"taxonomy":"brand","description":"<strong data-start=\"235\" data-end=\"260\">Smart Muscle:<\/strong> es una marca reconocida por su compromiso con la calidad, la innovaci\u00f3n y el rendimiento dentro del mundo de la nutrici\u00f3n deportiva. Sus productos est\u00e1n desarrollados para ayudar a deportistas y personas activas a mejorar su recuperaci\u00f3n, aumentar su energ\u00eda y alcanzar sus objetivos de forma segura y efectiva. En PerfectMassNutrition\u00ae seleccionamos lo mejor de Smart Muscle para ofrecerte suplementos confiables, con excelentes ingredientes y resultados comprobados, disponibles para toda Colombia y Latinoam\u00e9rica.","parent":0,"count":8,"filter":"raw"}],"product_brand":[2739],"product_cat":[1611,1612],"product_tag":[1606],"class_list":{"0":"post-25034","1":"product","2":"type-product","3":"status-publish","4":"has-post-thumbnail","6":"brand-smart-muscle","7":"product_brand-smart-muscle","8":"product_cat-aminos","9":"product_cat-bcaa","10":"product_tag-suplemento","12":"first","13":"instock","14":"sale","15":"taxable","16":"shipping-taxable","17":"purchasable","18":"product-type-variable","19":"has-default-attributes"},"_links":{"self":[{"href":"https:\/\/perfectmass.net\/latam\/wp-json\/wp\/v2\/product\/25034","targetHints":{"allow":["GET"]}}],"collection":[{"href":"https:\/\/perfectmass.net\/latam\/wp-json\/wp\/v2\/product"}],"about":[{"href":"https:\/\/perfectmass.net\/latam\/wp-json\/wp\/v2\/types\/product"}],"replies":[{"embeddable":true,"href":"https:\/\/perfectmass.net\/latam\/wp-json\/wp\/v2\/comments?post=25034"}],"version-history":[{"count":1,"href":"https:\/\/perfectmass.net\/latam\/wp-json\/wp\/v2\/product\/25034\/revisions"}],"predecessor-version":[{"id":29629,"href":"https:\/\/perfectmass.net\/latam\/wp-json\/wp\/v2\/product\/25034\/revisions\/29629"}],"wp:featuredmedia":[{"embeddable":true,"href":"https:\/\/perfectmass.net\/latam\/wp-json\/wp\/v2\/media\/25035"}],"wp:attachment":[{"href":"https:\/\/perfectmass.net\/latam\/wp-json\/wp\/v2\/media?parent=25034"}],"wp:term":[{"taxonomy":"brand","embeddable":true,"href":"https:\/\/perfectmass.net\/latam\/wp-json\/wp\/v2\/etheme_brands?post=25034"},{"taxonomy":"product_brand","embeddable":true,"href":"https:\/\/perfectmass.net\/latam\/wp-json\/wp\/v2\/product_brand?post=25034"},{"taxonomy":"product_cat","embeddable":true,"href":"https:\/\/perfectmass.net\/latam\/wp-json\/wp\/v2\/product_cat?post=25034"},{"taxonomy":"product_tag","embeddable":true,"href":"https:\/\/perfectmass.net\/latam\/wp-json\/wp\/v2\/product_tag?post=25034"}],"curies":[{"name":"wp","href":"https:\/\/api.w.org\/{rel}","templated":true}]}}