{"id":25016,"date":"2025-11-26T17:53:27","date_gmt":"2025-11-26T22:53:27","guid":{"rendered":"https:\/\/perfectmass.net\/uncategorized\/creatina-hcl-enhanced-athlete\/"},"modified":"2026-04-23T13:09:43","modified_gmt":"2026-04-23T18:09:43","slug":"creatina-hcl-enhanced-athlete","status":"publish","type":"product","link":"https:\/\/perfectmass.net\/latam\/nutricion\/creatina\/monohidratada\/creatina-hcl-enhanced-athlete\/","title":{"rendered":"Creatina HCL &#8211; Enhanced Athlete"},"content":{"rendered":"<h2>Creatina HCL &#8211; Enhanced Athlete<\/h2>\n<p>Creatina HCL &#8211; Enhanced AthleteLa creatina HCL es una nueva forma de creatina que se disuelve m\u00e1s f\u00e1cilmente, se absorbe m\u00e1s r\u00e1pido en el organismo y no presenta ninguno de los efectos secundarios habituales de la f\u00f3rmula anterior de creatina.<\/p>\n<div id=\"attachment_15298\" style=\"width: 310px\" class=\"wp-caption alignnone\"><img fetchpriority=\"high\" decoding=\"async\" aria-describedby=\"caption-attachment-15298\" class=\"size-medium wp-image-15298\" src=\"https:\/\/perfectmass.net\/wp-content\/uploads\/2025\/11\/Enhanced_Creatine_Grape_Front_1_3b8a1996-9673-481e-81cc-5cfdf64a9d1d_1800x1800-300x300.png\" alt=\"Creatina HCL - Enhanced Athlete\" width=\"300\" height=\"300\" title=\"\" srcset=\"https:\/\/perfectmass.net\/wp-content\/uploads\/2025\/11\/Enhanced_Creatine_Grape_Front_1_3b8a1996-9673-481e-81cc-5cfdf64a9d1d_1800x1800-300x300.png 300w, https:\/\/perfectmass.net\/wp-content\/uploads\/2025\/11\/Enhanced_Creatine_Grape_Front_1_3b8a1996-9673-481e-81cc-5cfdf64a9d1d_1800x1800-150x150.png 150w, https:\/\/perfectmass.net\/wp-content\/uploads\/2025\/11\/Enhanced_Creatine_Grape_Front_1_3b8a1996-9673-481e-81cc-5cfdf64a9d1d_1800x1800-768x768.png 768w, https:\/\/perfectmass.net\/wp-content\/uploads\/2025\/11\/Enhanced_Creatine_Grape_Front_1_3b8a1996-9673-481e-81cc-5cfdf64a9d1d_1800x1800-445x445.png 445w, https:\/\/perfectmass.net\/wp-content\/uploads\/2025\/11\/Enhanced_Creatine_Grape_Front_1_3b8a1996-9673-481e-81cc-5cfdf64a9d1d_1800x1800-100x100.png 100w, https:\/\/perfectmass.net\/wp-content\/uploads\/2025\/11\/Enhanced_Creatine_Grape_Front_1_3b8a1996-9673-481e-81cc-5cfdf64a9d1d_1800x1800-1x1.png 1w, https:\/\/perfectmass.net\/wp-content\/uploads\/2025\/11\/Enhanced_Creatine_Grape_Front_1_3b8a1996-9673-481e-81cc-5cfdf64a9d1d_1800x1800-10x10.png 10w, https:\/\/perfectmass.net\/wp-content\/uploads\/2025\/11\/Enhanced_Creatine_Grape_Front_1_3b8a1996-9673-481e-81cc-5cfdf64a9d1d_1800x1800.png 900w\" sizes=\"(max-width: 300px) 100vw, 300px\" \/><p id=\"caption-attachment-15298\" class=\"wp-caption-text\">Creatina HCL &#8211; <a href=\"https:\/\/in.enhancedlabs.com\/\" target=\"_blank\" rel=\"noopener\">Enhanced Athlete<\/a><\/p><\/div>\n<p>Vistiar <a href=\"http:\/\/PerfectMass.net\" target=\"_blank\" rel=\"noopener\">PerfectMass.net<\/a><\/p>\n","protected":false},"excerpt":{"rendered":"<p>Creatina de la mayor calidad<\/p>\n","protected":false},"featured_media":25018,"comment_status":"open","ping_status":"closed","template":"","meta":[],"etheme_brands":[{"term_id":2543,"name":"Enhanced Athlete","slug":"enhanced-athlete","term_group":0,"term_taxonomy_id":2543,"taxonomy":"brand","description":"<strong data-start=\"235\" data-end=\"260\">Enhanced Athlete:<\/strong> es una marca reconocida por su compromiso con la calidad, la innovaci\u00f3n y el rendimiento dentro del mundo de la nutrici\u00f3n deportiva. Sus productos est\u00e1n desarrollados para ayudar a deportistas y personas activas a mejorar su recuperaci\u00f3n, aumentar su energ\u00eda y alcanzar sus objetivos de forma segura y efectiva. En PerfectMassNutrition\u00ae seleccionamos lo mejor de Enhanced Athlete para ofrecerte suplementos confiables, con excelentes ingredientes y resultados comprobados, disponibles para toda Colombia y Latinoam\u00e9rica.","parent":0,"count":2,"filter":"raw"}],"product_brand":[2684],"product_cat":[1603,1604],"product_tag":[1620],"class_list":{"0":"post-25016","1":"product","2":"type-product","3":"status-publish","4":"has-post-thumbnail","6":"brand-enhanced-athlete","7":"product_brand-enhanced-athlete","8":"product_cat-creatina","9":"product_cat-monohidratada","10":"product_tag-fuerza","12":"first","13":"instock","14":"sale","15":"taxable","16":"shipping-taxable","17":"purchasable","18":"product-type-variable","19":"has-default-attributes"},"_links":{"self":[{"href":"https:\/\/perfectmass.net\/latam\/wp-json\/wp\/v2\/product\/25016","targetHints":{"allow":["GET"]}}],"collection":[{"href":"https:\/\/perfectmass.net\/latam\/wp-json\/wp\/v2\/product"}],"about":[{"href":"https:\/\/perfectmass.net\/latam\/wp-json\/wp\/v2\/types\/product"}],"replies":[{"embeddable":true,"href":"https:\/\/perfectmass.net\/latam\/wp-json\/wp\/v2\/comments?post=25016"}],"version-history":[{"count":1,"href":"https:\/\/perfectmass.net\/latam\/wp-json\/wp\/v2\/product\/25016\/revisions"}],"predecessor-version":[{"id":29617,"href":"https:\/\/perfectmass.net\/latam\/wp-json\/wp\/v2\/product\/25016\/revisions\/29617"}],"wp:featuredmedia":[{"embeddable":true,"href":"https:\/\/perfectmass.net\/latam\/wp-json\/wp\/v2\/media\/25018"}],"wp:attachment":[{"href":"https:\/\/perfectmass.net\/latam\/wp-json\/wp\/v2\/media?parent=25016"}],"wp:term":[{"taxonomy":"brand","embeddable":true,"href":"https:\/\/perfectmass.net\/latam\/wp-json\/wp\/v2\/etheme_brands?post=25016"},{"taxonomy":"product_brand","embeddable":true,"href":"https:\/\/perfectmass.net\/latam\/wp-json\/wp\/v2\/product_brand?post=25016"},{"taxonomy":"product_cat","embeddable":true,"href":"https:\/\/perfectmass.net\/latam\/wp-json\/wp\/v2\/product_cat?post=25016"},{"taxonomy":"product_tag","embeddable":true,"href":"https:\/\/perfectmass.net\/latam\/wp-json\/wp\/v2\/product_tag?post=25016"}],"curies":[{"name":"wp","href":"https:\/\/api.w.org\/{rel}","templated":true}]}}