{"id":25007,"date":"2025-11-26T17:53:28","date_gmt":"2025-11-26T22:53:28","guid":{"rendered":"https:\/\/perfectmass.net\/uncategorized\/psychotic-diablo-quemador-de-grasas-insane-labz\/"},"modified":"2026-04-23T13:09:41","modified_gmt":"2026-04-23T18:09:41","slug":"psychotic-diablo-quemador-de-grasas-insane-labz","status":"publish","type":"product","link":"https:\/\/perfectmass.net\/latam\/uncategorized\/psychotic-diablo-quemador-de-grasas-insane-labz\/","title":{"rendered":"Psychotic Diablo &#8211; Quemador de grasas Insane Labz"},"content":{"rendered":"<h2>Psychotic Diablo &#8211; Quemador de grasas Insane Labz<\/h2>\n<div>\n<p>COMBATE LA GRASA VISCERAL &#8211; Psychotic Diablo es un quemador de grasa de gran potencia, directamente de las llamas del manicomio. Su f\u00f3rmula est\u00e1 dise\u00f1ada para atacar espec\u00edficamente esa grasa abdominal rebelde y ayudarte a definir despu\u00e9s de una fase de volumen intensa. Psychotic Diablo es tan potente e intenso que solo necesitar\u00e1s consumir una porci\u00f3n al d\u00eda.<\/p>\n<p>F\u00d3RMULA INNOVADORA &#8211; Una vez m\u00e1s, Insane Labz supera los l\u00edmites. Psychotic Diablo est\u00e1 cl\u00ednicamente formulado con teobromina anhidra para potenciar la funci\u00f3n cognitiva, extracto de ra\u00edz de diente de le\u00f3n para reducir la retenci\u00f3n de l\u00edquidos, granos del para\u00edso para atacar la grasa visceral y nuestra f\u00f3rmula patentada AMPiberry y OxyGold para aumentar la absorci\u00f3n y proporcionar energ\u00eda limpia.<\/p>\n<p>Tras un desarrollo explosivo, Psychotic ha renacido. Psychotic DIABLO, el quemador de grasa m\u00e1s potente que The Mad Chemist haya creado, dejar\u00e1 tus c\u00e9lulas grasas completamente carbonizadas. Con los ingredientes quemagrasas m\u00e1s potentes conocidos por el hombre, como granos del para\u00edso, teobromina y ra\u00edz de diente de le\u00f3n, Psychotic DIABLO supera los l\u00edmites de lo que pueden lograr los quemadores de grasa, dejando solo cenizas a su paso.<\/p>\n<div id=\"attachment_22239\" style=\"width: 310px\" class=\"wp-caption alignnone\"><img fetchpriority=\"high\" decoding=\"async\" aria-describedby=\"caption-attachment-22239\" class=\"size-medium wp-image-22239\" src=\"https:\/\/perfectmass.net\/wp-content\/uploads\/2025\/11\/Psychotic-Diablo-Capsule-Front-300x300.webp\" alt=\"Psychotic Diablo - Quemador de grasas Insane Labz\" width=\"300\" height=\"300\" title=\"\" srcset=\"https:\/\/perfectmass.net\/wp-content\/uploads\/2025\/11\/Psychotic-Diablo-Capsule-Front-300x300.webp 300w, https:\/\/perfectmass.net\/wp-content\/uploads\/2025\/11\/Psychotic-Diablo-Capsule-Front-150x150.webp 150w, https:\/\/perfectmass.net\/wp-content\/uploads\/2025\/11\/Psychotic-Diablo-Capsule-Front-445x445.webp 445w, https:\/\/perfectmass.net\/wp-content\/uploads\/2025\/11\/Psychotic-Diablo-Capsule-Front-100x100.webp 100w, https:\/\/perfectmass.net\/wp-content\/uploads\/2025\/11\/Psychotic-Diablo-Capsule-Front-1x1.webp 1w, https:\/\/perfectmass.net\/wp-content\/uploads\/2025\/11\/Psychotic-Diablo-Capsule-Front-10x10.webp 10w, https:\/\/perfectmass.net\/wp-content\/uploads\/2025\/11\/Psychotic-Diablo-Capsule-Front.webp 600w\" sizes=\"(max-width: 300px) 100vw, 300px\" \/><p id=\"caption-attachment-22239\" class=\"wp-caption-text\">Psychotic Diablo &#8211; Quemador de grasas <a href=\"https:\/\/insanelabz.com\/\" target=\"_blank\" rel=\"noopener\">Insane Labz<\/a><\/p><\/div>\n<p>Visitar <a href=\"http:\/\/PerfectMass.net\" target=\"_blank\" rel=\"noopener\">PerfectMass.net<\/a><\/p>\n<\/div>\n","protected":false},"excerpt":{"rendered":"<p>Quemador de grasa de la mejor calidad<\/p>\n","protected":false},"featured_media":25009,"comment_status":"open","ping_status":"closed","template":"","meta":[],"etheme_brands":[{"term_id":2577,"name":"Insane Labz","slug":"insane-labz","term_group":0,"term_taxonomy_id":2577,"taxonomy":"brand","description":"<strong data-start=\"235\" data-end=\"260\">Insane Labz:<\/strong> es una marca reconocida por su compromiso con la calidad, la innovaci\u00f3n y el rendimiento dentro del mundo de la nutrici\u00f3n deportiva. Sus productos est\u00e1n desarrollados para ayudar a deportistas y personas activas a mejorar su recuperaci\u00f3n, aumentar su energ\u00eda y alcanzar sus objetivos de forma segura y efectiva. En PerfectMassNutrition\u00ae seleccionamos lo mejor de Insane Labz para ofrecerte suplementos confiables, con excelentes ingredientes y resultados comprobados, disponibles para toda Colombia y Latinoam\u00e9rica.","parent":0,"count":32,"filter":"raw"}],"product_brand":[2761],"product_cat":[],"product_tag":[1599],"class_list":{"0":"post-25007","1":"product","2":"type-product","3":"status-publish","4":"has-post-thumbnail","6":"brand-insane-labz","7":"product_brand-insane-labz","8":"product_tag-pre-entreno","10":"first","11":"instock","12":"sale","13":"taxable","14":"shipping-taxable","15":"purchasable","16":"product-type-variable"},"_links":{"self":[{"href":"https:\/\/perfectmass.net\/latam\/wp-json\/wp\/v2\/product\/25007","targetHints":{"allow":["GET"]}}],"collection":[{"href":"https:\/\/perfectmass.net\/latam\/wp-json\/wp\/v2\/product"}],"about":[{"href":"https:\/\/perfectmass.net\/latam\/wp-json\/wp\/v2\/types\/product"}],"replies":[{"embeddable":true,"href":"https:\/\/perfectmass.net\/latam\/wp-json\/wp\/v2\/comments?post=25007"}],"version-history":[{"count":1,"href":"https:\/\/perfectmass.net\/latam\/wp-json\/wp\/v2\/product\/25007\/revisions"}],"predecessor-version":[{"id":29587,"href":"https:\/\/perfectmass.net\/latam\/wp-json\/wp\/v2\/product\/25007\/revisions\/29587"}],"wp:featuredmedia":[{"embeddable":true,"href":"https:\/\/perfectmass.net\/latam\/wp-json\/wp\/v2\/media\/25009"}],"wp:attachment":[{"href":"https:\/\/perfectmass.net\/latam\/wp-json\/wp\/v2\/media?parent=25007"}],"wp:term":[{"taxonomy":"brand","embeddable":true,"href":"https:\/\/perfectmass.net\/latam\/wp-json\/wp\/v2\/etheme_brands?post=25007"},{"taxonomy":"product_brand","embeddable":true,"href":"https:\/\/perfectmass.net\/latam\/wp-json\/wp\/v2\/product_brand?post=25007"},{"taxonomy":"product_cat","embeddable":true,"href":"https:\/\/perfectmass.net\/latam\/wp-json\/wp\/v2\/product_cat?post=25007"},{"taxonomy":"product_tag","embeddable":true,"href":"https:\/\/perfectmass.net\/latam\/wp-json\/wp\/v2\/product_tag?post=25007"}],"curies":[{"name":"wp","href":"https:\/\/api.w.org\/{rel}","templated":true}]}}