{"id":24998,"date":"2025-11-26T17:53:28","date_gmt":"2025-11-26T22:53:28","guid":{"rendered":"https:\/\/perfectmass.net\/uncategorized\/insane-amino-hellboy-insane-labz\/"},"modified":"2026-04-23T13:09:39","modified_gmt":"2026-04-23T18:09:39","slug":"insane-amino-hellboy-insane-labz","status":"publish","type":"product","link":"https:\/\/perfectmass.net\/latam\/uncategorized\/insane-amino-hellboy-insane-labz\/","title":{"rendered":"Insane Amino HELLBOY- Insane Labz"},"content":{"rendered":"<h2>Insane Amino HELLBOY- Insane Labz<\/h2>\n<p>Insane Amino Edici\u00f3n Hellboy: \u00a1Ahora la recuperaci\u00f3n tambi\u00e9n tiene energ\u00eda!<br \/>\nRECUPERACI\u00d3N MUSCULAR AVANZADA: Insane Amino est\u00e1 formulado para reparar tus m\u00fasculos despu\u00e9s de un entrenamiento intenso con una proporci\u00f3n completa de 2:1:1 de amino\u00e1cidos de cadena ramificada (BCAA).<\/p>\n<p>ENERG\u00cdA Y CONCENTRACI\u00d3N: \u00bfQu\u00e9 diferencia a Insane Amino de otros suplementos energ\u00e9ticos de BCAA? No solo obtienes una dosis completa de amino\u00e1cidos de cadena ramificada, sino tambi\u00e9n varios amino\u00e1cidos esenciales como tirosina, citrulina y glutamina. Y no olvides ese impulso de cafe\u00edna tan necesario.<\/p>\n<p>Para vencer a Baba Yaga se necesita un producto igual de potente. Insane Amino lo consigue con creces. Con una proporci\u00f3n completa de 2:1:1 de BCAA e infundido con energ\u00eda extra, Insane Amino te asegura que sigas adelante mucho despu\u00e9s de haber vencido al gimnasio.<\/p>\n<div id=\"attachment_15520\" style=\"width: 310px\" class=\"wp-caption alignnone\"><img fetchpriority=\"high\" decoding=\"async\" aria-describedby=\"caption-attachment-15520\" class=\"size-medium wp-image-15520\" src=\"https:\/\/perfectmass.net\/wp-content\/uploads\/2025\/11\/InsaneAminLemonade_WebsiteRender-300x300.jpg\" alt=\"Insane Amino HELLBOY- Insane Labz\" width=\"300\" height=\"300\" title=\"\" srcset=\"https:\/\/perfectmass.net\/wp-content\/uploads\/2025\/11\/InsaneAminLemonade_WebsiteRender-300x300.jpg 300w, https:\/\/perfectmass.net\/wp-content\/uploads\/2025\/11\/InsaneAminLemonade_WebsiteRender-150x150.jpg 150w, https:\/\/perfectmass.net\/wp-content\/uploads\/2025\/11\/InsaneAminLemonade_WebsiteRender-445x445.jpg 445w, https:\/\/perfectmass.net\/wp-content\/uploads\/2025\/11\/InsaneAminLemonade_WebsiteRender-100x100.jpg 100w, https:\/\/perfectmass.net\/wp-content\/uploads\/2025\/11\/InsaneAminLemonade_WebsiteRender-1x1.jpg 1w, https:\/\/perfectmass.net\/wp-content\/uploads\/2025\/11\/InsaneAminLemonade_WebsiteRender-10x10.jpg 10w, https:\/\/perfectmass.net\/wp-content\/uploads\/2025\/11\/InsaneAminLemonade_WebsiteRender.jpg 650w\" sizes=\"(max-width: 300px) 100vw, 300px\" \/><p id=\"caption-attachment-15520\" class=\"wp-caption-text\">Insane Amino HELLBOY- <a href=\"https:\/\/insanelabz.com\/\" target=\"_blank\" rel=\"noopener\">Insane Labz<\/a><\/p><\/div>\n<p>Visitar <a href=\"http:\/\/PerfectMass.net\" target=\"_blank\" rel=\"noopener\">PerfectMass.net<\/a><\/p>\n","protected":false},"excerpt":{"rendered":"<p>Amino\u00e1cidos clave para recuperaci\u00f3n y desempe\u00f1o.<\/p>\n","protected":false},"featured_media":24999,"comment_status":"open","ping_status":"closed","template":"","meta":[],"etheme_brands":[{"term_id":2577,"name":"Insane Labz","slug":"insane-labz","term_group":0,"term_taxonomy_id":2577,"taxonomy":"brand","description":"<strong data-start=\"235\" data-end=\"260\">Insane Labz:<\/strong> es una marca reconocida por su compromiso con la calidad, la innovaci\u00f3n y el rendimiento dentro del mundo de la nutrici\u00f3n deportiva. Sus productos est\u00e1n desarrollados para ayudar a deportistas y personas activas a mejorar su recuperaci\u00f3n, aumentar su energ\u00eda y alcanzar sus objetivos de forma segura y efectiva. En PerfectMassNutrition\u00ae seleccionamos lo mejor de Insane Labz para ofrecerte suplementos confiables, con excelentes ingredientes y resultados comprobados, disponibles para toda Colombia y Latinoam\u00e9rica.","parent":0,"count":32,"filter":"raw"}],"product_brand":[2761],"product_cat":[],"product_tag":[1606],"class_list":{"0":"post-24998","1":"product","2":"type-product","3":"status-publish","4":"has-post-thumbnail","6":"brand-insane-labz","7":"product_brand-insane-labz","8":"product_tag-suplemento","10":"first","11":"instock","12":"sale","13":"taxable","14":"shipping-taxable","15":"purchasable","16":"product-type-variable","17":"has-default-attributes"},"_links":{"self":[{"href":"https:\/\/perfectmass.net\/latam\/wp-json\/wp\/v2\/product\/24998","targetHints":{"allow":["GET"]}}],"collection":[{"href":"https:\/\/perfectmass.net\/latam\/wp-json\/wp\/v2\/product"}],"about":[{"href":"https:\/\/perfectmass.net\/latam\/wp-json\/wp\/v2\/types\/product"}],"replies":[{"embeddable":true,"href":"https:\/\/perfectmass.net\/latam\/wp-json\/wp\/v2\/comments?post=24998"}],"version-history":[{"count":1,"href":"https:\/\/perfectmass.net\/latam\/wp-json\/wp\/v2\/product\/24998\/revisions"}],"predecessor-version":[{"id":29573,"href":"https:\/\/perfectmass.net\/latam\/wp-json\/wp\/v2\/product\/24998\/revisions\/29573"}],"wp:featuredmedia":[{"embeddable":true,"href":"https:\/\/perfectmass.net\/latam\/wp-json\/wp\/v2\/media\/24999"}],"wp:attachment":[{"href":"https:\/\/perfectmass.net\/latam\/wp-json\/wp\/v2\/media?parent=24998"}],"wp:term":[{"taxonomy":"brand","embeddable":true,"href":"https:\/\/perfectmass.net\/latam\/wp-json\/wp\/v2\/etheme_brands?post=24998"},{"taxonomy":"product_brand","embeddable":true,"href":"https:\/\/perfectmass.net\/latam\/wp-json\/wp\/v2\/product_brand?post=24998"},{"taxonomy":"product_cat","embeddable":true,"href":"https:\/\/perfectmass.net\/latam\/wp-json\/wp\/v2\/product_cat?post=24998"},{"taxonomy":"product_tag","embeddable":true,"href":"https:\/\/perfectmass.net\/latam\/wp-json\/wp\/v2\/product_tag?post=24998"}],"curies":[{"name":"wp","href":"https:\/\/api.w.org\/{rel}","templated":true}]}}