{"id":24980,"date":"2025-11-26T17:53:28","date_gmt":"2025-11-26T22:53:28","guid":{"rendered":"https:\/\/perfectmass.net\/uncategorized\/intenze-pre-entreno-proscience\/"},"modified":"2026-04-23T13:09:36","modified_gmt":"2026-04-23T18:09:36","slug":"intenze-pre-entreno-proscience","status":"publish","type":"product","link":"https:\/\/perfectmass.net\/latam\/uncategorized\/intenze-pre-entreno-proscience\/","title":{"rendered":"Intenze &#8211; Pre-Entreno Proscience"},"content":{"rendered":"<h2>Intenze &#8211; Pre-Entreno Proscience<\/h2>\n<p>Es un alimento en polvo deshidratado de frutos rojos que contiene una serie de compuestos que puede aumentar tus niveles de energia y mejorar la calidad de tus entrenamientos.<\/p>\n<p>La base de cualquier plan para salud y\/o entrenamiento, es una alimentacion completa y balanceada. Cuando realices actividad fisica o un ejercicio planificado I<strong>NTENZE<\/strong>\u00a0te aporta aminoacidos como\u00a0<strong>citrulina, arginina y nitratos\u00a0<\/strong>a partir de raiz de remolacha, que ayudan a mejorar el aporte sanguineo a tus musculos gracias a la produccion de\u00a0<strong>oxido nitrico<\/strong>.<\/p>\n<p>I<strong>NTENZE\u00a0<\/strong>aporta tambi\u00e9n\u00a0<strong>creatina hcl<\/strong>\u00a0que mejorar\u00e1 tu res\u00edntesis energ\u00e9tica y capacidad de recuperaci\u00f3n, para obtener los objetivos planeados. contiene 3 gramos del amino\u00e1cido\u00a0<strong>leucina<\/strong>, el cual es responsable de iniciar la s\u00edntesis proteica y estimular v\u00edas de se\u00f1alizaci\u00f3n celular para mejorar la construcci\u00f3n de masa muscular, cuando se combina con un plan de entrenamiento de fuerza y un balance proteico adecuado.\u00a0<strong>betaina<\/strong>\u00a0nos puede colaborar tambi\u00e9n durante el ejercicio, ya que es un osmolito, y combinado con\u00a0<strong>beta alanina<\/strong>\u00a0controlan la acidez dentro del musculo y puede ayudar a mejorar el entorno anab\u00f3lico mejorando la expresi\u00f3n de diferentes v\u00edas de se\u00f1alizaci\u00f3n celular.<\/p>\n<p>El aporte de cafe\u00edna en el I<strong>NTENZE<\/strong>\u00a0es vital ya que aporta a mejorar tus niveles de energ\u00eda, disminuye los niveles de fatiga mejorando la percepci\u00f3n del esfuerzo y optimizando la calidad del entrenamiento.<\/p>\n<p>Ten en cuenta, siempre lo mas importante para lograr objetivos es dise\u00f1ar un plan de entrenamiento adecuado con un plan nutricional individualizado. Como un complemento adecuado puedes consumir un servicio de INTENZE (1 copa) 15-30 minuos antes de realizar actividad fisica. Idealmente iniciar con medio servicio (1\/2 copa) para ver la tolerancia a la cafeina y a la beta alanina. Cuando veas que lo toleras bien, consume el servicio completo.<\/p>\n<div id=\"attachment_16260\" style=\"width: 310px\" class=\"wp-caption alignnone\"><img fetchpriority=\"high\" decoding=\"async\" aria-describedby=\"caption-attachment-16260\" class=\"size-medium wp-image-16260\" src=\"https:\/\/perfectmass.net\/wp-content\/uploads\/2025\/11\/intenze-14s-fruitpunch-1-510x510-1-300x300.webp\" alt=\"Intenze - Pre-Entreno Proscience\" width=\"300\" height=\"300\" title=\"\" srcset=\"https:\/\/perfectmass.net\/wp-content\/uploads\/2025\/11\/intenze-14s-fruitpunch-1-510x510-1-300x300.webp 300w, https:\/\/perfectmass.net\/wp-content\/uploads\/2025\/11\/intenze-14s-fruitpunch-1-510x510-1-150x150.webp 150w, https:\/\/perfectmass.net\/wp-content\/uploads\/2025\/11\/intenze-14s-fruitpunch-1-510x510-1-445x445.webp 445w, https:\/\/perfectmass.net\/wp-content\/uploads\/2025\/11\/intenze-14s-fruitpunch-1-510x510-1-100x100.webp 100w, https:\/\/perfectmass.net\/wp-content\/uploads\/2025\/11\/intenze-14s-fruitpunch-1-510x510-1-1x1.webp 1w, https:\/\/perfectmass.net\/wp-content\/uploads\/2025\/11\/intenze-14s-fruitpunch-1-510x510-1-10x10.webp 10w, https:\/\/perfectmass.net\/wp-content\/uploads\/2025\/11\/intenze-14s-fruitpunch-1-510x510-1.webp 510w\" sizes=\"(max-width: 300px) 100vw, 300px\" \/><p id=\"caption-attachment-16260\" class=\"wp-caption-text\">Intenze &#8211; Pre-Entreno <a href=\"https:\/\/proscience.com.co\/\" target=\"_blank\" rel=\"noopener\">Proscience<\/a><\/p><\/div>\n<p>Visitar <a href=\"http:\/\/PerfectMass.net\" target=\"_blank\" rel=\"noopener\">PerfectMass.net<\/a><\/p>\n","protected":false},"excerpt":{"rendered":"<p>Energ\u00eda y enfoque para rendir al m\u00e1ximo en cada sesi\u00f3n.<\/p>\n","protected":false},"featured_media":24982,"comment_status":"open","ping_status":"closed","template":"","meta":[],"etheme_brands":[{"term_id":2616,"name":"Proscience","slug":"proscience","term_group":0,"term_taxonomy_id":2616,"taxonomy":"brand","description":"<strong data-start=\"235\" data-end=\"260\">Proscience:<\/strong> es una marca reconocida por su compromiso con la calidad, la innovaci\u00f3n y el rendimiento dentro del mundo de la nutrici\u00f3n deportiva. Sus productos est\u00e1n desarrollados para ayudar a deportistas y personas activas a mejorar su recuperaci\u00f3n, aumentar su energ\u00eda y alcanzar sus objetivos de forma segura y efectiva. En PerfectMassNutrition\u00ae seleccionamos lo mejor de Proscience para ofrecerte suplementos confiables, con excelentes ingredientes y resultados comprobados, disponibles para toda Colombia y Latinoam\u00e9rica.","parent":0,"count":25,"filter":"raw"}],"product_brand":[2719],"product_cat":[],"product_tag":[1606],"class_list":{"0":"post-24980","1":"product","2":"type-product","3":"status-publish","4":"has-post-thumbnail","6":"brand-proscience","7":"product_brand-proscience","8":"product_tag-suplemento","10":"first","11":"instock","12":"sale","13":"taxable","14":"shipping-taxable","15":"purchasable","16":"product-type-variable","17":"has-default-attributes"},"_links":{"self":[{"href":"https:\/\/perfectmass.net\/latam\/wp-json\/wp\/v2\/product\/24980","targetHints":{"allow":["GET"]}}],"collection":[{"href":"https:\/\/perfectmass.net\/latam\/wp-json\/wp\/v2\/product"}],"about":[{"href":"https:\/\/perfectmass.net\/latam\/wp-json\/wp\/v2\/types\/product"}],"replies":[{"embeddable":true,"href":"https:\/\/perfectmass.net\/latam\/wp-json\/wp\/v2\/comments?post=24980"}],"version-history":[{"count":1,"href":"https:\/\/perfectmass.net\/latam\/wp-json\/wp\/v2\/product\/24980\/revisions"}],"predecessor-version":[{"id":29565,"href":"https:\/\/perfectmass.net\/latam\/wp-json\/wp\/v2\/product\/24980\/revisions\/29565"}],"wp:featuredmedia":[{"embeddable":true,"href":"https:\/\/perfectmass.net\/latam\/wp-json\/wp\/v2\/media\/24982"}],"wp:attachment":[{"href":"https:\/\/perfectmass.net\/latam\/wp-json\/wp\/v2\/media?parent=24980"}],"wp:term":[{"taxonomy":"brand","embeddable":true,"href":"https:\/\/perfectmass.net\/latam\/wp-json\/wp\/v2\/etheme_brands?post=24980"},{"taxonomy":"product_brand","embeddable":true,"href":"https:\/\/perfectmass.net\/latam\/wp-json\/wp\/v2\/product_brand?post=24980"},{"taxonomy":"product_cat","embeddable":true,"href":"https:\/\/perfectmass.net\/latam\/wp-json\/wp\/v2\/product_cat?post=24980"},{"taxonomy":"product_tag","embeddable":true,"href":"https:\/\/perfectmass.net\/latam\/wp-json\/wp\/v2\/product_tag?post=24980"}],"curies":[{"name":"wp","href":"https:\/\/api.w.org\/{rel}","templated":true}]}}