{"id":24962,"date":"2025-11-26T17:53:28","date_gmt":"2025-11-26T22:53:28","guid":{"rendered":"https:\/\/perfectmass.net\/uncategorized\/kill-h2o-quemador-de-grasa-insane-labz\/"},"modified":"2026-04-23T13:09:29","modified_gmt":"2026-04-23T18:09:29","slug":"kill-h2o-quemador-de-grasa-insane-labz","status":"publish","type":"product","link":"https:\/\/perfectmass.net\/latam\/nutricion\/suplementos\/control-peso\/perdida\/kill-h2o-quemador-de-grasa-insane-labz\/","title":{"rendered":"Kill H2O &#8211; Quemador de Grasa Insane Labz"},"content":{"rendered":"<h2>Kill H2O &#8211; Quemador de Grasa Insane Labz<\/h2>\n<p>Elimina el exceso de l\u00edquidos con Insane Labz\u00ae Kill H2O<br \/>\nKill H2O es un diur\u00e9tico extremadamente potente, dise\u00f1ado para ayudarte a eliminar m\u00e1s sal y agua de tu cuerpo. Es especialmente \u00fatil si retienes l\u00edquidos con frecuencia o si est\u00e1s bajando de peso para competiciones.<\/p>\n<p>MEJORA LA DEFINICI\u00d3N MUSCULAR: Al reducir la retenci\u00f3n de l\u00edquidos, consigues esa definici\u00f3n muscular que todos buscan.<\/p>\n<p>REDUCE LA RETENCI\u00d3N DE L\u00cdQUIDOS: Formulado con extracto de hoja de gayuba para aumentar la micci\u00f3n, extracto de ra\u00edz de diente de le\u00f3n y extracto de cola de caballo para ayudar a reducir la retenci\u00f3n de l\u00edquidos, Kill H2O es perfecto para quienes desean definir sus m\u00fasculos.<\/p>\n<p>\u00a1El mejor diur\u00e9tico jam\u00e1s formulado! El Qu\u00edmico Loco se super\u00f3 a s\u00ed mismo con esta obra maestra: Kill H2O. Kill H2O est\u00e1 formulado con extracto de hoja de gayuba que aumenta la micci\u00f3n, extracto de ra\u00edz de diente de le\u00f3n y extracto de cola de caballo para ayudar a reducir la retenci\u00f3n de l\u00edquidos y eliminar toxinas del h\u00edgado, junto con nuestros ingredientes patentados OXYgold y AMPiberry para una mayor absorci\u00f3n. Ya sea que compitas en el escenario o simplemente quieras perder algunos kilos de m\u00e1s, toma una botella de Kill H2O y obt\u00e9n resultados incre\u00edbles. Kill H2O viene en c\u00e1psulas con 20 porciones.<\/p>\n<div id=\"attachment_15564\" style=\"width: 310px\" class=\"wp-caption alignnone\"><img fetchpriority=\"high\" decoding=\"async\" aria-describedby=\"caption-attachment-15564\" class=\"size-medium wp-image-15564\" src=\"https:\/\/perfectmass.net\/wp-content\/uploads\/2025\/11\/KillH2O_WebsiteRender-300x300.jpg\" alt=\"Kill H2O - Quemador de Grasa Insane Labz\" width=\"300\" height=\"300\" title=\"\" srcset=\"https:\/\/perfectmass.net\/wp-content\/uploads\/2025\/11\/KillH2O_WebsiteRender-300x300.jpg 300w, https:\/\/perfectmass.net\/wp-content\/uploads\/2025\/11\/KillH2O_WebsiteRender-150x150.jpg 150w, https:\/\/perfectmass.net\/wp-content\/uploads\/2025\/11\/KillH2O_WebsiteRender-445x445.jpg 445w, https:\/\/perfectmass.net\/wp-content\/uploads\/2025\/11\/KillH2O_WebsiteRender-100x100.jpg 100w, https:\/\/perfectmass.net\/wp-content\/uploads\/2025\/11\/KillH2O_WebsiteRender-1x1.jpg 1w, https:\/\/perfectmass.net\/wp-content\/uploads\/2025\/11\/KillH2O_WebsiteRender-10x10.jpg 10w, https:\/\/perfectmass.net\/wp-content\/uploads\/2025\/11\/KillH2O_WebsiteRender.jpg 650w\" sizes=\"(max-width: 300px) 100vw, 300px\" \/><p id=\"caption-attachment-15564\" class=\"wp-caption-text\">Kill H2O &#8211; Quemador de Grasa <a href=\"https:\/\/insanelabz.com\/\" target=\"_blank\" rel=\"noopener\">Insane Labz<\/a><\/p><\/div>\n<p>Visitar <a href=\"http:\/\/PerfectMass.net\" target=\"_blank\" rel=\"noopener\">PerfectMass.net<\/a><\/p>\n","protected":false},"excerpt":{"rendered":"<p>Soporte diario para tus objetivos de rendimiento.<\/p>\n","protected":false},"featured_media":24963,"comment_status":"open","ping_status":"closed","template":"","meta":[],"etheme_brands":[{"term_id":2577,"name":"Insane Labz","slug":"insane-labz","term_group":0,"term_taxonomy_id":2577,"taxonomy":"brand","description":"<strong data-start=\"235\" data-end=\"260\">Insane Labz:<\/strong> es una marca reconocida por su compromiso con la calidad, la innovaci\u00f3n y el rendimiento dentro del mundo de la nutrici\u00f3n deportiva. Sus productos est\u00e1n desarrollados para ayudar a deportistas y personas activas a mejorar su recuperaci\u00f3n, aumentar su energ\u00eda y alcanzar sus objetivos de forma segura y efectiva. En PerfectMassNutrition\u00ae seleccionamos lo mejor de Insane Labz para ofrecerte suplementos confiables, con excelentes ingredientes y resultados comprobados, disponibles para toda Colombia y Latinoam\u00e9rica.","parent":0,"count":32,"filter":"raw"}],"product_brand":[2761],"product_cat":[1594,1595,1596,1605,1623],"product_tag":[1606],"class_list":{"0":"post-24962","1":"product","2":"type-product","3":"status-publish","4":"has-post-thumbnail","6":"brand-insane-labz","7":"product_brand-insane-labz","8":"product_cat-mas-vendidos","9":"product_cat-novedades","10":"product_cat-ofertas","11":"product_cat-suplementos","12":"product_cat-perdida","13":"product_tag-suplemento","15":"first","16":"instock","17":"sale","18":"taxable","19":"shipping-taxable","20":"purchasable","21":"product-type-variable","22":"has-default-attributes"},"_links":{"self":[{"href":"https:\/\/perfectmass.net\/latam\/wp-json\/wp\/v2\/product\/24962","targetHints":{"allow":["GET"]}}],"collection":[{"href":"https:\/\/perfectmass.net\/latam\/wp-json\/wp\/v2\/product"}],"about":[{"href":"https:\/\/perfectmass.net\/latam\/wp-json\/wp\/v2\/types\/product"}],"replies":[{"embeddable":true,"href":"https:\/\/perfectmass.net\/latam\/wp-json\/wp\/v2\/comments?post=24962"}],"version-history":[{"count":1,"href":"https:\/\/perfectmass.net\/latam\/wp-json\/wp\/v2\/product\/24962\/revisions"}],"predecessor-version":[{"id":29545,"href":"https:\/\/perfectmass.net\/latam\/wp-json\/wp\/v2\/product\/24962\/revisions\/29545"}],"wp:featuredmedia":[{"embeddable":true,"href":"https:\/\/perfectmass.net\/latam\/wp-json\/wp\/v2\/media\/24963"}],"wp:attachment":[{"href":"https:\/\/perfectmass.net\/latam\/wp-json\/wp\/v2\/media?parent=24962"}],"wp:term":[{"taxonomy":"brand","embeddable":true,"href":"https:\/\/perfectmass.net\/latam\/wp-json\/wp\/v2\/etheme_brands?post=24962"},{"taxonomy":"product_brand","embeddable":true,"href":"https:\/\/perfectmass.net\/latam\/wp-json\/wp\/v2\/product_brand?post=24962"},{"taxonomy":"product_cat","embeddable":true,"href":"https:\/\/perfectmass.net\/latam\/wp-json\/wp\/v2\/product_cat?post=24962"},{"taxonomy":"product_tag","embeddable":true,"href":"https:\/\/perfectmass.net\/latam\/wp-json\/wp\/v2\/product_tag?post=24962"}],"curies":[{"name":"wp","href":"https:\/\/api.w.org\/{rel}","templated":true}]}}