{"id":24911,"date":"2025-11-26T17:53:30","date_gmt":"2025-11-26T22:53:30","guid":{"rendered":"https:\/\/perfectmass.net\/uncategorized\/simply-supplements-isolate-hydrolyzed\/"},"modified":"2026-05-02T04:39:49","modified_gmt":"2026-05-02T09:39:49","slug":"simply-supplements-isolate-hydrolyzed","status":"publish","type":"product","link":"https:\/\/perfectmass.net\/latam\/nutricion\/proteina\/aislada\/simply-supplements-isolate-hydrolyzed\/","title":{"rendered":"Isolate Hydrolyzed &#8211; Simply Supplements"},"content":{"rendered":"<p><strong>Isolate Hydrolyzed &#8211; Simply Supplements<\/strong><\/p>\n<p>Isolate Hydrolyzed<\/p>\n<p>Prote\u00edna de alta calidad dise\u00f1ada para apoyar la recuperaci\u00f3n y el desarrollo muscular. Aporta amino\u00e1cidos esenciales de r\u00e1pida absorci\u00f3n, ideales para despu\u00e9s del entrenamiento.<\/p>\n","protected":false},"excerpt":{"rendered":"<p>Prote\u00edna de suero para favorecer la recuperaci\u00f3n y el crecimiento muscular.<\/p>\n","protected":false},"featured_media":24913,"comment_status":"open","ping_status":"closed","template":"","meta":[],"etheme_brands":[{"term_id":2632,"name":"Simply Supplements","slug":"simply-supplements","term_group":0,"term_taxonomy_id":2632,"taxonomy":"brand","description":"","parent":0,"count":2,"filter":"raw"}],"product_brand":[2736],"product_cat":[3695],"product_tag":[1606],"class_list":{"0":"post-24911","1":"product","2":"type-product","3":"status-publish","4":"has-post-thumbnail","6":"brand-simply-supplements","7":"product_brand-simply-supplements","8":"product_cat-aislada","9":"product_tag-suplemento","11":"first","12":"outofstock","13":"sale","14":"taxable","15":"shipping-taxable","16":"purchasable","17":"product-type-variable","18":"has-default-attributes"},"_links":{"self":[{"href":"https:\/\/perfectmass.net\/latam\/wp-json\/wp\/v2\/product\/24911","targetHints":{"allow":["GET"]}}],"collection":[{"href":"https:\/\/perfectmass.net\/latam\/wp-json\/wp\/v2\/product"}],"about":[{"href":"https:\/\/perfectmass.net\/latam\/wp-json\/wp\/v2\/types\/product"}],"replies":[{"embeddable":true,"href":"https:\/\/perfectmass.net\/latam\/wp-json\/wp\/v2\/comments?post=24911"}],"version-history":[{"count":1,"href":"https:\/\/perfectmass.net\/latam\/wp-json\/wp\/v2\/product\/24911\/revisions"}],"predecessor-version":[{"id":29511,"href":"https:\/\/perfectmass.net\/latam\/wp-json\/wp\/v2\/product\/24911\/revisions\/29511"}],"wp:featuredmedia":[{"embeddable":true,"href":"https:\/\/perfectmass.net\/latam\/wp-json\/wp\/v2\/media\/24913"}],"wp:attachment":[{"href":"https:\/\/perfectmass.net\/latam\/wp-json\/wp\/v2\/media?parent=24911"}],"wp:term":[{"taxonomy":"brand","embeddable":true,"href":"https:\/\/perfectmass.net\/latam\/wp-json\/wp\/v2\/etheme_brands?post=24911"},{"taxonomy":"product_brand","embeddable":true,"href":"https:\/\/perfectmass.net\/latam\/wp-json\/wp\/v2\/product_brand?post=24911"},{"taxonomy":"product_cat","embeddable":true,"href":"https:\/\/perfectmass.net\/latam\/wp-json\/wp\/v2\/product_cat?post=24911"},{"taxonomy":"product_tag","embeddable":true,"href":"https:\/\/perfectmass.net\/latam\/wp-json\/wp\/v2\/product_tag?post=24911"}],"curies":[{"name":"wp","href":"https:\/\/api.w.org\/{rel}","templated":true}]}}