{"id":24859,"date":"2025-11-26T17:53:41","date_gmt":"2025-11-26T22:53:41","guid":{"rendered":"https:\/\/perfectmass.net\/uncategorized\/nitraflex-sport-pre-entreno-gat-sport\/"},"modified":"2026-05-02T04:39:25","modified_gmt":"2026-05-02T09:39:25","slug":"nitraflex-sport-pre-entreno-gat-sport","status":"publish","type":"product","link":"https:\/\/perfectmass.net\/latam\/nutricion\/entreno\/pre\/nitraflex-sport-pre-entreno-gat-sport\/","title":{"rendered":"Nitraflex Sport &#8211; Pre-Entreno GAT Sport"},"content":{"rendered":"<h2>Nitraflex Sport &#8211; Pre-Entreno GAT Sport<\/h2>\n<p>\u00bfEst\u00e1s listo para superar tus l\u00edmites y entrenar para ser un campe\u00f3n? Te presentamos tu nueva arma secreta: Nitraflex SPORT.<\/p>\n<p>No es un simple pre-entrenamiento; es tu boleto a lo que muchos considerar\u00edan una ventaja injusta. Imagina cada entrenamiento impulsado por el rendimiento que necesitas para convertirte en el mejor atleta posible y superar a tus rivales.<\/p>\n<p>Los campeones se centran en una sola cosa: GANAR. Exigen un producto seguro para los atletas que rinda al m\u00e1ximo. Con Nitraflex SPORT, un suplemento pre-entrenamiento libre de sustancias prohibidas para la tranquilidad de los atletas, obtienes el pre-entrenamiento definitivo, dise\u00f1ado espec\u00edficamente para atletas de todos los niveles, desde principiantes hasta la \u00e9lite.<\/p>\n<p>Sus ingredientes de vanguardia potencian tu energ\u00eda, aumentan tu fuerza y \u200b\u200bte mantienen hidratado durante los entrenamientos m\u00e1s intensos. Experimenta la potencia explosiva y la resistencia que solo Nitraflex SPORT puede ofrecerte. No solo compitas, domina.<\/p>\n<p>Maximiza la producci\u00f3n de energ\u00eda<br \/>\nAumenta la fuerza y \u200b\u200bel rendimiento<br \/>\nOptimiza la hidrataci\u00f3n<br \/>\nCertificado por Informed Sport<\/p>\n<div id=\"attachment_21872\" style=\"width: 310px\" class=\"wp-caption alignnone\"><img fetchpriority=\"high\" decoding=\"async\" aria-describedby=\"caption-attachment-21872\" class=\"size-medium wp-image-21872\" src=\"https:\/\/perfectmass.net\/wp-content\/uploads\/2025\/11\/1-HeroPDPRendering_5120550b-2900-486d-8479-120549bf0f74-300x300.webp\" alt=\"Nitraflex Sport - Pre-Entreno GAT Sport\" width=\"300\" height=\"300\" title=\"\" srcset=\"https:\/\/perfectmass.net\/wp-content\/uploads\/2025\/11\/1-HeroPDPRendering_5120550b-2900-486d-8479-120549bf0f74-300x300.webp 300w, https:\/\/perfectmass.net\/wp-content\/uploads\/2025\/11\/1-HeroPDPRendering_5120550b-2900-486d-8479-120549bf0f74-1024x1024.webp 1024w, https:\/\/perfectmass.net\/wp-content\/uploads\/2025\/11\/1-HeroPDPRendering_5120550b-2900-486d-8479-120549bf0f74-150x150.webp 150w, https:\/\/perfectmass.net\/wp-content\/uploads\/2025\/11\/1-HeroPDPRendering_5120550b-2900-486d-8479-120549bf0f74-768x768.webp 768w, https:\/\/perfectmass.net\/wp-content\/uploads\/2025\/11\/1-HeroPDPRendering_5120550b-2900-486d-8479-120549bf0f74-445x445.webp 445w, https:\/\/perfectmass.net\/wp-content\/uploads\/2025\/11\/1-HeroPDPRendering_5120550b-2900-486d-8479-120549bf0f74-100x100.webp 100w, https:\/\/perfectmass.net\/wp-content\/uploads\/2025\/11\/1-HeroPDPRendering_5120550b-2900-486d-8479-120549bf0f74-1x1.webp 1w, https:\/\/perfectmass.net\/wp-content\/uploads\/2025\/11\/1-HeroPDPRendering_5120550b-2900-486d-8479-120549bf0f74-10x10.webp 10w, https:\/\/perfectmass.net\/wp-content\/uploads\/2025\/11\/1-HeroPDPRendering_5120550b-2900-486d-8479-120549bf0f74.webp 1400w\" sizes=\"(max-width: 300px) 100vw, 300px\" \/><p id=\"caption-attachment-21872\" class=\"wp-caption-text\">Nitraflex Sport &#8211; Pre-Entreno <a href=\"https:\/\/gatsport.com\/\" target=\"_blank\" rel=\"noopener\">GAT Sport<\/a><\/p><\/div>\n<p>Visitar <a href=\"http:\/\/PerfectMass.net\" target=\"_blank\" rel=\"noopener\">PerfectMass.net<\/a><\/p>\n","protected":false},"excerpt":{"rendered":"<p>Pre-entreno para potenciar energ\u00eda, fuerza y concentraci\u00f3n.<\/p>\n","protected":false},"featured_media":24861,"comment_status":"open","ping_status":"closed","template":"","meta":[],"etheme_brands":[{"term_id":2546,"name":"GAT Sport","slug":"gat-sport","term_group":0,"term_taxonomy_id":2546,"taxonomy":"brand","description":"","parent":0,"count":4,"filter":"raw"}],"product_brand":[2686],"product_cat":[3717],"product_tag":[1606],"class_list":{"0":"post-24859","1":"product","2":"type-product","3":"status-publish","4":"has-post-thumbnail","6":"brand-gat-sport","7":"product_brand-gat-sport","8":"product_cat-pre","9":"product_tag-suplemento","11":"first","12":"instock","13":"sale","14":"taxable","15":"shipping-taxable","16":"purchasable","17":"product-type-variable"},"_links":{"self":[{"href":"https:\/\/perfectmass.net\/latam\/wp-json\/wp\/v2\/product\/24859","targetHints":{"allow":["GET"]}}],"collection":[{"href":"https:\/\/perfectmass.net\/latam\/wp-json\/wp\/v2\/product"}],"about":[{"href":"https:\/\/perfectmass.net\/latam\/wp-json\/wp\/v2\/types\/product"}],"replies":[{"embeddable":true,"href":"https:\/\/perfectmass.net\/latam\/wp-json\/wp\/v2\/comments?post=24859"}],"version-history":[{"count":1,"href":"https:\/\/perfectmass.net\/latam\/wp-json\/wp\/v2\/product\/24859\/revisions"}],"predecessor-version":[{"id":29475,"href":"https:\/\/perfectmass.net\/latam\/wp-json\/wp\/v2\/product\/24859\/revisions\/29475"}],"wp:featuredmedia":[{"embeddable":true,"href":"https:\/\/perfectmass.net\/latam\/wp-json\/wp\/v2\/media\/24861"}],"wp:attachment":[{"href":"https:\/\/perfectmass.net\/latam\/wp-json\/wp\/v2\/media?parent=24859"}],"wp:term":[{"taxonomy":"brand","embeddable":true,"href":"https:\/\/perfectmass.net\/latam\/wp-json\/wp\/v2\/etheme_brands?post=24859"},{"taxonomy":"product_brand","embeddable":true,"href":"https:\/\/perfectmass.net\/latam\/wp-json\/wp\/v2\/product_brand?post=24859"},{"taxonomy":"product_cat","embeddable":true,"href":"https:\/\/perfectmass.net\/latam\/wp-json\/wp\/v2\/product_cat?post=24859"},{"taxonomy":"product_tag","embeddable":true,"href":"https:\/\/perfectmass.net\/latam\/wp-json\/wp\/v2\/product_tag?post=24859"}],"curies":[{"name":"wp","href":"https:\/\/api.w.org\/{rel}","templated":true}]}}