{"id":24838,"date":"2025-11-26T17:53:41","date_gmt":"2025-11-26T22:53:41","guid":{"rendered":"https:\/\/perfectmass.net\/uncategorized\/jetfuel-black-series-quemador-de-grasa-gat-sport\/"},"modified":"2026-04-23T13:09:03","modified_gmt":"2026-04-23T18:09:03","slug":"jetfuel-black-series-quemador-de-grasa-gat-sport","status":"publish","type":"product","link":"https:\/\/perfectmass.net\/latam\/nutricion\/suplementos\/control-peso\/perdida\/jetfuel-black-series-quemador-de-grasa-gat-sport\/","title":{"rendered":"Jetfuel Black Series &#8211; Quemador de Grasa GAT Sport"},"content":{"rendered":"<h2>Jetfuel Black Series &#8211; Quemador de Grasa GAT Sport<\/h2>\n<p>JetFuel\u00ae Black es una f\u00f3rmula de m\u00faltiples etapas cient\u00edficamente avanzada dise\u00f1ada para acelerar la p\u00e9rdida de grasa mientras promueve una sensaci\u00f3n general de bienestar. Esta f\u00f3rmula, la mejor en su clase, se dise\u00f1\u00f3 para ayudar a aumentar el gasto cal\u00f3rico, aumentar la tasa metab\u00f3lica y suprimir la producci\u00f3n de cortisol inducida por el estr\u00e9s. Tambi\u00e9n puede ayudar a favorecer la supresi\u00f3n del apetito mientras aumenta la concentraci\u00f3n y la energ\u00eda mental. \u00a1Elimine las conjeturas sobre la p\u00e9rdida de grasa y disfrute del proceso!<\/p>\n<ul>\n<li>Favorece el aumento de la tasa metab\u00f3lica<\/li>\n<li>Ayuda a reducir el estr\u00e9s con adapt\u00f3genos<\/li>\n<li>Mezcla de cafe\u00edna de liberaci\u00f3n prolongada<\/li>\n<li>Suplemento alimentario.<\/li>\n<li>Citra-Fuze<\/li>\n<li>ZumXR<\/li>\n<li>Rhodio Prime\u2122<\/li>\n<li>CalorieBurn\u00ae<\/li>\n<\/ul>\n<p><strong>Aspectos destacados de la f\u00f3rmula<\/strong><\/p>\n<ul>\n<li>CaloriBurn\u00ae act\u00faa para aumentar el gasto cal\u00f3rico diario en 97 calor\u00edas<\/li>\n<li>CitraFuze\u00ae act\u00faa para ayudar a favorecer una mayor tasa metab\u00f3lica<\/li>\n<li>RhodioPrime\u00ae es conocido por ayudar a favorecer una respuesta saludable al estr\u00e9s y un estado de \u00e1nimo elevado<\/li>\n<li>Evite el choque: Mezcla de cafe\u00edna de liberaci\u00f3n prolongada en tres etapas<\/li>\n<\/ul>\n<p>&nbsp;<\/p>\n<div id=\"attachment_15325\" style=\"width: 310px\" class=\"wp-caption alignnone\"><img fetchpriority=\"high\" decoding=\"async\" aria-describedby=\"caption-attachment-15325\" class=\"size-medium wp-image-15325\" src=\"https:\/\/perfectmass.net\/wp-content\/uploads\/2025\/11\/2001_imagen_2-300x300.png\" alt=\"Jetfuel Black Series - Quemador de Grasa GAT Sport\" width=\"300\" height=\"300\" title=\"\" srcset=\"https:\/\/perfectmass.net\/wp-content\/uploads\/2025\/11\/2001_imagen_2-300x300.png 300w, https:\/\/perfectmass.net\/wp-content\/uploads\/2025\/11\/2001_imagen_2-150x150.png 150w, https:\/\/perfectmass.net\/wp-content\/uploads\/2025\/11\/2001_imagen_2-445x445.png 445w, https:\/\/perfectmass.net\/wp-content\/uploads\/2025\/11\/2001_imagen_2-100x100.png 100w, https:\/\/perfectmass.net\/wp-content\/uploads\/2025\/11\/2001_imagen_2-1x1.png 1w, https:\/\/perfectmass.net\/wp-content\/uploads\/2025\/11\/2001_imagen_2-10x10.png 10w, https:\/\/perfectmass.net\/wp-content\/uploads\/2025\/11\/2001_imagen_2.png 600w\" sizes=\"(max-width: 300px) 100vw, 300px\" \/><p id=\"caption-attachment-15325\" class=\"wp-caption-text\">Jetfuel Black Series &#8211; Quemador de Grasa <a href=\"https:\/\/gatsport.com\/\" target=\"_blank\" rel=\"noopener\">GAT Sport<\/a><\/p><\/div>\n<p>Visitar <a href=\"http:\/\/PerfectMass.net\" target=\"_blank\" rel=\"noopener\">PerfectMass.net<\/a><\/p>\n","protected":false},"excerpt":{"rendered":"<p>Termog\u00e9nico para apoyar la definici\u00f3n y el control del peso.<\/p>\n","protected":false},"featured_media":24839,"comment_status":"open","ping_status":"closed","template":"","meta":[],"etheme_brands":[{"term_id":2546,"name":"GAT Sport","slug":"gat-sport","term_group":0,"term_taxonomy_id":2546,"taxonomy":"brand","description":"","parent":0,"count":4,"filter":"raw"}],"product_brand":[2686],"product_cat":[1501,1605,1627,1623],"product_tag":[1606],"class_list":{"0":"post-24838","1":"product","2":"type-product","3":"status-publish","4":"has-post-thumbnail","6":"brand-gat-sport","7":"product_brand-gat-sport","8":"product_cat-nutricion","9":"product_cat-suplementos","10":"product_cat-control-peso","11":"product_cat-perdida","12":"product_tag-suplemento","14":"first","15":"instock","16":"sale","17":"taxable","18":"shipping-taxable","19":"purchasable","20":"product-type-variable","21":"has-default-attributes"},"_links":{"self":[{"href":"https:\/\/perfectmass.net\/latam\/wp-json\/wp\/v2\/product\/24838","targetHints":{"allow":["GET"]}}],"collection":[{"href":"https:\/\/perfectmass.net\/latam\/wp-json\/wp\/v2\/product"}],"about":[{"href":"https:\/\/perfectmass.net\/latam\/wp-json\/wp\/v2\/types\/product"}],"replies":[{"embeddable":true,"href":"https:\/\/perfectmass.net\/latam\/wp-json\/wp\/v2\/comments?post=24838"}],"version-history":[{"count":1,"href":"https:\/\/perfectmass.net\/latam\/wp-json\/wp\/v2\/product\/24838\/revisions"}],"predecessor-version":[{"id":29457,"href":"https:\/\/perfectmass.net\/latam\/wp-json\/wp\/v2\/product\/24838\/revisions\/29457"}],"wp:featuredmedia":[{"embeddable":true,"href":"https:\/\/perfectmass.net\/latam\/wp-json\/wp\/v2\/media\/24839"}],"wp:attachment":[{"href":"https:\/\/perfectmass.net\/latam\/wp-json\/wp\/v2\/media?parent=24838"}],"wp:term":[{"taxonomy":"brand","embeddable":true,"href":"https:\/\/perfectmass.net\/latam\/wp-json\/wp\/v2\/etheme_brands?post=24838"},{"taxonomy":"product_brand","embeddable":true,"href":"https:\/\/perfectmass.net\/latam\/wp-json\/wp\/v2\/product_brand?post=24838"},{"taxonomy":"product_cat","embeddable":true,"href":"https:\/\/perfectmass.net\/latam\/wp-json\/wp\/v2\/product_cat?post=24838"},{"taxonomy":"product_tag","embeddable":true,"href":"https:\/\/perfectmass.net\/latam\/wp-json\/wp\/v2\/product_tag?post=24838"}],"curies":[{"name":"wp","href":"https:\/\/api.w.org\/{rel}","templated":true}]}}