{"id":24818,"date":"2025-11-26T17:53:41","date_gmt":"2025-11-26T22:53:41","guid":{"rendered":"https:\/\/perfectmass.net\/uncategorized\/pase-pre-entreno-fit-mafia\/"},"modified":"2026-04-23T13:07:05","modified_gmt":"2026-04-23T18:07:05","slug":"pase-pre-entreno-fit-mafia","status":"publish","type":"product","link":"https:\/\/perfectmass.net\/latam\/uncategorized\/pase-pre-entreno-fit-mafia\/","title":{"rendered":"Pase &#8211; Pre-entreno Fit Mafia"},"content":{"rendered":"<h2>Pase &#8211; Pre-entreno Fit Mafia<\/h2>\n<p><strong>Ingredientes Blue Raspberry Ice:<\/strong>\u00a0\u00c1cido C\u00edtrico (Acidulante), Beta-Alanina, L-Arginina, Taurina (200mg\/100mL), Cafe\u00edna (32mg\/100mL), Di\u00f3xido de Silicio, Sabor Artificial (Blue Raspberry Ice), Extracto Vegetal de T\u00e9 Verde, Extracto de Naranja Amarga, Sucralosa (Edulcorante), Vitamina C (\u00c1cido Asc\u00f3rbico), Vitamina B3 (Niacina), Colorante Artificial y su Laca Azul No.1 (100mg\/Kg), Benzoato de Sodio (Conservante) (600mg\/L), Vitamina B6 (Piridoxina), Vitamina B1 (Tiamina).<\/p>\n<p><strong>Ingredientes Fruit Punch:\u00a0<\/strong>\u00c1cido c\u00edtrico (Acidulante), Beta \u2013 Alanina, L-Arginina, Taurina (200 mg\/100 mL), cafe\u00edna (32 mg\/100 mL), Di\u00f3xido de Silicio, Sabor Artificial Fruit Punch, Extracto Vegetal de T\u00e9 Verde, Extracto de Naranja Amarga, Sucralosa (Edulcorante), Vitamina C (\u00c1cido Asc\u00f3rbico), Vitamina B3 (Niacina), Colorante Artificial y su Laca Rojo No.40, Benzoato de Sodio (Conservante), Vitamina B6 (Piridoxina), Vitamina B1 (Tiamina).<\/p>\n<p><strong>Presentaci\u00f3n Comercial:<\/strong>\u00a0Envase y Liners interno de seguridad.<\/p>\n<p><strong>Material del Empaque:<\/strong>\u00a0Envase pl\u00e1stico.<\/p>\n<p><strong>M\u00e9todo de Conservaci\u00f3n:<\/strong>\u00a0Almacenar bien cerrado en su empaque original en un lugar fresco a temperatura inferior a 30\u00b0C y humedad relativa inferior a 75%. No introducir elementos h\u00famedos, despu\u00e9s de abierto consumase en el menor tiempo posible.<\/p>\n<p><strong>Contenido<\/strong>: Neto 330g \/ 0.72 Lb \/ 11.6 Oz.<\/p>\n<p><strong>Servicios:<\/strong>\u00a030 Porciones por envase.<\/p>\n<p><strong>Sabor:<\/strong>\u00a0Blue Raspberry Ice \/ Fruit Punch.<\/p>\n<p><strong>Modo de Preparaci\u00f3n<\/strong>: Mezclar 1 cuchara medidora (11 g) incluida en el empaque del producto en 2.5 vasos de agua (500mL) de agua, ag\u00edtese hasta obtener un producto homog\u00e9neo. Cons\u00famase una vez preparado.<\/p>\n<p><strong>Formato de Venta:<\/strong>\u00a0Polvo.<\/p>\n<p><strong>Registro Sanitario<\/strong>: RSA-0026462-2023.<\/p>\n<p><strong>Contenido elevado en cafe\u00edna (5 mg\/100 mL).<\/strong><br \/>\nNo se recomienda el consumo de bebidas energizantes con bebidas alcoh\u00f3licas.<br \/>\nNo recomendado para personas sensibles a la cafe\u00edna.<br \/>\nEste producto solo podr\u00e1 ser comercializado, expendido y dirigido a poblaci\u00f3n mayor de 14 a\u00f1os.<\/p>\n<div id=\"attachment_21862\" style=\"width: 310px\" class=\"wp-caption alignnone\"><img fetchpriority=\"high\" decoding=\"async\" aria-describedby=\"caption-attachment-21862\" class=\"size-medium wp-image-21862\" src=\"https:\/\/perfectmass.net\/wp-content\/uploads\/2025\/11\/PASE-fruit-punch-2-300x300.png\" alt=\"Pase - Pre-entreno Fit Mafia\" width=\"300\" height=\"300\" title=\"\" srcset=\"https:\/\/perfectmass.net\/wp-content\/uploads\/2025\/11\/PASE-fruit-punch-2-300x300.png 300w, https:\/\/perfectmass.net\/wp-content\/uploads\/2025\/11\/PASE-fruit-punch-2-1024x1024.png 1024w, https:\/\/perfectmass.net\/wp-content\/uploads\/2025\/11\/PASE-fruit-punch-2-150x150.png 150w, https:\/\/perfectmass.net\/wp-content\/uploads\/2025\/11\/PASE-fruit-punch-2-768x768.png 768w, https:\/\/perfectmass.net\/wp-content\/uploads\/2025\/11\/PASE-fruit-punch-2-1536x1536.png 1536w, https:\/\/perfectmass.net\/wp-content\/uploads\/2025\/11\/PASE-fruit-punch-2-445x445.png 445w, https:\/\/perfectmass.net\/wp-content\/uploads\/2025\/11\/PASE-fruit-punch-2-100x100.png 100w, https:\/\/perfectmass.net\/wp-content\/uploads\/2025\/11\/PASE-fruit-punch-2-1x1.png 1w, https:\/\/perfectmass.net\/wp-content\/uploads\/2025\/11\/PASE-fruit-punch-2-10x10.png 10w, https:\/\/perfectmass.net\/wp-content\/uploads\/2025\/11\/PASE-fruit-punch-2.png 2000w\" sizes=\"(max-width: 300px) 100vw, 300px\" \/><p id=\"caption-attachment-21862\" class=\"wp-caption-text\">Pase &#8211; Pre-entreno <a href=\"https:\/\/fitmafiasupps.com\/\" target=\"_blank\" rel=\"noopener\">Fit Mafia<\/a><\/p><\/div>\n<p>Visitar <a href=\"http:\/\/PerfectMass.net\" target=\"_blank\" rel=\"noopener\">PerfectMass.net<\/a><\/p>\n","protected":false},"excerpt":{"rendered":"<p>El mejor Pre-entreno<\/p>\n","protected":false},"featured_media":24820,"comment_status":"open","ping_status":"closed","template":"","meta":[],"etheme_brands":[{"term_id":2544,"name":"Fit Mafia","slug":"fit-mafia","term_group":0,"term_taxonomy_id":2544,"taxonomy":"brand","description":"","parent":0,"count":4,"filter":"raw"}],"product_brand":[2697],"product_cat":[],"product_tag":[1606],"class_list":{"0":"post-24818","1":"product","2":"type-product","3":"status-publish","4":"has-post-thumbnail","6":"brand-fit-mafia","7":"product_brand-fit-mafia","8":"product_tag-suplemento","10":"first","11":"instock","12":"sale","13":"taxable","14":"shipping-taxable","15":"purchasable","16":"product-type-variable"},"_links":{"self":[{"href":"https:\/\/perfectmass.net\/latam\/wp-json\/wp\/v2\/product\/24818","targetHints":{"allow":["GET"]}}],"collection":[{"href":"https:\/\/perfectmass.net\/latam\/wp-json\/wp\/v2\/product"}],"about":[{"href":"https:\/\/perfectmass.net\/latam\/wp-json\/wp\/v2\/types\/product"}],"replies":[{"embeddable":true,"href":"https:\/\/perfectmass.net\/latam\/wp-json\/wp\/v2\/comments?post=24818"}],"version-history":[{"count":1,"href":"https:\/\/perfectmass.net\/latam\/wp-json\/wp\/v2\/product\/24818\/revisions"}],"predecessor-version":[{"id":29441,"href":"https:\/\/perfectmass.net\/latam\/wp-json\/wp\/v2\/product\/24818\/revisions\/29441"}],"wp:featuredmedia":[{"embeddable":true,"href":"https:\/\/perfectmass.net\/latam\/wp-json\/wp\/v2\/media\/24820"}],"wp:attachment":[{"href":"https:\/\/perfectmass.net\/latam\/wp-json\/wp\/v2\/media?parent=24818"}],"wp:term":[{"taxonomy":"brand","embeddable":true,"href":"https:\/\/perfectmass.net\/latam\/wp-json\/wp\/v2\/etheme_brands?post=24818"},{"taxonomy":"product_brand","embeddable":true,"href":"https:\/\/perfectmass.net\/latam\/wp-json\/wp\/v2\/product_brand?post=24818"},{"taxonomy":"product_cat","embeddable":true,"href":"https:\/\/perfectmass.net\/latam\/wp-json\/wp\/v2\/product_cat?post=24818"},{"taxonomy":"product_tag","embeddable":true,"href":"https:\/\/perfectmass.net\/latam\/wp-json\/wp\/v2\/product_tag?post=24818"}],"curies":[{"name":"wp","href":"https:\/\/api.w.org\/{rel}","templated":true}]}}