{"id":24723,"date":"2025-11-26T17:53:43","date_gmt":"2025-11-26T22:53:43","guid":{"rendered":"https:\/\/perfectmass.net\/uncategorized\/shakers-termo-imn\/"},"modified":"2026-05-02T04:37:14","modified_gmt":"2026-05-02T09:37:14","slug":"shakers-termo-imn","status":"publish","type":"product","link":"https:\/\/perfectmass.net\/latam\/shakers-y-botellas\/shakers-termo-imn\/","title":{"rendered":"Shakers Termo IMN &#8211; Accesorios IMN Nutrition"},"content":{"rendered":"<p><strong>Shakers Termo IMN &#8211; Accesorios IMN Nutrition<\/strong><\/p>\n<p>Shakers Termo IMN &#8211; Accesorios IMN Nutrition<\/p>\n<p>Accesorio deportivo de calidad dise\u00f1ado para complementar tu entrenamiento y facilitar el consumo de suplementos.<\/p>\n","protected":false},"excerpt":{"rendered":"<p>Accesorio de calidad para deportistas.<\/p>\n","protected":false},"featured_media":24724,"comment_status":"open","ping_status":"closed","template":"","meta":[],"etheme_brands":[{"term_id":2575,"name":"IMN Nutrition","slug":"imn-nutrition","term_group":0,"term_taxonomy_id":2575,"taxonomy":"brand","description":"<strong data-start=\"235\" data-end=\"260\">IMN Nutrition:<\/strong> es una marca reconocida por su compromiso con la calidad, la innovaci\u00f3n y el rendimiento dentro del mundo de la nutrici\u00f3n deportiva. Sus productos est\u00e1n desarrollados para ayudar a deportistas y personas activas a mejorar su recuperaci\u00f3n, aumentar su energ\u00eda y alcanzar sus objetivos de forma segura y efectiva. En PerfectMassNutrition\u00ae seleccionamos lo mejor de IMN Nutrition para ofrecerte suplementos confiables, con excelentes ingredientes y resultados comprobados, disponibles para toda Colombia y Latinoam\u00e9rica.","parent":0,"count":11,"filter":"raw"}],"product_brand":[2781],"product_cat":[3757],"product_tag":[1606],"class_list":{"0":"post-24723","1":"product","2":"type-product","3":"status-publish","4":"has-post-thumbnail","6":"brand-imn-nutrition","7":"product_brand-imn-nutrition","8":"product_cat-shakers-y-botellas","9":"product_tag-suplemento","11":"first","12":"outofstock","13":"sale","14":"taxable","15":"shipping-taxable","16":"purchasable","17":"product-type-variable","18":"has-default-attributes"},"_links":{"self":[{"href":"https:\/\/perfectmass.net\/latam\/wp-json\/wp\/v2\/product\/24723","targetHints":{"allow":["GET"]}}],"collection":[{"href":"https:\/\/perfectmass.net\/latam\/wp-json\/wp\/v2\/product"}],"about":[{"href":"https:\/\/perfectmass.net\/latam\/wp-json\/wp\/v2\/types\/product"}],"replies":[{"embeddable":true,"href":"https:\/\/perfectmass.net\/latam\/wp-json\/wp\/v2\/comments?post=24723"}],"version-history":[{"count":1,"href":"https:\/\/perfectmass.net\/latam\/wp-json\/wp\/v2\/product\/24723\/revisions"}],"predecessor-version":[{"id":29375,"href":"https:\/\/perfectmass.net\/latam\/wp-json\/wp\/v2\/product\/24723\/revisions\/29375"}],"wp:featuredmedia":[{"embeddable":true,"href":"https:\/\/perfectmass.net\/latam\/wp-json\/wp\/v2\/media\/24724"}],"wp:attachment":[{"href":"https:\/\/perfectmass.net\/latam\/wp-json\/wp\/v2\/media?parent=24723"}],"wp:term":[{"taxonomy":"brand","embeddable":true,"href":"https:\/\/perfectmass.net\/latam\/wp-json\/wp\/v2\/etheme_brands?post=24723"},{"taxonomy":"product_brand","embeddable":true,"href":"https:\/\/perfectmass.net\/latam\/wp-json\/wp\/v2\/product_brand?post=24723"},{"taxonomy":"product_cat","embeddable":true,"href":"https:\/\/perfectmass.net\/latam\/wp-json\/wp\/v2\/product_cat?post=24723"},{"taxonomy":"product_tag","embeddable":true,"href":"https:\/\/perfectmass.net\/latam\/wp-json\/wp\/v2\/product_tag?post=24723"}],"curies":[{"name":"wp","href":"https:\/\/api.w.org\/{rel}","templated":true}]}}