{"id":24714,"date":"2025-11-26T17:53:44","date_gmt":"2025-11-26T22:53:44","guid":{"rendered":"https:\/\/perfectmass.net\/uncategorized\/smart-nutrition-glutamine-maracuya\/"},"modified":"2026-04-23T13:06:41","modified_gmt":"2026-04-23T18:06:41","slug":"smart-nutrition-glutamine-maracuya","status":"publish","type":"product","link":"https:\/\/perfectmass.net\/latam\/uncategorized\/smart-nutrition-glutamine-maracuya\/","title":{"rendered":"Glutamine Maracuya &#8211; Smart Nutrition"},"content":{"rendered":"<p><strong>Glutamine Maracuya &#8211; Smart Nutrition<\/strong><\/p>\n<p>Glutamine Maracuya<\/p>\n<p>L-Glutamina de alta pureza para apoyar la recuperaci\u00f3n muscular, el sistema inmune y la salud intestinal.<\/p>\n","protected":false},"excerpt":{"rendered":"<p>Recuperaci\u00f3n muscular<\/p>\n","protected":false},"featured_media":24715,"comment_status":"open","ping_status":"closed","template":"","meta":[],"etheme_brands":[{"term_id":2654,"name":"Smart Nutrition","slug":"smart-nutrition","term_group":0,"term_taxonomy_id":2654,"taxonomy":"brand","description":"<strong data-start=\"235\" data-end=\"260\">Smart Nutrition:<\/strong> es una marca reconocida por su compromiso con la calidad, la innovaci\u00f3n y el rendimiento dentro del mundo de la nutrici\u00f3n deportiva. Sus productos est\u00e1n desarrollados para ayudar a deportistas y personas activas a mejorar su recuperaci\u00f3n, aumentar su energ\u00eda y alcanzar sus objetivos de forma segura y efectiva. En PerfectMassNutrition\u00ae seleccionamos lo mejor de Smart Nutrition para ofrecerte suplementos confiables, con excelentes ingredientes y resultados comprobados, disponibles para toda Colombia y Latinoam\u00e9rica.","parent":0,"count":13,"filter":"raw"}],"product_brand":[2741],"product_cat":[],"product_tag":[1606],"class_list":{"0":"post-24714","1":"product","2":"type-product","3":"status-publish","4":"has-post-thumbnail","6":"brand-smart-nutrition","7":"product_brand-smart-nutrition","8":"product_tag-suplemento","10":"first","11":"instock","12":"sale","13":"taxable","14":"shipping-taxable","15":"purchasable","16":"product-type-variable","17":"has-default-attributes"},"_links":{"self":[{"href":"https:\/\/perfectmass.net\/latam\/wp-json\/wp\/v2\/product\/24714","targetHints":{"allow":["GET"]}}],"collection":[{"href":"https:\/\/perfectmass.net\/latam\/wp-json\/wp\/v2\/product"}],"about":[{"href":"https:\/\/perfectmass.net\/latam\/wp-json\/wp\/v2\/types\/product"}],"replies":[{"embeddable":true,"href":"https:\/\/perfectmass.net\/latam\/wp-json\/wp\/v2\/comments?post=24714"}],"version-history":[{"count":1,"href":"https:\/\/perfectmass.net\/latam\/wp-json\/wp\/v2\/product\/24714\/revisions"}],"predecessor-version":[{"id":29371,"href":"https:\/\/perfectmass.net\/latam\/wp-json\/wp\/v2\/product\/24714\/revisions\/29371"}],"wp:featuredmedia":[{"embeddable":true,"href":"https:\/\/perfectmass.net\/latam\/wp-json\/wp\/v2\/media\/24715"}],"wp:attachment":[{"href":"https:\/\/perfectmass.net\/latam\/wp-json\/wp\/v2\/media?parent=24714"}],"wp:term":[{"taxonomy":"brand","embeddable":true,"href":"https:\/\/perfectmass.net\/latam\/wp-json\/wp\/v2\/etheme_brands?post=24714"},{"taxonomy":"product_brand","embeddable":true,"href":"https:\/\/perfectmass.net\/latam\/wp-json\/wp\/v2\/product_brand?post=24714"},{"taxonomy":"product_cat","embeddable":true,"href":"https:\/\/perfectmass.net\/latam\/wp-json\/wp\/v2\/product_cat?post=24714"},{"taxonomy":"product_tag","embeddable":true,"href":"https:\/\/perfectmass.net\/latam\/wp-json\/wp\/v2\/product_tag?post=24714"}],"curies":[{"name":"wp","href":"https:\/\/api.w.org\/{rel}","templated":true}]}}