{"id":24699,"date":"2025-11-26T17:53:44","date_gmt":"2025-11-26T22:53:44","guid":{"rendered":"https:\/\/perfectmass.net\/uncategorized\/hidro-power-intra-entreno-gmn\/"},"modified":"2026-05-02T04:37:05","modified_gmt":"2026-05-02T09:37:05","slug":"hidro-power-intra-entreno-gmn","status":"publish","type":"product","link":"https:\/\/perfectmass.net\/latam\/nutricion\/entreno\/intra\/hidro-power-intra-entreno-gmn\/","title":{"rendered":"Hidro-Power &#8211; Intra-entreno GMN"},"content":{"rendered":"<h2>Hidro-Power &#8211; Intra-entreno GMN<\/h2>\n<p>F\u00f3rmula intra-entreno con carbohidratos, electrolitos y amino\u00e1cidos para mantener la energ\u00eda y el rendimiento durante el ejercicio.<\/p>\n<div id=\"attachment_15352\" style=\"width: 310px\" class=\"wp-caption alignnone\"><img fetchpriority=\"high\" decoding=\"async\" aria-describedby=\"caption-attachment-15352\" class=\"size-medium wp-image-15352\" src=\"https:\/\/perfectmass.net\/wp-content\/uploads\/2025\/11\/050bb9_1c6ac3bbc53c4dfc98ebe0d405e96851mv2-300x300.jpg\" alt=\"Hidro-Power - Intra-Entreno GMN\" width=\"300\" height=\"300\" title=\"\" srcset=\"https:\/\/perfectmass.net\/wp-content\/uploads\/2025\/11\/050bb9_1c6ac3bbc53c4dfc98ebe0d405e96851mv2-300x300.jpg 300w, https:\/\/perfectmass.net\/wp-content\/uploads\/2025\/11\/050bb9_1c6ac3bbc53c4dfc98ebe0d405e96851mv2-150x150.jpg 150w, https:\/\/perfectmass.net\/wp-content\/uploads\/2025\/11\/050bb9_1c6ac3bbc53c4dfc98ebe0d405e96851mv2-445x445.jpg 445w, https:\/\/perfectmass.net\/wp-content\/uploads\/2025\/11\/050bb9_1c6ac3bbc53c4dfc98ebe0d405e96851mv2-100x100.jpg 100w, https:\/\/perfectmass.net\/wp-content\/uploads\/2025\/11\/050bb9_1c6ac3bbc53c4dfc98ebe0d405e96851mv2-1x1.jpg 1w, https:\/\/perfectmass.net\/wp-content\/uploads\/2025\/11\/050bb9_1c6ac3bbc53c4dfc98ebe0d405e96851mv2-10x10.jpg 10w, https:\/\/perfectmass.net\/wp-content\/uploads\/2025\/11\/050bb9_1c6ac3bbc53c4dfc98ebe0d405e96851mv2.jpg 500w\" sizes=\"(max-width: 300px) 100vw, 300px\" \/><p id=\"caption-attachment-15352\" class=\"wp-caption-text\">Hidro-Power &#8211; Intra-Entreno <a href=\"https:\/\/gmn.com.co\/\" target=\"_blank\" rel=\"noopener\">GMN<\/a><\/p><\/div>\n<p>Visitar <a href=\"http:\/\/PerfectMass.net\" target=\"_blank\" rel=\"noopener\">PerfectMass.net<\/a><\/p>\n<p>&nbsp;<\/p>\n","protected":false},"excerpt":{"rendered":"<p>Bebida intra-entreno para mantener energ\u00eda y rendimiento.<\/p>\n","protected":false},"featured_media":24700,"comment_status":"open","ping_status":"closed","template":"","meta":[],"etheme_brands":[{"term_id":2548,"name":"GMN","slug":"gmn","term_group":0,"term_taxonomy_id":2548,"taxonomy":"brand","description":"<strong data-start=\"235\" data-end=\"260\">GMN Nutrition:<\/strong> es una marca reconocida por su compromiso con la calidad, la innovaci\u00f3n y el rendimiento dentro del mundo de la nutrici\u00f3n deportiva. Sus productos est\u00e1n desarrollados para ayudar a deportistas y personas activas a mejorar su recuperaci\u00f3n, aumentar su energ\u00eda y alcanzar sus objetivos de forma segura y efectiva. En PerfectMassNutrition\u00ae seleccionamos lo mejor de GMN Nutrition para ofrecerte suplementos confiables, con excelentes ingredientes y resultados comprobados, disponibles para toda Colombia y Latinoam\u00e9rica.","parent":0,"count":11,"filter":"raw"}],"product_brand":[2688],"product_cat":[3720],"product_tag":[1606],"class_list":{"0":"post-24699","1":"product","2":"type-product","3":"status-publish","4":"has-post-thumbnail","6":"brand-gmn","7":"product_brand-gmn","8":"product_cat-intra","9":"product_tag-suplemento","11":"first","12":"outofstock","13":"sale","14":"taxable","15":"shipping-taxable","16":"purchasable","17":"product-type-variable","18":"has-default-attributes"},"_links":{"self":[{"href":"https:\/\/perfectmass.net\/latam\/wp-json\/wp\/v2\/product\/24699","targetHints":{"allow":["GET"]}}],"collection":[{"href":"https:\/\/perfectmass.net\/latam\/wp-json\/wp\/v2\/product"}],"about":[{"href":"https:\/\/perfectmass.net\/latam\/wp-json\/wp\/v2\/types\/product"}],"replies":[{"embeddable":true,"href":"https:\/\/perfectmass.net\/latam\/wp-json\/wp\/v2\/comments?post=24699"}],"version-history":[{"count":1,"href":"https:\/\/perfectmass.net\/latam\/wp-json\/wp\/v2\/product\/24699\/revisions"}],"predecessor-version":[{"id":29361,"href":"https:\/\/perfectmass.net\/latam\/wp-json\/wp\/v2\/product\/24699\/revisions\/29361"}],"wp:featuredmedia":[{"embeddable":true,"href":"https:\/\/perfectmass.net\/latam\/wp-json\/wp\/v2\/media\/24700"}],"wp:attachment":[{"href":"https:\/\/perfectmass.net\/latam\/wp-json\/wp\/v2\/media?parent=24699"}],"wp:term":[{"taxonomy":"brand","embeddable":true,"href":"https:\/\/perfectmass.net\/latam\/wp-json\/wp\/v2\/etheme_brands?post=24699"},{"taxonomy":"product_brand","embeddable":true,"href":"https:\/\/perfectmass.net\/latam\/wp-json\/wp\/v2\/product_brand?post=24699"},{"taxonomy":"product_cat","embeddable":true,"href":"https:\/\/perfectmass.net\/latam\/wp-json\/wp\/v2\/product_cat?post=24699"},{"taxonomy":"product_tag","embeddable":true,"href":"https:\/\/perfectmass.net\/latam\/wp-json\/wp\/v2\/product_tag?post=24699"}],"curies":[{"name":"wp","href":"https:\/\/api.w.org\/{rel}","templated":true}]}}