{"id":24496,"date":"2025-11-26T17:53:56","date_gmt":"2025-11-26T22:53:56","guid":{"rendered":"https:\/\/perfectmass.net\/uncategorized\/psychotic-saw-pre-entreno-insane-labz\/"},"modified":"2026-04-23T13:06:07","modified_gmt":"2026-04-23T18:06:07","slug":"psychotic-saw-pre-entreno-insane-labz","status":"publish","type":"product","link":"https:\/\/perfectmass.net\/latam\/nutricion\/entreno\/pre\/psychotic-saw-pre-entreno-insane-labz\/","title":{"rendered":"Psychotic SAW- Pre-Entreno Insane Labz"},"content":{"rendered":"<h2>Psychotic SAW- Pre-Entreno Insane Labz<\/h2>\n<p>\u00bfQuieres jugar un juego? Psychotic SAW es el pre-entrenamiento m\u00e1s INCRE\u00cdBLE jam\u00e1s creado por el Qu\u00edmico Loco y su equipo en Insane Labz. \u00a1Han llenado su f\u00f3rmula de ingredientes que trabajan en conjunto para darte todo lo que necesitas para arrasar en el gimnasio! A continuaci\u00f3n, descubre cada ingrediente y qu\u00e9 hace que Psychotic SAW sea diferente a cualquier pre-entrenamiento que hayas probado.<\/p>\n<p>Contenido total de cafe\u00edna de todas las fuentes: 350 mg<\/p>\n<h3>Psychotic SAW- Pre-Entreno Insane Labz<\/h3>\n<p>Teacrina (como TeaCrine\u00ae)<br \/>\nLa teacrina es una sustancia qu\u00edmica natural similar a la cafe\u00edna. Se encuentra en varios tipos de t\u00e9 y caf\u00e9, as\u00ed como en las semillas de las especies de plantas Herrania y Theocrama. La teacrina se toma para combatir la fatiga, mejorar el rendimiento mental y, cuando se a\u00f1ade a los suplementos pre-entrenamiento, tambi\u00e9n para potenciar el rendimiento deportivo. Al igual que la cafe\u00edna, la teacrina estimula el sistema nervioso central, pero a diferencia de esta, no parece afectar la presi\u00f3n arterial. Las investigaciones sugieren que la teacrina tambi\u00e9n podr\u00eda disminuir el da\u00f1o hep\u00e1tico causado por el estr\u00e9s y reducir el dolor y la inflamaci\u00f3n.<\/p>\n<p>CognatiQ\u00ae<br \/>\nCognatiQ\u00ae es un extracto patentado del fruto del caf\u00e9 (Coffea Arabica) que ha demostrado cl\u00ednicamente aumentar el BDNF, o factor neurotr\u00f3fico derivado del cerebro. El BDNF desempe\u00f1a un papel vital en el desarrollo, el mantenimiento, la conexi\u00f3n y la protecci\u00f3n de las neuronas cerebrales. Los niveles bajos de BDNF se han asociado con diversos problemas de salud relacionados con el cerebro. Las investigaciones tambi\u00e9n han demostrado que CognatiQ aumenta la conectividad cerebral y mejora el rendimiento cognitivo diario. En estudios, CognatiQ demostr\u00f3 cambios neurofisiol\u00f3gicos en los participantes, incluyendo un aumento de la conectividad funcional en las regiones del cerebro involucradas en la atenci\u00f3n, la concentraci\u00f3n y la memoria de trabajo, mientras que otros compuestos de caf\u00e9, cafe\u00edna y polifenoles no mostraron cambios. Los resultados de este estudio sugieren que el perfil \u00fanico de polifenoles que se encuentra en el fruto del caf\u00e9 es responsable del aumento natural del BDNF.<\/p>\n<p>Bitartrato de DMAE<br \/>\nEs un compuesto (2-dimetilaminoetanol) utilizado en suplementos diet\u00e9ticos para favorecer la salud cognitiva. Puede influir en el estado de \u00e1nimo, mejorar la memoria y favorecer la funci\u00f3n cerebral. El DMAE tambi\u00e9n puede prevenir la acumulaci\u00f3n de beta-amiloide, que se ha relacionado con la p\u00e9rdida de memoria asociada a la edad. El DMAE es un precursor de la colina y la acetilcolina. Dentro de las c\u00e9lulas, la colina se convierte en fosfatidilcolina y se utiliza en la formaci\u00f3n y reparaci\u00f3n de las membranas celulares, especialmente en el cerebro.<\/p>\n<p>Beta-alanina<br \/>\nLa beta-alanina es uno de los amino\u00e1cidos m\u00e1s estudiados, dada su popularidad como suplemento pre-entrenamiento y ayuda para la resistencia en atletas. Es un componente de la carnosina, un dip\u00e9ptido. En resumen, la beta-alanina ayuda en la producci\u00f3n de carnosina. La carnosina es una mol\u00e9cula que se encuentra en altas concentraciones en el tejido muscular y es fundamental para aumentar la fuerza muscular y reducir la fatiga muscular. Las investigaciones sugieren que la beta-alanina tiene mayor probabilidad de ser beneficiosa para las fibras musculares de contracci\u00f3n r\u00e1pida, es decir, las que se utilizan durante los ejercicios anaer\u00f3bicos, que son intensos pero de corta duraci\u00f3n.<\/p>\n<p>OxyGold\u00ae<br \/>\nOxyGold\u00ae (\u00e1cido f\u00falvico) se considera el potenciador nutricional definitivo, con beneficios para la resistencia, la adaptaci\u00f3n muscular, la absorci\u00f3n de nutrientes, el equilibrio hormonal y la producci\u00f3n saludable de testosterona. Incorporar \u00e1cido f\u00falvico puede ser beneficioso para tu nutrici\u00f3n y rutina de entrenamiento. OxyGold\u00ae puede mejorar la biodisponibilidad de los dem\u00e1s ingredientes de Psychotic\u00ae, lo que te ayudar\u00e1 a superar los estancamientos en tu entrenamiento. El \u00e1cido f\u00falvico tambi\u00e9n puede contribuir a suministrar ox\u00edgeno directamente a los m\u00fasculos. Incluir \u00e1cido f\u00falvico en tu suplementaci\u00f3n ayudar\u00e1 a reducir la acumulaci\u00f3n de CO2 y \u00e1cido l\u00e1ctico, lo que se traduce en un periodo de recuperaci\u00f3n m\u00e1s corto y una mayor resistencia. Esto hace que el \u00e1cido f\u00falvico sea ideal para el entrenamiento y las actividades deportivas de alto nivel.<\/p>\n<p>AMPiberry\u00ae<br \/>\nAMPiberry\u00ae (Juniperus communis (baya)) &#8211; AMPiberry\u00ae es un ingrediente natural que ha demostrado mejorar los niveles de energ\u00eda y la concentraci\u00f3n durante los entrenamientos. Act\u00faa aumentando la absorci\u00f3n de otros ingredientes de la f\u00f3rmula pre-entrenamiento y reduciendo su metabolismo. Esto resulta en un entrenamiento m\u00e1s duradero y efectivo. Insane Labz ha registrado la marca. El uso de AMPiberry\u00ae en sus productos pre-entrenamiento. Esto significa que ninguna otra marca puede usar este ingrediente en sus f\u00f3rmulas, lo que garantiza que los clientes de Insane Labz obtengan un producto \u00fanico y eficaz. Los ingredientes de Psychotic\u00ae act\u00faan en conjunto para aumentar la resistencia, as\u00ed como para mejorar la fuerza y \u200b\u200bla concentraci\u00f3n mental durante los entrenamientos. Si buscas un pre-entrenamiento con respaldo cient\u00edfico y que contenga ingredientes \u00fanicos y eficaces, Insane Labz es la opci\u00f3n ideal. Nuestro uso de AMPiberry\u00ae nos distingue de otras marcas y garantiza que obtendr\u00e1s el m\u00e1ximo provecho de tu entrenamiento.<\/p>\n<div id=\"attachment_22294\" style=\"width: 310px\" class=\"wp-caption alignnone\"><img fetchpriority=\"high\" decoding=\"async\" aria-describedby=\"caption-attachment-22294\" class=\"size-medium wp-image-22294\" src=\"https:\/\/perfectmass.net\/wp-content\/uploads\/2025\/11\/Psychotic-SAW-Blood-Orange-Front-300x300.webp\" alt=\"Psychotic SAW- Pre-Entreno Insane Labz\" width=\"300\" height=\"300\" title=\"\" srcset=\"https:\/\/perfectmass.net\/wp-content\/uploads\/2025\/11\/Psychotic-SAW-Blood-Orange-Front-300x300.webp 300w, https:\/\/perfectmass.net\/wp-content\/uploads\/2025\/11\/Psychotic-SAW-Blood-Orange-Front-150x150.webp 150w, https:\/\/perfectmass.net\/wp-content\/uploads\/2025\/11\/Psychotic-SAW-Blood-Orange-Front-445x445.webp 445w, https:\/\/perfectmass.net\/wp-content\/uploads\/2025\/11\/Psychotic-SAW-Blood-Orange-Front-100x100.webp 100w, https:\/\/perfectmass.net\/wp-content\/uploads\/2025\/11\/Psychotic-SAW-Blood-Orange-Front-1x1.webp 1w, https:\/\/perfectmass.net\/wp-content\/uploads\/2025\/11\/Psychotic-SAW-Blood-Orange-Front-10x10.webp 10w, https:\/\/perfectmass.net\/wp-content\/uploads\/2025\/11\/Psychotic-SAW-Blood-Orange-Front.webp 600w\" sizes=\"(max-width: 300px) 100vw, 300px\" \/><p id=\"caption-attachment-22294\" class=\"wp-caption-text\">Psychotic SAW- Pre-Entreno <a href=\"https:\/\/insanelabz.com\/\" target=\"_blank\" rel=\"noopener\">Insane Labz<\/a><\/p><\/div>\n<p>Visitar <a href=\"http:\/\/PerfectMass.net\" target=\"_blank\" rel=\"noopener\">PerfectMass.net<\/a><\/p>\n","protected":false},"excerpt":{"rendered":"<p>Energ\u00eda y enfoque para entrenar al m\u00e1ximo.<\/p>\n","protected":false},"featured_media":24498,"comment_status":"open","ping_status":"closed","template":"","meta":[],"etheme_brands":[{"term_id":2577,"name":"Insane Labz","slug":"insane-labz","term_group":0,"term_taxonomy_id":2577,"taxonomy":"brand","description":"<strong data-start=\"235\" data-end=\"260\">Insane Labz:<\/strong> es una marca reconocida por su compromiso con la calidad, la innovaci\u00f3n y el rendimiento dentro del mundo de la nutrici\u00f3n deportiva. Sus productos est\u00e1n desarrollados para ayudar a deportistas y personas activas a mejorar su recuperaci\u00f3n, aumentar su energ\u00eda y alcanzar sus objetivos de forma segura y efectiva. En PerfectMassNutrition\u00ae seleccionamos lo mejor de Insane Labz para ofrecerte suplementos confiables, con excelentes ingredientes y resultados comprobados, disponibles para toda Colombia y Latinoam\u00e9rica.","parent":0,"count":32,"filter":"raw"}],"product_brand":[2761],"product_cat":[1594,1595,1596,1597,1598],"product_tag":[1599],"class_list":{"0":"post-24496","1":"product","2":"type-product","3":"status-publish","4":"has-post-thumbnail","6":"brand-insane-labz","7":"product_brand-insane-labz","8":"product_cat-mas-vendidos","9":"product_cat-novedades","10":"product_cat-ofertas","11":"product_cat-pre","12":"product_cat-entreno","13":"product_tag-pre-entreno","15":"first","16":"instock","17":"sale","18":"taxable","19":"shipping-taxable","20":"purchasable","21":"product-type-variable","22":"has-default-attributes"},"_links":{"self":[{"href":"https:\/\/perfectmass.net\/latam\/wp-json\/wp\/v2\/product\/24496","targetHints":{"allow":["GET"]}}],"collection":[{"href":"https:\/\/perfectmass.net\/latam\/wp-json\/wp\/v2\/product"}],"about":[{"href":"https:\/\/perfectmass.net\/latam\/wp-json\/wp\/v2\/types\/product"}],"replies":[{"embeddable":true,"href":"https:\/\/perfectmass.net\/latam\/wp-json\/wp\/v2\/comments?post=24496"}],"version-history":[{"count":1,"href":"https:\/\/perfectmass.net\/latam\/wp-json\/wp\/v2\/product\/24496\/revisions"}],"predecessor-version":[{"id":29225,"href":"https:\/\/perfectmass.net\/latam\/wp-json\/wp\/v2\/product\/24496\/revisions\/29225"}],"wp:featuredmedia":[{"embeddable":true,"href":"https:\/\/perfectmass.net\/latam\/wp-json\/wp\/v2\/media\/24498"}],"wp:attachment":[{"href":"https:\/\/perfectmass.net\/latam\/wp-json\/wp\/v2\/media?parent=24496"}],"wp:term":[{"taxonomy":"brand","embeddable":true,"href":"https:\/\/perfectmass.net\/latam\/wp-json\/wp\/v2\/etheme_brands?post=24496"},{"taxonomy":"product_brand","embeddable":true,"href":"https:\/\/perfectmass.net\/latam\/wp-json\/wp\/v2\/product_brand?post=24496"},{"taxonomy":"product_cat","embeddable":true,"href":"https:\/\/perfectmass.net\/latam\/wp-json\/wp\/v2\/product_cat?post=24496"},{"taxonomy":"product_tag","embeddable":true,"href":"https:\/\/perfectmass.net\/latam\/wp-json\/wp\/v2\/product_tag?post=24496"}],"curies":[{"name":"wp","href":"https:\/\/api.w.org\/{rel}","templated":true}]}}