{"id":24441,"date":"2025-11-26T17:53:57","date_gmt":"2025-11-26T22:53:57","guid":{"rendered":"https:\/\/perfectmass.net\/uncategorized\/universal-animal-fury\/"},"modified":"2026-05-02T04:36:05","modified_gmt":"2026-05-02T09:36:05","slug":"universal-animal-fury","status":"publish","type":"product","link":"https:\/\/perfectmass.net\/latam\/nutricion\/entreno\/pre\/universal-animal-fury\/","title":{"rendered":"Animal Fury &#8211; Pre-Entreno Universal"},"content":{"rendered":"<p><strong>Animal Fury &#8211; Pre-Entreno Universal<\/strong><\/p>\n<p>Animal Fury &#8211; Pre-Entreno Universal<\/p>\n<p>F\u00f3rmula pre-entreno dise\u00f1ada para mejorar el rendimiento, la energ\u00eda y el enfoque durante los entrenamientos m\u00e1s exigentes.<\/p>\n","protected":false},"excerpt":{"rendered":"<p>Pre-entreno para potenciar energ\u00eda, fuerza y concentraci\u00f3n.<\/p>\n","protected":false},"featured_media":24443,"comment_status":"open","ping_status":"closed","template":"","meta":[],"etheme_brands":[{"term_id":2642,"name":"Universal","slug":"universal","term_group":0,"term_taxonomy_id":2642,"taxonomy":"brand","description":"","parent":0,"count":7,"filter":"raw"}],"product_brand":[2755],"product_cat":[3717],"product_tag":[1606],"class_list":{"0":"post-24441","1":"product","2":"type-product","3":"status-publish","4":"has-post-thumbnail","6":"brand-universal","7":"product_brand-universal","8":"product_cat-pre","9":"product_tag-suplemento","11":"first","12":"instock","13":"sale","14":"taxable","15":"shipping-taxable","16":"purchasable","17":"product-type-variable","18":"has-default-attributes"},"_links":{"self":[{"href":"https:\/\/perfectmass.net\/latam\/wp-json\/wp\/v2\/product\/24441","targetHints":{"allow":["GET"]}}],"collection":[{"href":"https:\/\/perfectmass.net\/latam\/wp-json\/wp\/v2\/product"}],"about":[{"href":"https:\/\/perfectmass.net\/latam\/wp-json\/wp\/v2\/types\/product"}],"replies":[{"embeddable":true,"href":"https:\/\/perfectmass.net\/latam\/wp-json\/wp\/v2\/comments?post=24441"}],"version-history":[{"count":1,"href":"https:\/\/perfectmass.net\/latam\/wp-json\/wp\/v2\/product\/24441\/revisions"}],"predecessor-version":[{"id":29201,"href":"https:\/\/perfectmass.net\/latam\/wp-json\/wp\/v2\/product\/24441\/revisions\/29201"}],"wp:featuredmedia":[{"embeddable":true,"href":"https:\/\/perfectmass.net\/latam\/wp-json\/wp\/v2\/media\/24443"}],"wp:attachment":[{"href":"https:\/\/perfectmass.net\/latam\/wp-json\/wp\/v2\/media?parent=24441"}],"wp:term":[{"taxonomy":"brand","embeddable":true,"href":"https:\/\/perfectmass.net\/latam\/wp-json\/wp\/v2\/etheme_brands?post=24441"},{"taxonomy":"product_brand","embeddable":true,"href":"https:\/\/perfectmass.net\/latam\/wp-json\/wp\/v2\/product_brand?post=24441"},{"taxonomy":"product_cat","embeddable":true,"href":"https:\/\/perfectmass.net\/latam\/wp-json\/wp\/v2\/product_cat?post=24441"},{"taxonomy":"product_tag","embeddable":true,"href":"https:\/\/perfectmass.net\/latam\/wp-json\/wp\/v2\/product_tag?post=24441"}],"curies":[{"name":"wp","href":"https:\/\/api.w.org\/{rel}","templated":true}]}}