{"id":24382,"date":"2025-11-26T17:53:58","date_gmt":"2025-11-26T22:53:58","guid":{"rendered":"https:\/\/perfectmass.net\/uncategorized\/creatina-monohidratada-insane-labz\/"},"modified":"2026-05-02T04:35:45","modified_gmt":"2026-05-02T09:35:45","slug":"creatina-monohidratada-insane-labz","status":"publish","type":"product","link":"https:\/\/perfectmass.net\/latam\/nutricion\/creatina\/monohidratada\/creatina-monohidratada-insane-labz\/","title":{"rendered":"Creatina Monohidratada &#8211; Insane Labz"},"content":{"rendered":"<h2>Creatina Monohidratada &#8211; Insane Labz<\/h2>\n<ul>\n<li>5 g de monohidrato de creatina pura por porci\u00f3n<\/li>\n<li>Favorece el aumento de energ\u00eda, resistencia y recuperaci\u00f3n<\/li>\n<li>M\u00e1xima potencia: favorece el tama\u00f1o, la fuerza y \u200b\u200bla potencia muscular<\/li>\n<li>Absorci\u00f3n suprema: micronizada para aprovechar al m\u00e1ximo cada dosis<\/li>\n<li>Sin sabor: se puede mezclar f\u00e1cilmente con tu bebida favorita<\/li>\n<\/ul>\n<p>Todos saben que la creatina produce mayores ganancias de tama\u00f1o y fuerza en el gimnasio. El cuerpo utiliza la creatina para producir ATP (adenos\u00edn trifosfato), que es la energ\u00eda que utilizan todas las c\u00e9lulas. Al entrenar y contraer los m\u00fasculos, el cuerpo utiliza ATP. Con Insane Creatine, podr\u00e1s levantar m\u00e1s peso en cada entrenamiento y recuperarte m\u00e1s r\u00e1pido entre series.<\/p>\n<h3>Creatina Monohidratada &#8211; Insane Labz<\/h3>\n<p>La creatina se almacena en los m\u00fasculos y hace que absorban m\u00e1s agua (volumen celular), lo que produce ganancias r\u00e1pidas de tama\u00f1o. La creatina tambi\u00e9n puede alterar m\u00faltiples v\u00edas celulares al aumentar la formaci\u00f3n de prote\u00ednas que forman nuevas fibras musculares. Los estudios tambi\u00e9n han demostrado que la creatina aumenta los niveles de IGF-1, que tiene efectos anab\u00f3licos. El IGF-1 se utiliza para tratar a personas con retraso en el crecimiento.<\/p>\n<p>Adem\u00e1s, algunas investigaciones sugieren que la creatina podr\u00eda inhibir los niveles de miostina, conocida por su efecto inhibidor del crecimiento muscular. Esto convierte a la creatina en uno de los suplementos m\u00e1s eficaces y potentes disponibles para aumentar la masa muscular y la fuerza.<\/p>\n<p>Generalmente se recomienda tomar de 3 a 5 gramos de monohidrato de creatina al d\u00eda, con agua o una bebida rica en carbohidratos como el zumo de uva, para mejorar su absorci\u00f3n.<\/p>\n<p>Algunas personas prefieren tomar creatina en una fase de carga, con una dosis mayor (normalmente 20 gramos) durante los primeros 5 a 7 d\u00edas, seguida de una dosis de mantenimiento de 3 a 5 gramos al d\u00eda. Es importante mantenerse bien hidratado al tomar creatina, ya que la falta de l\u00edquidos puede provocar deshidrataci\u00f3n.<\/p>\n<div id=\"attachment_15508\" style=\"width: 310px\" class=\"wp-caption alignnone\"><img fetchpriority=\"high\" decoding=\"async\" aria-describedby=\"caption-attachment-15508\" class=\"size-medium wp-image-15508\" src=\"https:\/\/perfectmass.net\/wp-content\/uploads\/2025\/11\/Insane-Labz-Asylum-Cabinet-Creatine-Monohydrate-Render-Website-Image__45029-300x300.jpg\" alt=\"Creatina Monohidratada - Insane Labz\" width=\"300\" height=\"300\" title=\"\" srcset=\"https:\/\/perfectmass.net\/wp-content\/uploads\/2025\/11\/Insane-Labz-Asylum-Cabinet-Creatine-Monohydrate-Render-Website-Image__45029-300x300.jpg 300w, https:\/\/perfectmass.net\/wp-content\/uploads\/2025\/11\/Insane-Labz-Asylum-Cabinet-Creatine-Monohydrate-Render-Website-Image__45029-150x150.jpg 150w, https:\/\/perfectmass.net\/wp-content\/uploads\/2025\/11\/Insane-Labz-Asylum-Cabinet-Creatine-Monohydrate-Render-Website-Image__45029-445x445.jpg 445w, https:\/\/perfectmass.net\/wp-content\/uploads\/2025\/11\/Insane-Labz-Asylum-Cabinet-Creatine-Monohydrate-Render-Website-Image__45029-100x100.jpg 100w, https:\/\/perfectmass.net\/wp-content\/uploads\/2025\/11\/Insane-Labz-Asylum-Cabinet-Creatine-Monohydrate-Render-Website-Image__45029-1x1.jpg 1w, https:\/\/perfectmass.net\/wp-content\/uploads\/2025\/11\/Insane-Labz-Asylum-Cabinet-Creatine-Monohydrate-Render-Website-Image__45029-10x10.jpg 10w, https:\/\/perfectmass.net\/wp-content\/uploads\/2025\/11\/Insane-Labz-Asylum-Cabinet-Creatine-Monohydrate-Render-Website-Image__45029.jpg 600w\" sizes=\"(max-width: 300px) 100vw, 300px\" \/><p id=\"caption-attachment-15508\" class=\"wp-caption-text\">Creatina Monohidratada &#8211; <a href=\"https:\/\/insanelabz.com\/\" target=\"_blank\" rel=\"noopener\">Insane Labz<\/a><\/p><\/div>\n<p>Visitar <a href=\"http:\/\/PerfectMass.net\" target=\"_blank\" rel=\"noopener\">PerfectMass.net<\/a><\/p>\n","protected":false},"excerpt":{"rendered":"<p>Creatina de alta pureza para fuerza y rendimiento.<\/p>\n","protected":false},"featured_media":24383,"comment_status":"open","ping_status":"closed","template":"","meta":[],"etheme_brands":[{"term_id":2577,"name":"Insane Labz","slug":"insane-labz","term_group":0,"term_taxonomy_id":2577,"taxonomy":"brand","description":"<strong data-start=\"235\" data-end=\"260\">Insane Labz:<\/strong> es una marca reconocida por su compromiso con la calidad, la innovaci\u00f3n y el rendimiento dentro del mundo de la nutrici\u00f3n deportiva. Sus productos est\u00e1n desarrollados para ayudar a deportistas y personas activas a mejorar su recuperaci\u00f3n, aumentar su energ\u00eda y alcanzar sus objetivos de forma segura y efectiva. En PerfectMassNutrition\u00ae seleccionamos lo mejor de Insane Labz para ofrecerte suplementos confiables, con excelentes ingredientes y resultados comprobados, disponibles para toda Colombia y Latinoam\u00e9rica.","parent":0,"count":32,"filter":"raw"}],"product_brand":[2761],"product_cat":[3691],"product_tag":[1620],"class_list":{"0":"post-24382","1":"product","2":"type-product","3":"status-publish","4":"has-post-thumbnail","6":"brand-insane-labz","7":"product_brand-insane-labz","8":"product_cat-monohidratada","9":"product_tag-fuerza","11":"first","12":"instock","13":"sale","14":"taxable","15":"shipping-taxable","16":"purchasable","17":"product-type-variable","18":"has-default-attributes"},"_links":{"self":[{"href":"https:\/\/perfectmass.net\/latam\/wp-json\/wp\/v2\/product\/24382","targetHints":{"allow":["GET"]}}],"collection":[{"href":"https:\/\/perfectmass.net\/latam\/wp-json\/wp\/v2\/product"}],"about":[{"href":"https:\/\/perfectmass.net\/latam\/wp-json\/wp\/v2\/types\/product"}],"replies":[{"embeddable":true,"href":"https:\/\/perfectmass.net\/latam\/wp-json\/wp\/v2\/comments?post=24382"}],"version-history":[{"count":1,"href":"https:\/\/perfectmass.net\/latam\/wp-json\/wp\/v2\/product\/24382\/revisions"}],"predecessor-version":[{"id":29151,"href":"https:\/\/perfectmass.net\/latam\/wp-json\/wp\/v2\/product\/24382\/revisions\/29151"}],"wp:featuredmedia":[{"embeddable":true,"href":"https:\/\/perfectmass.net\/latam\/wp-json\/wp\/v2\/media\/24383"}],"wp:attachment":[{"href":"https:\/\/perfectmass.net\/latam\/wp-json\/wp\/v2\/media?parent=24382"}],"wp:term":[{"taxonomy":"brand","embeddable":true,"href":"https:\/\/perfectmass.net\/latam\/wp-json\/wp\/v2\/etheme_brands?post=24382"},{"taxonomy":"product_brand","embeddable":true,"href":"https:\/\/perfectmass.net\/latam\/wp-json\/wp\/v2\/product_brand?post=24382"},{"taxonomy":"product_cat","embeddable":true,"href":"https:\/\/perfectmass.net\/latam\/wp-json\/wp\/v2\/product_cat?post=24382"},{"taxonomy":"product_tag","embeddable":true,"href":"https:\/\/perfectmass.net\/latam\/wp-json\/wp\/v2\/product_tag?post=24382"}],"curies":[{"name":"wp","href":"https:\/\/api.w.org\/{rel}","templated":true}]}}