{"id":24348,"date":"2025-11-26T17:53:59","date_gmt":"2025-11-26T22:53:59","guid":{"rendered":"https:\/\/perfectmass.net\/uncategorized\/hi-tech-milk-thistle\/"},"modified":"2026-05-02T04:35:33","modified_gmt":"2026-05-02T09:35:33","slug":"hi-tech-milk-thistle","status":"publish","type":"product","link":"https:\/\/perfectmass.net\/latam\/nutricion\/salud\/hi-tech-milk-thistle\/","title":{"rendered":"Milk Thistle &#8211; Salud Hep\u00e1tica Hi-Tech"},"content":{"rendered":"<p><strong>Milk Thistle &#8211; Salud Hep\u00e1tica Hi-Tech<\/strong><\/p>\n<p>Milk Thistle &#8211; Salud Hep\u00e1tica Hi-Tech<\/p>\n<p>F\u00f3rmula de soporte hep\u00e1tico y protecci\u00f3n de \u00f3rganos dise\u00f1ada para deportistas que someten su cuerpo a entrenamientos intensos o ciclos de suplementaci\u00f3n.<\/p>\n","protected":false},"excerpt":{"rendered":"<p>Protector hep\u00e1tico y soporte de \u00f3rganos para deportistas.<\/p>\n","protected":false},"featured_media":24349,"comment_status":"open","ping_status":"closed","template":"","meta":[],"etheme_brands":[{"term_id":2568,"name":"Hi-Tech","slug":"hi-tech","term_group":0,"term_taxonomy_id":2568,"taxonomy":"brand","description":"<strong data-start=\"235\" data-end=\"260\">Hi-Tech:<\/strong> es una marca reconocida por su compromiso con la calidad, la innovaci\u00f3n y el rendimiento dentro del mundo de la nutrici\u00f3n deportiva. Sus productos est\u00e1n desarrollados para ayudar a deportistas y personas activas a mejorar su recuperaci\u00f3n, aumentar su energ\u00eda y alcanzar sus objetivos de forma segura y efectiva. En PerfectMassNutrition\u00ae seleccionamos lo mejor de Hi-Tech para ofrecerte suplementos confiables, con excelentes ingredientes y resultados comprobados, disponibles para toda Colombia y Latinoam\u00e9rica.","parent":0,"count":18,"filter":"raw"}],"product_brand":[2785],"product_cat":[3684],"product_tag":[1606],"class_list":{"0":"post-24348","1":"product","2":"type-product","3":"status-publish","4":"has-post-thumbnail","6":"brand-hi-tech","7":"product_brand-hi-tech","8":"product_cat-salud","9":"product_tag-suplemento","11":"first","12":"instock","13":"sale","14":"taxable","15":"shipping-taxable","16":"purchasable","17":"product-type-variable","18":"has-default-attributes"},"_links":{"self":[{"href":"https:\/\/perfectmass.net\/latam\/wp-json\/wp\/v2\/product\/24348","targetHints":{"allow":["GET"]}}],"collection":[{"href":"https:\/\/perfectmass.net\/latam\/wp-json\/wp\/v2\/product"}],"about":[{"href":"https:\/\/perfectmass.net\/latam\/wp-json\/wp\/v2\/types\/product"}],"replies":[{"embeddable":true,"href":"https:\/\/perfectmass.net\/latam\/wp-json\/wp\/v2\/comments?post=24348"}],"version-history":[{"count":1,"href":"https:\/\/perfectmass.net\/latam\/wp-json\/wp\/v2\/product\/24348\/revisions"}],"predecessor-version":[{"id":29133,"href":"https:\/\/perfectmass.net\/latam\/wp-json\/wp\/v2\/product\/24348\/revisions\/29133"}],"wp:featuredmedia":[{"embeddable":true,"href":"https:\/\/perfectmass.net\/latam\/wp-json\/wp\/v2\/media\/24349"}],"wp:attachment":[{"href":"https:\/\/perfectmass.net\/latam\/wp-json\/wp\/v2\/media?parent=24348"}],"wp:term":[{"taxonomy":"brand","embeddable":true,"href":"https:\/\/perfectmass.net\/latam\/wp-json\/wp\/v2\/etheme_brands?post=24348"},{"taxonomy":"product_brand","embeddable":true,"href":"https:\/\/perfectmass.net\/latam\/wp-json\/wp\/v2\/product_brand?post=24348"},{"taxonomy":"product_cat","embeddable":true,"href":"https:\/\/perfectmass.net\/latam\/wp-json\/wp\/v2\/product_cat?post=24348"},{"taxonomy":"product_tag","embeddable":true,"href":"https:\/\/perfectmass.net\/latam\/wp-json\/wp\/v2\/product_tag?post=24348"}],"curies":[{"name":"wp","href":"https:\/\/api.w.org\/{rel}","templated":true}]}}