{"id":24332,"date":"2025-11-26T17:54:08","date_gmt":"2025-11-26T22:54:08","guid":{"rendered":"https:\/\/perfectmass.net\/uncategorized\/universal-100-beef-aminos\/"},"modified":"2026-05-02T04:35:28","modified_gmt":"2026-05-02T09:35:28","slug":"universal-100-beef-aminos","status":"publish","type":"product","link":"https:\/\/perfectmass.net\/latam\/nutricion\/aminos\/universal-100-beef-aminos\/","title":{"rendered":"100% Beef Aminos &#8211; Universal"},"content":{"rendered":"<p>UNIVERSAL 100% BEEF AMINOS proporciona amino\u00e1cidos esenciales para prevenir el catabolismo muscular y mejorar la recuperaci\u00f3n. Ideal para tomar durante o despu\u00e9s del entrenamiento. Presentaci\u00f3n: 400 TABLETAS.<\/p>\n","protected":false},"excerpt":{"rendered":"<p>Amino\u00e1cidos esenciales<\/p>\n","protected":false},"featured_media":24334,"comment_status":"open","ping_status":"closed","template":"","meta":[],"etheme_brands":[{"term_id":2642,"name":"Universal","slug":"universal","term_group":0,"term_taxonomy_id":2642,"taxonomy":"brand","description":"","parent":0,"count":7,"filter":"raw"}],"product_brand":[2755],"product_cat":[3679],"product_tag":[1606],"class_list":{"0":"post-24332","1":"product","2":"type-product","3":"status-publish","4":"has-post-thumbnail","6":"brand-universal","7":"product_brand-universal","8":"product_cat-aminos","9":"product_tag-suplemento","11":"first","12":"instock","13":"sale","14":"taxable","15":"shipping-taxable","16":"purchasable","17":"product-type-variable","18":"has-default-attributes"},"_links":{"self":[{"href":"https:\/\/perfectmass.net\/latam\/wp-json\/wp\/v2\/product\/24332","targetHints":{"allow":["GET"]}}],"collection":[{"href":"https:\/\/perfectmass.net\/latam\/wp-json\/wp\/v2\/product"}],"about":[{"href":"https:\/\/perfectmass.net\/latam\/wp-json\/wp\/v2\/types\/product"}],"replies":[{"embeddable":true,"href":"https:\/\/perfectmass.net\/latam\/wp-json\/wp\/v2\/comments?post=24332"}],"version-history":[{"count":1,"href":"https:\/\/perfectmass.net\/latam\/wp-json\/wp\/v2\/product\/24332\/revisions"}],"predecessor-version":[{"id":29125,"href":"https:\/\/perfectmass.net\/latam\/wp-json\/wp\/v2\/product\/24332\/revisions\/29125"}],"wp:featuredmedia":[{"embeddable":true,"href":"https:\/\/perfectmass.net\/latam\/wp-json\/wp\/v2\/media\/24334"}],"wp:attachment":[{"href":"https:\/\/perfectmass.net\/latam\/wp-json\/wp\/v2\/media?parent=24332"}],"wp:term":[{"taxonomy":"brand","embeddable":true,"href":"https:\/\/perfectmass.net\/latam\/wp-json\/wp\/v2\/etheme_brands?post=24332"},{"taxonomy":"product_brand","embeddable":true,"href":"https:\/\/perfectmass.net\/latam\/wp-json\/wp\/v2\/product_brand?post=24332"},{"taxonomy":"product_cat","embeddable":true,"href":"https:\/\/perfectmass.net\/latam\/wp-json\/wp\/v2\/product_cat?post=24332"},{"taxonomy":"product_tag","embeddable":true,"href":"https:\/\/perfectmass.net\/latam\/wp-json\/wp\/v2\/product_tag?post=24332"}],"curies":[{"name":"wp","href":"https:\/\/api.w.org\/{rel}","templated":true}]}}